{"id":907,"date":"2023-09-27T08:44:24","date_gmt":"2023-09-27T11:44:24","guid":{"rendered":"https:\/\/webmedia.org.br\/2023\/?page_id=907"},"modified":"2023-09-27T08:44:25","modified_gmt":"2023-09-27T11:44:25","slug":"hospedagem","status":"publish","type":"page","link":"https:\/\/webmedia.org.br\/2023\/hospedagem\/","title":{"rendered":"Hospedagem"},"content":{"rendered":"\n<p>A organiza\u00e7\u00e3o do evento est\u00e1 negociando tarifas com os 3 hot\u00e9is descritos abaixo (mencione o WebMedia&#8217;23). Existe ainda possibilidade de haver transfer hotel-evento-hotel (a confirmar).<\/p>\n\n\n\n<h4 class=\"wp-block-heading\">Hotel JF Nova alian\u00e7a<\/h4>\n\n\n\n<p>178,00 Reais (quarto solteiro) | 198,00 Reais (quarto duplo) | Caf\u00e9 da manha incluso.<\/p>\n\n\n\n<p><strong>Endere\u00e7o:<\/strong> Av. Braz Olaia Acosta, 1940 &#8211; Jardim Nova Alianca Sul, Ribeir\u00e3o Preto &#8211; SP, 14026-040<br><strong>Telefone:<\/strong> 01632372818<br><strong>Web site:<\/strong> <a rel=\"noreferrer noopener\" href=\"http:\/\/www.jfnovaalianca.com.br\/\" target=\"_blank\">http:\/\/www.jfnovaalianca.com.br\/<\/a><br><strong>Plus code (mapa: copie e cole no navegador):<\/strong> Q5MG+93 Jardim Nova Alianca Sul, Ribeir\u00e3o Preto &#8211; State of S\u00e3o Paulo (<a rel=\"noreferrer noopener\" href=\"https:\/\/x.gd\/W2gWp\" target=\"_blank\">https:\/\/x.gd\/W2gWp<\/a>)<\/p>\n\n\n\n<h4 class=\"wp-block-heading\">Hotel Tryp by Wyndham<\/h4>\n\n\n\n<p>300,00 Reais + 4% de iof (quarto simples) | 360,00 Reais + 4% de iof (quarto casal) | Caf\u00e9 da manh\u00e3 incluso.<\/p>\n\n\n\n<p><strong>Endere\u00e7o:<\/strong> Av. Dr. Jos\u00e9 Ces\u00e1rio Monteiro da Silva, 150 &#8211; Jardim Nova Alianca, Ribeir\u00e3o Preto &#8211; SP, 14026-600<br><strong>Telefone:<\/strong> 01635126130<br><strong>Web site:<\/strong> <a href=\"https:\/\/x.gd\/mJSXT\" target=\"_blank\" rel=\"noreferrer noopener\">https:\/\/x.gd\/mJSXT<\/a><br><strong>Como chegar:<\/strong> <a href=\"https:\/\/x.gd\/mCmaA\" target=\"_blank\" rel=\"noreferrer noopener\">https:\/\/x.gd\/mCmaA<\/a><\/p>\n\n\n\n<h4 class=\"wp-block-heading\">Hotel Ibis Ribeir\u00e3o Preto Vila do Golf (Em frente ao Shopping Iguatemi)<\/h4>\n\n\n\n<p>273,00 Reais + 4% de iof (quarto simples) | Caf\u00e9 da manh\u00e3 incluso<\/p>\n\n\n\n<p><strong>Endere\u00e7o:<\/strong> Av. Luiz Eduardo, Av. Luiz Eduardo Toledo Prado, 780, Ribeir\u00e3o Preto &#8211; SP, 14027-250<br><strong>Telefone:<\/strong> (16) 3600-8999<br><strong>Web site:<\/strong> <a rel=\"noreferrer noopener\" href=\"https:\/\/x.gd\/4uuWT\" target=\"_blank\">https:\/\/x.gd\/4uuWT<\/a><br><strong>Plus code (mapa: copie e cole no navegador):<\/strong> Q5G7+FM Ribeir\u00e3o Preto, State of S\u00e3o Paulo (<a href=\"https:\/\/x.gd\/IDAyQ\">https:\/\/x.gd\/IDAyQ<\/a>)<\/p>\n\n\n\n<h4 class=\"wp-block-heading\">Outra possibilidade de hospedagem recomendada:<\/h4>\n\n\n\n<h4 class=\"wp-block-heading\">Hotel Pousada Santa Rita<\/h4>\n\n\n\n<p>A pousada fica pr\u00f3xima \u00e0 Portaria I (caf\u00e9) da USP e a 20 minutos de caminhada do local do evento (Faculdade de Dierito &#8211; FDRP). Oferece caf\u00e9 da manh\u00e3 e refei\u00e7\u00f5es. No entorno existem v\u00e1rias op\u00e7\u00f5es para refei\u00e7\u00f5es.<\/p>\n\n\n\n<p><strong>Endere\u00e7o:<\/strong> Av. do Caf\u00e9, 2295 &#8211; Vila Amelia, Ribeir\u00e3o Preto &#8211; SP, 14050-230.<br><strong>Telefone:<\/strong> (Whatsapp) (16) 98163-7700<br><strong>Web site:<\/strong> <a rel=\"noreferrer noopener\" href=\"http:\/\/hotelpousadasantarita.com.br\/\" target=\"_blank\">http:\/\/hotelpousadasantarita.com.br\/<\/a><br><strong>Mapa: <\/strong><a rel=\"noreferrer noopener\" href=\"https:\/\/x.gd\/80fOU\" target=\"_blank\">https:\/\/x.gd\/80fOU<\/a><\/p>\n","protected":false},"excerpt":{"rendered":"<p>A organiza\u00e7\u00e3o do evento est\u00e1 negociando tarifas com os 3 hot\u00e9is descritos abaixo (mencione o WebMedia&#8217;23). Existe ainda possibilidade de haver transfer [&hellip;]<\/p>\n","protected":false},"author":1,"featured_media":0,"parent":0,"menu_order":0,"comment_status":"closed","ping_status":"closed","template":"page-templates\/page_fullwidth.php","meta":{"footnotes":""},"class_list":["post-907","page","type-page","status-publish","hentry"],"_links":{"self":[{"href":"https:\/\/webmedia.org.br\/2023\/wp-json\/wp\/v2\/pages\/907","targetHints":{"allow":["GET"]}}],"collection":[{"href":"https:\/\/webmedia.org.br\/2023\/wp-json\/wp\/v2\/pages"}],"about":[{"href":"https:\/\/webmedia.org.br\/2023\/wp-json\/wp\/v2\/types\/page"}],"author":[{"embeddable":true,"href":"https:\/\/webmedia.org.br\/2023\/wp-json\/wp\/v2\/users\/1"}],"replies":[{"embeddable":true,"href":"https:\/\/webmedia.org.br\/2023\/wp-json\/wp\/v2\/comments?post=907"}],"version-history":[{"count":1,"href":"https:\/\/webmedia.org.br\/2023\/wp-json\/wp\/v2\/pages\/907\/revisions"}],"predecessor-version":[{"id":908,"href":"https:\/\/webmedia.org.br\/2023\/wp-json\/wp\/v2\/pages\/907\/revisions\/908"}],"wp:attachment":[{"href":"https:\/\/webmedia.org.br\/2023\/wp-json\/wp\/v2\/media?parent=907"}],"curies":[{"name":"wp","href":"https:\/\/api.w.org\/{rel}","templated":true}]}}