{"id":746,"date":"2023-08-07T14:18:27","date_gmt":"2023-08-07T17:18:27","guid":{"rendered":"https:\/\/webmedia.org.br\/2023\/?page_id=746"},"modified":"2023-08-07T14:19:09","modified_gmt":"2023-08-07T17:19:09","slug":"webinar-ctd-webmedia-2023","status":"publish","type":"page","link":"https:\/\/webmedia.org.br\/2023\/webinar-ctd-webmedia-2023\/","title":{"rendered":"Webinar CTD &#8211; WebMedia 2023"},"content":{"rendered":"\n<p><br>Data: 11 de Agosto<br>Hor\u00e1rio: 9h-12h<br>Local: Canal da CE-WebMedia no YouTube: <a href=\"https:\/\/www.youtube.com\/c\/CEWebMedia\" target=\"_blank\" rel=\"noreferrer noopener\">https:\/\/www.youtube.com\/c\/CEWebMedia<\/a><\/p>\n\n\n\n<p>Caros membros da comunidade,<\/p>\n\n\n\n<p>\u00c9 com satisfa\u00e7\u00e3o que a comiss\u00e3o organizadora do Webmedia 2023 convida todos voc\u00eas a participarem do Webinar CTD-WebMedia 2023, no qual ser\u00e3o apresentados os sete concorrentes preliminares ao pr\u00eamio de melhor disserta\u00e7\u00e3o e as quatro pesquisas que disputam o pr\u00eamio de melhor tese do Webmedia 2023.<\/p>\n\n\n\n<p>O Webinar ser\u00e1 realizado no Canal da CE-WebMedia no YouTube. As apresenta\u00e7\u00f5es ter\u00e3o at\u00e9 10 minutos de dura\u00e7\u00e3o e cada sess\u00e3o ter\u00e1 um bloco final de 20 minutos de perguntas dos espectadores para todos os candidatos daquela sess\u00e3o.<\/p>\n\n\n\n<p>Esperamos que todos possam aproveitar esta oportunidade para conhecer e debater as pesquisas inovadoras realizadas pelos candidatos.<\/p>\n\n\n\n<p>Programa\u00e7\u00e3o<\/p>\n\n\n\n<p>Abertura da Etapa 2 do CTD 2023 &#8211; 9h-9h10<br>Coordenadores do CTD e da CE-Webmedia<br>Concurso de Mestrado &#8211; CM1 &#8211; 9h10-10h10<\/p>\n\n\n\n<ol class=\"wp-block-list\">\n<li>Text Representation through Multimodal Variational Autoencoder for One-Class Learning<br>Marcos G\u00f4lo (University of S\u00e3o Paulo), Ricardo Marcacini (ICMC\/USP)<\/li>\n\n\n\n<li>Indu\u00e7\u00e3o de \u00c1rvore de Decis\u00e3o utilizando Meta-Aprendizado<br>Caique Augusto Ferreira (Universidade de S\u00e3o Paulo), Jos\u00e9 Augusto Baranauskas (Universidade de S\u00e3o Paulo)<\/li>\n\n\n\n<li>Embedding Propagation over Heterogeneous Information Networks<br>Paulo Ricardo Viviurka do Carmo (Leipzig University of Applied Sciences), Ricardo Marcacini (ICMC\/USP)<\/li>\n\n\n\n<li>EvaML e EvaSIM: Proposta de Linguagem Baseada em XML e Simulador para o Rob\u00f4 EVA<br>Marcelo Rocha (Universidade Federal Fluminense), D\u00e9bora Muchaluat-Saade (UFF)<\/li>\n<\/ol>\n\n\n\n<p>Concurso de Mestrado &#8211; CM2 &#8211; 10h10-11h<\/p>\n\n\n\n<ol class=\"wp-block-list\" start=\"5\">\n<li>Ranqueamento de atributos por meio de Random Forests e m\u00e9tricas de centralidade em redes complexas<br>Adriano Henrique Cant\u00e3o (University of S\u00e3o Paulo), Liang Zhao (Universidade de S\u00e3o Paulo), Jos\u00e9 Augusto Baranauskas (Universidade de S\u00e3o Paulo)<\/li>\n\n\n\n<li>Uma abordagem de teste baseada em guias estruturados para avaliar caracter\u00edsticas IoT<br>Liana Menezes (Universidade Federal do Cear\u00e1), Val\u00e9ria Lelli (Universidade Federal do Cear\u00e1), Rossana Andrade (Universidade Federal do Cear\u00e1 &#8211; UFC)<\/li>\n\n\n\n<li>Thoth: An intelligent model for assisting individuals with suicidal ideation<br>Wesllei Heckler (Universidade Feevale), Juliano Varella de Carvalho (Universidade Feevale), Jorge Barbosa (Unisinos)<\/li>\n<\/ol>\n\n\n\n<p>Concurso de Doutorado &#8211; CD1 &#8211; 11h-12h<\/p>\n\n\n\n<ol class=\"wp-block-list\">\n<li>Gamifica\u00e7\u00e3o Narrativa para Engajamento e Personaliza\u00e7\u00e3o: Redefinindo a Experi\u00eancia do Aprendizado Digital<br>Paula Palomino (Universidade Federal de Alagoas), Seiji Isotani (Universidade de S\u00e3o Paulo)<\/li>\n\n\n\n<li>Modeling and Analyzing Collective Behavior Captured by Many-to-Many Networks<br>Carlos Ferreira (Universidade Federal de Ouro Preto), Marco Mellia (Politecnico di Torino), Jussara Almeida (DCC-UFMG)<\/li>\n\n\n\n<li>Usable privacy: from grounded models to new guidelines and heuristics<br>Andr\u00e9 de Lima Salgado (Universidade Federal de Lavras), Renata Fortes (ICMC-USP)<\/li>\n\n\n\n<li>Predicting mobility patterns based on profiles of social media users: tourists case study<br>Helen Senefonte (UEL), Thiago Henrique Silva (Universidade Tecnol\u00f3gica Federal do Paran\u00e1), Ricardo L\u00fcders (UTFPR)<\/li>\n<\/ol>\n\n\n\n<p>Encerramento da Etapa 2 do CTD 2023 &#8211; 12h<br>Coordenadores do CTD<\/p>\n","protected":false},"excerpt":{"rendered":"<p>Data: 11 de AgostoHor\u00e1rio: 9h-12hLocal: Canal da CE-WebMedia no YouTube: https:\/\/www.youtube.com\/c\/CEWebMedia Caros membros da comunidade, \u00c9 com satisfa\u00e7\u00e3o que a comiss\u00e3o organizadora [&hellip;]<\/p>\n","protected":false},"author":1,"featured_media":0,"parent":0,"menu_order":0,"comment_status":"closed","ping_status":"closed","template":"","meta":{"footnotes":""},"class_list":["post-746","page","type-page","status-publish","hentry"],"_links":{"self":[{"href":"https:\/\/webmedia.org.br\/2023\/wp-json\/wp\/v2\/pages\/746","targetHints":{"allow":["GET"]}}],"collection":[{"href":"https:\/\/webmedia.org.br\/2023\/wp-json\/wp\/v2\/pages"}],"about":[{"href":"https:\/\/webmedia.org.br\/2023\/wp-json\/wp\/v2\/types\/page"}],"author":[{"embeddable":true,"href":"https:\/\/webmedia.org.br\/2023\/wp-json\/wp\/v2\/users\/1"}],"replies":[{"embeddable":true,"href":"https:\/\/webmedia.org.br\/2023\/wp-json\/wp\/v2\/comments?post=746"}],"version-history":[{"count":2,"href":"https:\/\/webmedia.org.br\/2023\/wp-json\/wp\/v2\/pages\/746\/revisions"}],"predecessor-version":[{"id":748,"href":"https:\/\/webmedia.org.br\/2023\/wp-json\/wp\/v2\/pages\/746\/revisions\/748"}],"wp:attachment":[{"href":"https:\/\/webmedia.org.br\/2023\/wp-json\/wp\/v2\/media?parent=746"}],"curies":[{"name":"wp","href":"https:\/\/api.w.org\/{rel}","templated":true}]}}