{"id":674,"date":"2023-07-10T19:48:37","date_gmt":"2023-07-10T22:48:37","guid":{"rendered":"https:\/\/webmedia.org.br\/2023\/?page_id=674"},"modified":"2023-07-10T19:54:09","modified_gmt":"2023-07-10T22:54:09","slug":"workshop-futuro-da-tv-digital-interativa","status":"publish","type":"page","link":"https:\/\/webmedia.org.br\/2023\/workshop-futuro-da-tv-digital-interativa\/","title":{"rendered":"Workshop Futuro da TV Digital Interativa"},"content":{"rendered":"\n<p>O Workshop Futuro da TV Digital Interativa (WTVDI) \u00e9 motivado pela <strong>constante necessidade de se discutir a evolu\u00e7\u00e3o dos servi\u00e7os de radiodifus\u00e3o<\/strong>, de forma a se tornarem capazes de entregar aos telespectadores experi\u00eancias avan\u00e7adas no consumo de conte\u00fado multim\u00eddia.<\/p>\n\n\n\n<p>No atual contexto, nota-se, por um lado, que a TV Digital Interativa ainda n\u00e3o encontrou sua populariza\u00e7\u00e3o nem aplica\u00e7\u00f5es killers, mesmo com a rec\u00e9m padroniza\u00e7\u00e3o do Perfil D de receptores Ginga ( s\u00e9rie ABNT NBR 15606, 2018-2023, perfil tamb\u00e9m conhecido como <em>DTVPlay<\/em>). Por outro lado, servi\u00e7os de base tecnol\u00f3gica similar v\u00eam evoluindo, como IPTV <em>(Internet Protocol Television<\/em>), <em>Digital Signage<\/em>, <em>Streaming OTT (Over-the-top)<\/em> e redes sociais, adicionando experi\u00eancias cada vez mais imersivas, incorporando novos formatos de \u00e1udio e v\u00eddeo, realidade virtual, efeitos sensoriais, interfaces avan\u00e7adas de intera\u00e7\u00e3o, entre outros avan\u00e7os.<\/p>\n\n\n\n<p>Considerando a expertise da Comunidade WebMedia nos mais diversos aspectos em que se fundamentam os atuais e futuros servi\u00e7os multim\u00eddia, convidamos todos a participarem de mais uma rodada de discuss\u00f5es, desta vez tendo em vista a <strong>janela de oportunidades com a defini\u00e7\u00e3o em andamento da pr\u00f3xima gera\u00e7\u00e3o de TV digital terrestre do Brasil: o Projeto TV 3.0<\/strong>, promovido pelo F\u00f3rum SBTVD, Minist\u00e9rio das Comunica\u00e7\u00f5es (MCom) e Rede Nacional de Ensino e Pesquisa (RNP).<\/p>\n\n\n\n<p>As discuss\u00f5es ser\u00e3o orientadas por <em><strong>position papers<\/strong><\/em><strong>, que descrevam a opini\u00e3o fundamentada dos grupos de pesquisa da Comunidade WebMedia acerca dos requisitos da TV 3.0, poss\u00edveis solu\u00e7\u00f5es, os desdobramentos, as aus\u00eancias e frentes de P&amp;D atuais e futuras<\/strong>.<\/p>\n\n\n\n<p>Os <em>position papers<\/em> passar\u00e3o por pr\u00e9via avalia\u00e7\u00e3o por pares quanto \u00e0 sua forma e argumenta\u00e7\u00e3o. A inten\u00e7\u00e3o \u00e9 promover discuss\u00f5es livres sobre todas as opini\u00f5es adequadamente argumentadas. O workshop se aproxima de um brainstorming guiado pelos <em>position papers<\/em> que v\u00e3o compor a sua pauta.<\/p>\n\n\n\n<p>Alguns exemplos de requisitos que est\u00e3o sendo ou poderiam ser incorporados ao Sistema Brasileiro de TV Digital para o avan\u00e7o na experi\u00eancia de consumo de TV incluem, mas n\u00e3o est\u00e3o limitados a:<\/p>\n\n\n\n<ul class=\"wp-block-list\">\n<li>Ultra-alta defini\u00e7\u00e3o do v\u00eddeo, v\u00eddeo escal\u00e1vel, camadas multi-origem<\/li>\n\n\n\n<li>\u00c1udio 3D imersivo e personaliz\u00e1vel, orientado a objetos e multi-origem<\/li>\n\n\n\n<li>Experi\u00eancia de TV baseada em aplicativos<\/li>\n\n\n\n<li>Ruptura de linearidade da grade de programa\u00e7\u00e3o<\/li>\n\n\n\n<li>Ci\u00eancia de dados e intelig\u00eancia artificial nas experi\u00eancias de TV<\/li>\n\n\n\n<li>Personaliza\u00e7\u00e3o do conte\u00fado televisivo, inser\u00e7\u00e3o din\u00e2mica, user-centric broadcasting<\/li>\n\n\n\n<li>Medi\u00e7\u00e3o de audi\u00eancia, mapeamento de cobertura dos sinais, alertas de emerg\u00eancia<\/li>\n\n\n\n<li>Acessibilidade na TV e apoiada por dispositivos pessoais<\/li>\n\n\n\n<li>Efeitos sensoriais, mulsem\u00eddia<\/li>\n\n\n\n<li>Ambientes inteligentes, e-health, Internet das Coisas<\/li>\n\n\n\n<li>Realidade virtual e realidade aumentada<\/li>\n\n\n\n<li>V\u00eddeo 360\u00ba, ponto de vista livre<\/li>\n\n\n\n<li>Intera\u00e7\u00e3o com voz, gestos, eye tracking e intera\u00e7\u00e3o multimodal<\/li>\n\n\n\n<li>Experi\u00eancias <em>seamless<\/em> desde a descoberta at\u00e9 o chaveamento entre conte\u00fados multi-origem e multi-dispositivo<\/li>\n\n\n\n<li>Converg\u00eancia IP<\/li>\n\n\n\n<li>Streaming adaptativo<\/li>\n\n\n\n<li>Tecnologias da Camada f\u00edsica para a TV 3.0<\/li>\n\n\n\n<li>Modelagem e simula\u00e7\u00e3o de canais<\/li>\n\n\n\n<li>Codifica\u00e7\u00e3o de canal, modula\u00e7\u00e3o e multiplexa\u00e7\u00e3o<\/li>\n\n\n\n<li>Processamento de sinal avan\u00e7ado para transmiss\u00e3o<\/li>\n\n\n\n<li>Processamento SISO, MISO e MIMO<\/li>\n\n\n\n<li>R\u00e1dio cognitivo e definido por software<\/li>\n\n\n\n<li>Tecnologias de antena para transmiss\u00e3o e recep\u00e7\u00e3o<\/li>\n\n\n\n<li>Propaga\u00e7\u00e3o e cobertura<\/li>\n\n\n\n<li>Reuso de frequ\u00eancia na Radiodifus\u00e3o<\/li>\n\n\n\n<li>Testes de campo<\/li>\n\n\n\n<li>TV m\u00f3vel, LTE e 5G<\/li>\n<\/ul>\n\n\n\n<p>Os <em>position papers<\/em> podem ser escritos em ingl\u00eas ou em portugu\u00eas e devem seguir as especifica\u00e7\u00f5es do template ACM, contendo, no m\u00e1ximo, 6 (seis) p\u00e1ginas. Os artigos devem ser submetidos exclusivamente em formato PDF atrav\u00e9s do Sistema JEMS.<\/p>\n\n\n\n<p>O WTVDI d\u00e1 continuidade \u00e0 s\u00e9rie de Workshops sobre TV Digital Interativa (WTVDI), que j\u00e1 ocorreram em edi\u00e7\u00f5es anteriores (2005, 2010, 2014, 2019), incluindo o Workshop de Sincroniza\u00e7\u00e3o das Coisas (WSoT) (2016).<\/p>\n\n\n\n<h2 class=\"wp-block-heading\">Datas Importantes<\/h2>\n\n\n\n<ul class=\"wp-block-list\">\n<li>Submiss\u00e3o: <s>20 de agosto de 2023<\/s> 03 de SETEMBRO de 2023<\/li>\n\n\n\n<li>Notifica\u00e7\u00e3o: <s>20 de setembro de 2023<\/s> 14 de SETEMBRO de 2023<\/li>\n\n\n\n<li>Vers\u00e3o final: <s>25 de setembro de 2023<\/s>  19 de SETEMBRO de 2023<\/li>\n\n\n\n<li>Realiza\u00e7\u00e3o do WTVDI: 23 de outubro de 2023<\/li>\n<\/ul>\n\n\n\n<h2 class=\"wp-block-heading\">Coordena\u00e7\u00e3o<\/h2>\n\n\n\n<p>Marcelo Ferreira Moreno (UFJF)<\/p>\n\n\n\n<p>D\u00e9bora Christina Muchaluat Saade (UFF)<\/p>\n","protected":false},"excerpt":{"rendered":"<p>O Workshop Futuro da TV Digital Interativa (WTVDI) \u00e9 motivado pela constante necessidade de se discutir a evolu\u00e7\u00e3o dos servi\u00e7os de radiodifus\u00e3o, [&hellip;]<\/p>\n","protected":false},"author":1,"featured_media":0,"parent":0,"menu_order":0,"comment_status":"closed","ping_status":"closed","template":"page-templates\/page_fullwidth.php","meta":{"footnotes":""},"class_list":["post-674","page","type-page","status-publish","hentry"],"_links":{"self":[{"href":"https:\/\/webmedia.org.br\/2023\/wp-json\/wp\/v2\/pages\/674","targetHints":{"allow":["GET"]}}],"collection":[{"href":"https:\/\/webmedia.org.br\/2023\/wp-json\/wp\/v2\/pages"}],"about":[{"href":"https:\/\/webmedia.org.br\/2023\/wp-json\/wp\/v2\/types\/page"}],"author":[{"embeddable":true,"href":"https:\/\/webmedia.org.br\/2023\/wp-json\/wp\/v2\/users\/1"}],"replies":[{"embeddable":true,"href":"https:\/\/webmedia.org.br\/2023\/wp-json\/wp\/v2\/comments?post=674"}],"version-history":[{"count":2,"href":"https:\/\/webmedia.org.br\/2023\/wp-json\/wp\/v2\/pages\/674\/revisions"}],"predecessor-version":[{"id":679,"href":"https:\/\/webmedia.org.br\/2023\/wp-json\/wp\/v2\/pages\/674\/revisions\/679"}],"wp:attachment":[{"href":"https:\/\/webmedia.org.br\/2023\/wp-json\/wp\/v2\/media?parent=674"}],"curies":[{"name":"wp","href":"https:\/\/api.w.org\/{rel}","templated":true}]}}