{"id":656,"date":"2023-06-23T16:51:01","date_gmt":"2023-06-23T19:51:01","guid":{"rendered":"https:\/\/webmedia.org.br\/2023\/?page_id=656"},"modified":"2023-07-24T07:05:00","modified_gmt":"2023-07-24T10:05:00","slug":"webmedia-challenge-2","status":"publish","type":"page","link":"https:\/\/webmedia.org.br\/2023\/webmedia-challenge-2\/","title":{"rendered":"WebMedia Challenge"},"content":{"rendered":"\n<p>O WebMedia Challenge \u00e9 a segunda edi\u00e7\u00e3o do evento da comunidade WebMedia voltado para a solu\u00e7\u00e3o de desafios resultantes do fluxo de dados heterog\u00eaneos que s\u00e3o gerados neste mundo hiperconectado.<\/p>\n\n\n\n<p>A presente competi\u00e7\u00e3o ser\u00e1 realizada em parceria com a Rede Globo. A Globo \u00e9 uma empresa de tecnologia de m\u00eddia que produz e distribui uma grande variedade de conte\u00fados atrav\u00e9s das suas plataformas de v\u00eddeos, portais de not\u00edcias, entretenimento e esportes.<\/p>\n\n\n\n<p>Por meio desta competi\u00e7\u00e3o, o WebMedia traz para a comunidade cient\u00edfica um tema de mercado extremamente desafiador: gerar recomenda\u00e7\u00e3o de conte\u00fado usando dados do G1, sugerindo qual deve ser a pr\u00f3xima mat\u00e9ria que o usu\u00e1rio ir\u00e1 consumir. Confira abaixo mais detalhes sobre este desafio e sobre como participar!<\/p>\n\n\n\n<h3 class=\"wp-block-heading\">Informa\u00e7\u00f5es gerais<\/h3>\n\n\n\n<p>Um dos grandes desafios que a Globo possui \u00e9 oferecer not\u00edcias ao usu\u00e1rio, de forma que fa\u00e7a sentido para ele. Diante da grande quantidade de usu\u00e1rios que acessam os portais diariamente, como por exemplo o G1, precisamos automatizar esta tarefa. Para isto, usamos algoritmos de recomenda\u00e7\u00e3o como forma de sugerir not\u00edcias que o usu\u00e1rio possa ler, utilizando seu hist\u00f3rico de consumo. Neste challenge, convidamos os participantes a gerar recomenda\u00e7\u00f5es a partir do nosso dataset de consumo dos usu\u00e1rios do G1. O objetivo das recomenda\u00e7\u00f5es \u00e9 sugerir as pr\u00f3ximas not\u00edcias com as maiores probabilidades de os usu\u00e1rios consumirem.<br>Premia\u00e7\u00e3o<\/p>\n\n\n\n<p>Um representante de cada uma das tr\u00eas melhores equipes ser\u00e3o convidadas para apresentarem a solu\u00e7\u00e3o durante o WebMedia 2023. A classifica\u00e7\u00e3o ser\u00e1 anunciada durante a sess\u00e3o de encerramento e as tr\u00eas equipes receber\u00e3o premia\u00e7\u00e3o, de acordo com a coloca\u00e7\u00e3o!!! As premia\u00e7\u00f5es ser\u00e3o divulgadas no evento, al\u00e9m de passagem, hospedagem e inscri\u00e7\u00e3o para participarem do WebMedia 23!<\/p>\n\n\n\n<h3 class=\"wp-block-heading\">Dados<\/h3>\n\n\n\n<p>Para participar do desafio e ter acesso aos dados preencha o formul\u00e1rio <a rel=\"noreferrer noopener\" href=\"https:\/\/forms.gle\/Am6CGEDFavRUFg8F6\" target=\"_blank\">https:\/\/forms.gle\/Am6CGEDFavRUFg8F6<\/a> .<\/p>\n\n\n\n<h3 class=\"wp-block-heading\">Crit\u00e9rios<\/h3>\n\n\n\n<ul class=\"wp-block-list\">\n<li>Uma conta por participante: voc\u00ea n\u00e3o pode se inscrever na Kaggle a partir de m\u00faltiplas contas e, portanto, voc\u00ea n\u00e3o pode submeter a partir de m\u00faltiplas contas.<\/li>\n\n\n\n<li>N\u00e3o h\u00e1 compartilhamento privado fora das equipes: n\u00e3o \u00e9 permitido o compartilhamento privado de c\u00f3digo ou dados fora das equipes. N\u00e3o h\u00e1 problema em compartilhar c\u00f3digo se este for disponibilizado a todos os participantes nos f\u00f3runs.<\/li>\n\n\n\n<li>Limites das equipes: o tamanho m\u00e1ximo da equipe \u00e9 cinco pessoas. Equipes com mais de cinco participantes ser\u00e3o desclassificadas da competi\u00e7\u00e3o.<\/li>\n\n\n\n<li>Limites de submiss\u00e3o: voc\u00ea pode apresentar um m\u00e1ximo de 10 entradas por dia e selecionar at\u00e9 2 submiss\u00f5es finais para julgar.<\/li>\n<\/ul>\n\n\n\n<h3 class=\"wp-block-heading\">Datas Importantes<\/h3>\n\n\n\n<ul class=\"wp-block-list\">\n<li>Limite para submiss\u00e3o de solu\u00e7\u00f5es: 1 de Setembro de 2023<\/li>\n\n\n\n<li>Divulga\u00e7\u00e3o das tr\u00eas melhores equipes: 15 de Setembro de 2023<\/li>\n\n\n\n<li>Apresenta\u00e7\u00f5es: durante o WebMedia entre os dias 23\/10 a 27\/10 (a confirmar)<\/li>\n\n\n\n<li>Divulga\u00e7\u00e3o do resultado final: durante o jantar de confraterniza\u00e7\u00e3o<\/li>\n<\/ul>\n\n\n\n<h3 class=\"wp-block-heading\">Organiza\u00e7\u00e3o da Competi\u00e7\u00e3o<\/h3>\n\n\n\n<ul class=\"wp-block-list\">\n<li>Felipe Alves Ferreira, Rede Globo<\/li>\n\n\n\n<li>Flavio Vinicius Diniz de Figueiredo, UFMG<\/li>\n\n\n\n<li>Humberto Torres Marques Neto, PUC-MG<\/li>\n\n\n\n<li>Vin\u00edcius Fernandes Soares Mota, UFES<\/li>\n\n\n\n<li>Leticia Freire de Figueiredo, Globo<\/li>\n\n\n\n<li>Joel Pinho, Globo<\/li>\n<\/ul>\n","protected":false},"excerpt":{"rendered":"<p>O WebMedia Challenge \u00e9 a segunda edi\u00e7\u00e3o do evento da comunidade WebMedia voltado para a solu\u00e7\u00e3o de desafios resultantes do fluxo de [&hellip;]<\/p>\n","protected":false},"author":1,"featured_media":0,"parent":0,"menu_order":0,"comment_status":"closed","ping_status":"closed","template":"page-templates\/page_fullwidth.php","meta":{"footnotes":""},"class_list":["post-656","page","type-page","status-publish","hentry"],"_links":{"self":[{"href":"https:\/\/webmedia.org.br\/2023\/wp-json\/wp\/v2\/pages\/656","targetHints":{"allow":["GET"]}}],"collection":[{"href":"https:\/\/webmedia.org.br\/2023\/wp-json\/wp\/v2\/pages"}],"about":[{"href":"https:\/\/webmedia.org.br\/2023\/wp-json\/wp\/v2\/types\/page"}],"author":[{"embeddable":true,"href":"https:\/\/webmedia.org.br\/2023\/wp-json\/wp\/v2\/users\/1"}],"replies":[{"embeddable":true,"href":"https:\/\/webmedia.org.br\/2023\/wp-json\/wp\/v2\/comments?post=656"}],"version-history":[{"count":3,"href":"https:\/\/webmedia.org.br\/2023\/wp-json\/wp\/v2\/pages\/656\/revisions"}],"predecessor-version":[{"id":718,"href":"https:\/\/webmedia.org.br\/2023\/wp-json\/wp\/v2\/pages\/656\/revisions\/718"}],"wp:attachment":[{"href":"https:\/\/webmedia.org.br\/2023\/wp-json\/wp\/v2\/media?parent=656"}],"curies":[{"name":"wp","href":"https:\/\/api.w.org\/{rel}","templated":true}]}}