{"id":56,"date":"2023-03-11T21:06:07","date_gmt":"2023-03-12T00:06:07","guid":{"rendered":"https:\/\/webmedia.org.br\/2023\/?page_id=56"},"modified":"2023-10-23T12:11:59","modified_gmt":"2023-10-23T15:11:59","slug":"palestras","status":"publish","type":"page","link":"https:\/\/webmedia.org.br\/2023\/palestras\/","title":{"rendered":"Palestras"},"content":{"rendered":"\n<h2 class=\"wp-block-heading\">Palestras Internacionais<\/h2>\n\n\n\n<a name=\"pli1\"><\/a>\n\n\n\n<div class=\"wp-block-group\"><div class=\"wp-block-group__inner-container is-layout-constrained wp-block-group-is-layout-constrained\"><div class=\"wp-block-image\">\n<figure class=\"alignleft size-full is-resized\"><img loading=\"lazy\" decoding=\"async\" width=\"672\" height=\"464\" src=\"https:\/\/webmedia.org.br\/2023\/wp-content\/uploads\/2023\/09\/foto-pablo.jpeg\" alt=\"\" class=\"wp-image-859\" style=\"width:209px;height:144px\" srcset=\"https:\/\/webmedia.org.br\/2023\/wp-content\/uploads\/2023\/09\/foto-pablo.jpeg 672w, https:\/\/webmedia.org.br\/2023\/wp-content\/uploads\/2023\/09\/foto-pablo-300x207.jpeg 300w, https:\/\/webmedia.org.br\/2023\/wp-content\/uploads\/2023\/09\/foto-pablo-230x159.jpeg 230w, https:\/\/webmedia.org.br\/2023\/wp-content\/uploads\/2023\/09\/foto-pablo-350x242.jpeg 350w, https:\/\/webmedia.org.br\/2023\/wp-content\/uploads\/2023\/09\/foto-pablo-480x331.jpeg 480w\" sizes=\"auto, (max-width: 672px) 100vw, 672px\" \/><\/figure>\n<\/div><\/div><\/div>\n\n\n\n<h4 class=\"wp-block-heading\">3a. feira (24\/10\/2023 das 11h00 \u00e0s 12h30)<br>Towards Volumetric Video Conferencing<br>Pablo Cesar<br>CWI and TU Delft<\/h4>\n\n\n\n<p><strong>ABSTRACT<\/strong><br>With Social Extended Reality (XR) emerging as a new medium, where users can remotely experience immersive content with others, the vision of a true feeling of \u2018being there together\u2019 has become a realistic goal. This keynote will provide an overview about the challenges to achieve such a goal, based on results from practical case studies like the TRANSMIXR and MediaScape XR projects. We will discuss about different technologies, like point clouds, that can be used as the format for representing highly-realistic digital humans, and about metrics and protocols for quantifying the quality of experience. The final intention of the talk is to shed some light on social XR, as a new group of virtual reality experiences based on social photorealistic immersive content. We will discuss about the challenges regarding production and user-centric processes, and discover the new opportunities open by this new medium<\/p>\n\n\n\n<p><strong>Speaker Bio: <\/strong>Pablo Cesar has led the Distributed and Interactive Systems (DIS) group at CWI since January 2014 and is Professor of Human-Centered Multi-<br>media Systems in the Department of Intelligent Systems (INSY) at TU Delft. He has received the prestigious 2020 Netherlands Prize for ICT Research. He is IEEE (Institute of Electrical and Electronics Engineers) Senior member, the highest<br>grade for which IEEE members can apply, and ACM (Association for Computing Machinery) Distinguished Member, cited for significant achievements across the computing field recognizing up to 10 percent of ACM worldwide membership. His research focuses on measuring and evaluating the way users interact and communicate with each other using a wide range of decentralized digital systems. Cesar has co-directed over 15 externally funded research projects (H2020, FP7, FP6, PPP, NWO).<\/p>\n\n\n\n<a name=\"pli2\"><\/a>\n\n\n<div class=\"wp-block-image\">\n<figure class=\"alignleft size-full is-resized\"><img loading=\"lazy\" decoding=\"async\" width=\"256\" height=\"398\" src=\"https:\/\/webmedia.org.br\/2023\/wp-content\/uploads\/2023\/09\/foto-mylene.jpeg\" alt=\"\" class=\"wp-image-860\" style=\"width:148px;height:230px\" srcset=\"https:\/\/webmedia.org.br\/2023\/wp-content\/uploads\/2023\/09\/foto-mylene.jpeg 256w, https:\/\/webmedia.org.br\/2023\/wp-content\/uploads\/2023\/09\/foto-mylene-193x300.jpeg 193w, https:\/\/webmedia.org.br\/2023\/wp-content\/uploads\/2023\/09\/foto-mylene-230x358.jpeg 230w\" sizes=\"auto, (max-width: 256px) 100vw, 256px\" \/><\/figure>\n<\/div>\n\n\n<h4 class=\"wp-block-heading\">4a. feira (25\/10\/2023 das 11h00 \u00e0s 12h30)<br>Quality of Experience of Immersive Media \u2013 New Challenges<br>Mylene C.Q. Farias<br>Texas State University<\/h4>\n\n\n\n<p><strong>ABSTRACT<\/strong><br>In the past decade, significant progress in imaging and computing technologies has unleashed the creation of more accurate representations of the physical world, enabling immersive and interactive experiences that more closely resemble reality [1]. As a consequence, immersive applications have attracted a lot of interdisciplinary attention, with the development of multimodal human-computer interactions that allow users to fully immerse themselves within realistic or virtual environments or to interact with real\/virtual elements seamlessly blended with the physical world [6]. Immersive experiences can be found at different points along the \u201cvirtuality continuum,\u201d ranging from photorealistic settings, through mixed reality approaches, to completely virtual environments.<br>In this scenario, high-speed connections and high-quality imaging systems are essential for the development of next-generation immersive experiences and applications in areas such as healthcare, education\/training, arts &amp; entertainment, remote work, marketing, and automotive. But the success of these emerging applications will depend on the quality of experience (QoE) they provide users [5]. As defined by Qualinet [2], QoE refers to the \u201cdegree of delight or annoyance of applications or services resulting from the fulfillment of his or her expectations with respect to the utility and\/or enjoyment of the application or service in the light of the users personality and current state.\u201d For immersive technologies, immersive media experiences (IMEx) extend the concept of QoE by encompassing elements such as the sense of presence, immersion, and motion sickness, among others [7]. Both QoE and IMEx are shaped by three influencing factors (IF): the system, the context, and the human user. For immersive experiences, the system IF plays an important role, affecting immersion, presence, and interaction itself. This impact has been extensively<br>studied in the literature, with several studies analyzing the effect of the design of the device itself on IMEx [3, 4]. The context IF, which includes the user\u2019s environment, is often studied together with the system IF, since it is difficult to separate these two IFs. Finally, an important IF for immersive media are human factors, which include perceptual characteristics such as visual, audio, and spatial perception that make each user unique. It is well known that impairments may reduce perception and cause imbalances, resulting in uncomfortable symptoms and cybersickness. Subjective and instrumental assessments are commonly used to study human IFs in IMEx.<br>In this context, an open area of research is the design of subjective and instrumental assessment methods to estimate the user immersive media experience. For example, by tracking human behavior and psycho-physiological signals, it is possible to construct models of influential factors that can be employed to identify and potentially forecast phenomena like cybersickness, the user\u2019s perception of immersion and sense of presence, and the overall quality of the experience. In this talk, I discuss several aspects of IMEx, including subjective and instrumental methods, and the several challenges of this area.<\/p>\n\n\n\n<p><strong>Speaker Bio<\/strong>: Mylene Farias received her B.Sc. degree in electrical engineering from Federal University of Pernambuco (UFPE), Brazil, in 1995 and her M.Sc. degree in electrical engineering from the State University of Campinas (UNICAMP), Brazil, in 1998. She received her Ph.D. in electrical and computer engineering from the University of California Santa Barbara (UCSB), USA, in 2004 for work in no-reference video quality metrics. Dr. Farias has worked as a research engineer at CPqD (Brazil) in video quality assessment and validation of video quality metrics. She has also worked as an intern for Philips Research Laboratories (The Netherlands) in video quality assessment of sharpness algorithms and for Intel Corporation (Phoenix, USA) developing no-reference video quality metrics. Currently, she is an Associate Professor in the Department of Computer Science at Texas State University. Previously, she was an associate professor in the Department of Electrical Engineering at the University of Brasilia (UnB).<br>To date, she has published 54 scientific journals and 110 peer-reviewed conference papers. She is currently an Associate Editor for IEEE Signal Processing Letters and SPIE Journal of Electronic Imaging, in addition to being an Area Editor for Elsevier Signal Processing Image Communication. Dr. Farias is a Senior Member of IEEE and the IEEE Signal Processing Society. She is also a member of ACM. She has served as a member and area chair in technical program committees of several conferences. She has served as a Technical Program Co-Chair for ACM NOSSDAV 2021 and QoMEX 2020 and 2023, and as a co-chair of the ACM MMSys 2022. She was elected as a member of the IEEE Image, Video, and Multidimensional Signal Processing Technical Committee (2021-2023) and of the IEEE Multimedia Signal Processing Technical Committee (2022-2024), both of the IEEE Signal Processing Society. She is currently a member of the JPEG Pleno Light-Field Working Group and VQEG Immersive Media Group. She is also a member of the TV 3.0 Video Coding Layer Test Laboratories of the Brazilian Digital Television System. Her current interests include video quality metrics, video processing, multimedia signal processing, immersive media, and visual attention.<\/p>\n\n\n\n<a name=\"pli3\"><\/a>\n\n\n<div class=\"wp-block-image\">\n<figure class=\"alignleft size-full is-resized\"><img loading=\"lazy\" decoding=\"async\" width=\"673\" height=\"606\" src=\"https:\/\/webmedia.org.br\/2023\/wp-content\/uploads\/2023\/09\/foto-alexandra.jpeg\" alt=\"\" class=\"wp-image-861\" style=\"width:216px;height:194px\" srcset=\"https:\/\/webmedia.org.br\/2023\/wp-content\/uploads\/2023\/09\/foto-alexandra.jpeg 673w, https:\/\/webmedia.org.br\/2023\/wp-content\/uploads\/2023\/09\/foto-alexandra-300x270.jpeg 300w, https:\/\/webmedia.org.br\/2023\/wp-content\/uploads\/2023\/09\/foto-alexandra-230x207.jpeg 230w, https:\/\/webmedia.org.br\/2023\/wp-content\/uploads\/2023\/09\/foto-alexandra-350x315.jpeg 350w, https:\/\/webmedia.org.br\/2023\/wp-content\/uploads\/2023\/09\/foto-alexandra-480x432.jpeg 480w\" sizes=\"auto, (max-width: 673px) 100vw, 673px\" \/><\/figure>\n<\/div>\n\n\n<h4 class=\"wp-block-heading\">5a. feira  (26\/10\/2023 das 11h00 \u00e0s 12h30)<br>Bytes and Rhythms \u2013 Delving into the Tech-Driven Evolution of Food and Music<br>Alexandra Covaci<br>University of Kent<\/h4>\n\n\n\n<p><strong>ABSTRACT<\/strong><br>In the rapidly advancing domain of design and technology, the transition from a predominantly human-centred approach to a more encompassing more-than-human perspective is gaining traction. This paper investigates the implications of such a shift, focusing on the domains of music creation and culinary experiences\u2014two intrinsic human activities deeply embedded within larger ecosystems. Utilising immersive Virtual Reality (VR) methodologies, we examine the intricate relationship musicians have with their sonic environments and the profound connections diners establish with the food life-cycle. Our research highlights the constraints of an approach that prioritises only human experiences, unveiling potential avenues for more holistic, interconnected engagements. By incorporating more-than-human elements, from the ambient subtleties influencing musical performances to the comprehensive journey of food from origin to consumption, we advocate for a design perspective that is both holistic and integrative. This perspective not only enriches human experiences but also promotes a balanced coexistence with the entities that influence our daily interactions.<\/p>\n\n\n\n<p><strong>Speaker Bio<\/strong>: With a keen interest in how technology can enhance our lives, Dr Alexandra Covaci delves into the realm of immersive technologies. As a Senior Lecturer at the School of Engineering and the Research Lead for the Institute of Cultural and Creative Industries at the University of Kent, her work focuses on designing technology that resonates deeply with human experiences, ensuring that it serves as an enabler rather than a disruptor.<\/p>\n\n\n\n<a name=\"gt\"><\/a>\n\n\n\n<h2 class=\"wp-block-heading\">Globo Talk<\/h2>\n\n\n\n<h4 class=\"wp-block-heading\">5a. feira (26\/10\/2023 das 14h00 \u00e0s 16h00)<br>Challenge Globo e Webmedia: o contexto de recomenda\u00e7\u00e3o de not\u00edcias e seus desafios<br>Leticia Freire e Felipe Ferreira<\/h4>\n\n\n\n<p><strong>ABSTRACT<\/strong><br>Nesta palestra vamos apresentar o papel de sistemas de recomenda\u00e7\u00e3o no contexto de not\u00edcias abordando os principais desafios enfrentados diariamente para gerar recomenda\u00e7\u00f5es personalizadas para os milh\u00f5es de usu\u00e1rios dos diversos produtos existentes na Globo como G1, GE e GShow e que serviram de base para a cria\u00e7\u00e3o do Challenge desse ano, al\u00e9m de apresentar os principais aspectos do dataset de consumo de not\u00edcias que disponibilizamos para a comunidade.<\/p>\n\n\n\n<h2 class=\"wp-block-heading\">Palestras Nacionais<\/h2>\n\n\n\n<a name=\"pln1\"><\/a>\n\n\n<div class=\"wp-block-image\">\n<figure class=\"alignleft size-large is-resized\"><img loading=\"lazy\" decoding=\"async\" width=\"910\" height=\"1024\" src=\"https:\/\/webmedia.org.br\/2023\/wp-content\/uploads\/2023\/10\/foto-tanara-1-910x1024.png\" alt=\"\" class=\"wp-image-1045\" style=\"aspect-ratio:0.888671875;width:175px;height:auto\" srcset=\"https:\/\/webmedia.org.br\/2023\/wp-content\/uploads\/2023\/10\/foto-tanara-1-910x1024.png 910w, https:\/\/webmedia.org.br\/2023\/wp-content\/uploads\/2023\/10\/foto-tanara-1-267x300.png 267w, https:\/\/webmedia.org.br\/2023\/wp-content\/uploads\/2023\/10\/foto-tanara-1-768x864.png 768w, https:\/\/webmedia.org.br\/2023\/wp-content\/uploads\/2023\/10\/foto-tanara-1-1000x1125.png 1000w, https:\/\/webmedia.org.br\/2023\/wp-content\/uploads\/2023\/10\/foto-tanara-1-230x259.png 230w, https:\/\/webmedia.org.br\/2023\/wp-content\/uploads\/2023\/10\/foto-tanara-1-350x394.png 350w, https:\/\/webmedia.org.br\/2023\/wp-content\/uploads\/2023\/10\/foto-tanara-1-480x540.png 480w, https:\/\/webmedia.org.br\/2023\/wp-content\/uploads\/2023\/10\/foto-tanara-1.png 1138w\" sizes=\"auto, (max-width: 910px) 100vw, 910px\" \/><\/figure>\n<\/div>\n\n\n<h4 class=\"wp-block-heading\">3a. feira (24\/10\/2023 das 16h30 \u00e0s 18h30)  (<em>on-line<\/em>)<br>Governan\u00e7a da Internet no Brasil: Desvendando o Trabalho do <a rel=\"noreferrer noopener\" href=\"http:\/\/CGI.BR\" target=\"_blank\">CGI.BR<\/a> e do <a href=\"http:\/\/www.nic.br\">NIC.br<\/a><br>Tanara Lauschner da Universidade Federal do Amazonas<\/h4>\n\n\n\n<p>Ser\u00e1 abordado o trabalho do Comit\u00ea Gestor da Internet no Brasil (<a rel=\"noreferrer noopener\" href=\"http:\/\/CGI.BR\" target=\"_blank\">CGI.BR<\/a>) e do N\u00facleo de Informa\u00e7\u00e3o e Coordena\u00e7\u00e3o do Ponto BR (<a rel=\"noreferrer noopener\" href=\"http:\/\/NIC.BR\" target=\"_blank\">NIC.BR<\/a>) na evolu\u00e7\u00e3o da Internet no Brasil. Falaremos das responsabilidades fundamentais dessas organiza\u00e7\u00f5es, desde a governan\u00e7a da internet e a administra\u00e7\u00e3o dos dom\u00ednios .BR at\u00e9 as iniciativas de inclus\u00e3o digital, seguran\u00e7a cibern\u00e9tica, capacita\u00e7\u00e3o de recursos humanos e oportunidades para jovens nesta \u00e1rea. Compreenderemos como o <a rel=\"noreferrer noopener\" href=\"http:\/\/CGI.BR\" target=\"_blank\">CGI.BR<\/a> e o <a rel=\"noreferrer noopener\" href=\"http:\/\/NIC.BR\" target=\"_blank\">NIC.BR<\/a> desempenham pap\u00e9is cruciais na promo\u00e7\u00e3o da pesquisa da melhoria da Internet no pa\u00eds e os desafios que enfrentam para moldar seu futuro. Ser\u00e1 destacado tamb\u00e9m o Centro de Estudos sobre Tecnologias Web (<a rel=\"noreferrer noopener\" href=\"http:\/\/CEWEB.BR\" target=\"_blank\">CEWEB.BR<\/a>) e o seu compromisso em impulsionar a inova\u00e7\u00e3o digital e apoiar projetos de pesquisa e desenvolvimento.<\/p>\n\n\n\n<a name=\"pln2\"><\/a>\n\n\n<div class=\"wp-block-image\">\n<figure class=\"alignleft size-large is-resized\"><img loading=\"lazy\" decoding=\"async\" width=\"770\" height=\"1024\" src=\"https:\/\/webmedia.org.br\/2023\/wp-content\/uploads\/2023\/10\/Amanda-Marques-Ceweb-1-770x1024.jpg\" alt=\"\" class=\"wp-image-968\" style=\"width:154px;height:205px\" srcset=\"https:\/\/webmedia.org.br\/2023\/wp-content\/uploads\/2023\/10\/Amanda-Marques-Ceweb-1-770x1024.jpg 770w, https:\/\/webmedia.org.br\/2023\/wp-content\/uploads\/2023\/10\/Amanda-Marques-Ceweb-1-226x300.jpg 226w, https:\/\/webmedia.org.br\/2023\/wp-content\/uploads\/2023\/10\/Amanda-Marques-Ceweb-1-768x1022.jpg 768w, https:\/\/webmedia.org.br\/2023\/wp-content\/uploads\/2023\/10\/Amanda-Marques-Ceweb-1-1155x1536.jpg 1155w, https:\/\/webmedia.org.br\/2023\/wp-content\/uploads\/2023\/10\/Amanda-Marques-Ceweb-1-1540x2048.jpg 1540w, https:\/\/webmedia.org.br\/2023\/wp-content\/uploads\/2023\/10\/Amanda-Marques-Ceweb-1-1000x1330.jpg 1000w, https:\/\/webmedia.org.br\/2023\/wp-content\/uploads\/2023\/10\/Amanda-Marques-Ceweb-1-230x306.jpg 230w, https:\/\/webmedia.org.br\/2023\/wp-content\/uploads\/2023\/10\/Amanda-Marques-Ceweb-1-350x466.jpg 350w, https:\/\/webmedia.org.br\/2023\/wp-content\/uploads\/2023\/10\/Amanda-Marques-Ceweb-1-480x639.jpg 480w, https:\/\/webmedia.org.br\/2023\/wp-content\/uploads\/2023\/10\/Amanda-Marques-Ceweb-1-scaled.jpg 1924w\" sizes=\"auto, (max-width: 770px) 100vw, 770px\" \/><\/figure>\n<\/div>\n\n\n<h4 class=\"wp-block-heading\">4a. feira (25\/10\/2023 das 8h30 \u00e0s 10h30)<br>Como tornar conte\u00fados digitais acess\u00edveis<br>Amanda Marques do Ceweb.br e do NIC.br<\/h4>\n\n\n\n<p><\/p>\n\n\n\n<p><strong>ABSTRACT<\/strong><br>Voc\u00ea sabia que cada pessoa usa a Web de um jeito diferente? Nessa palestra vamos entender como pessoas com defici\u00eancia fazem o uso da Web e como podemos tornar o conte\u00fado que publicamos acess\u00edvel para todo mundo.<\/p>\n\n\n\n<p><strong>Speaker Bio: <\/strong>Graduada em Gest\u00e3o da Tecnologia da Informa\u00e7\u00e3o e Especializada em Gest\u00e3o de Projetos pr\u00e1ticas PMI pelo Centro Universit\u00e1rio Senac-Santo Amaro. Trabalha no N\u00facleo de Informa\u00e7\u00e3o e Coordena\u00e7\u00e3o do Ponto BR (<a href=\"http:\/\/www.nic.br\" target=\"_blank\" rel=\"noreferrer noopener\">NIC.br<\/a>), atuando no Centro de Estudos de Tecnologias Web (<a href=\"http:\/\/www.Ceweb.br\" target=\"_blank\" rel=\"noreferrer noopener\">Ceweb.br<\/a>) e no W3C Cap\u00edtulo S\u00e3o Paulo como Analista de Projetos focada em Acessibilidade Digital, tendo como diretriz promover uma Web aberta, acess\u00edvel e universal.<\/p>\n","protected":false},"excerpt":{"rendered":"<p>Palestras Internacionais 3a. feira (24\/10\/2023 das 11h00 \u00e0s 12h30)Towards Volumetric Video ConferencingPablo CesarCWI and TU Delft ABSTRACTWith Social Extended Reality (XR) emerging [&hellip;]<\/p>\n","protected":false},"author":1,"featured_media":0,"parent":0,"menu_order":0,"comment_status":"closed","ping_status":"closed","template":"page-templates\/page_fullwidth.php","meta":{"footnotes":""},"class_list":["post-56","page","type-page","status-publish","hentry"],"_links":{"self":[{"href":"https:\/\/webmedia.org.br\/2023\/wp-json\/wp\/v2\/pages\/56","targetHints":{"allow":["GET"]}}],"collection":[{"href":"https:\/\/webmedia.org.br\/2023\/wp-json\/wp\/v2\/pages"}],"about":[{"href":"https:\/\/webmedia.org.br\/2023\/wp-json\/wp\/v2\/types\/page"}],"author":[{"embeddable":true,"href":"https:\/\/webmedia.org.br\/2023\/wp-json\/wp\/v2\/users\/1"}],"replies":[{"embeddable":true,"href":"https:\/\/webmedia.org.br\/2023\/wp-json\/wp\/v2\/comments?post=56"}],"version-history":[{"count":21,"href":"https:\/\/webmedia.org.br\/2023\/wp-json\/wp\/v2\/pages\/56\/revisions"}],"predecessor-version":[{"id":1055,"href":"https:\/\/webmedia.org.br\/2023\/wp-json\/wp\/v2\/pages\/56\/revisions\/1055"}],"wp:attachment":[{"href":"https:\/\/webmedia.org.br\/2023\/wp-json\/wp\/v2\/media?parent=56"}],"curies":[{"name":"wp","href":"https:\/\/api.w.org\/{rel}","templated":true}]}}