{"id":54,"date":"2023-03-11T21:05:47","date_gmt":"2023-03-12T00:05:47","guid":{"rendered":"https:\/\/webmedia.org.br\/2023\/?page_id=54"},"modified":"2023-10-23T12:12:34","modified_gmt":"2023-10-23T15:12:34","slug":"cronograma-geral","status":"publish","type":"page","link":"https:\/\/webmedia.org.br\/2023\/cronograma-geral\/","title":{"rendered":"Cronograma Geral"},"content":{"rendered":"\n<figure class=\"wp-block-table aligncenter\"><table><tbody><tr><td class=\"has-text-align-center\" data-align=\"center\"><a href=\"#23\" data-type=\"internal\" data-id=\"#23\">23\/10\/23<\/a><\/td><td><a href=\"#24\" data-type=\"internal\" data-id=\"#24\">24\/10\/23<\/a><\/td><td><a href=\"#25\" data-type=\"internal\" data-id=\"#25\">25\/10\/23<\/a><\/td><td><a href=\"#26\" data-type=\"internal\" data-id=\"#26\">26\/10\/23<\/a><\/td><td><a href=\"#27\">27\/10\/23<\/a><\/td><\/tr><\/tbody><\/table><figcaption class=\"wp-element-caption\">                                       MC = MINICURSO | PL = PALESTRA | ST = SE\u00c7\u00c3O T\u00c9CNICA<\/figcaption><\/figure>\n\n\n\n<h3 class=\"wp-block-heading\" id=\"23\">23\/outubro: SEGUNDA-FEIRA<\/h3>\n\n\n\n<figure class=\"wp-block-table is-style-stripes\"><table class=\"has-fixed-layout\"><tbody><tr><td><\/td><td><strong>ANFITEATRO<\/strong><\/td><td><strong>LAB 601<\/strong><\/td><td><strong>LAB 600<\/strong><\/td><td><strong>LAB 602<\/strong><\/td><td><strong>SALA 502<\/strong><\/td><\/tr><tr><td>7:30 \u00c0S 8:00<\/td><td colspan=\"4\">CREDENCIAMENTO E RECEP\u00c7\u00c3O DE MATERIAL<\/td><\/tr><tr><td>8:00 \u00c0S 10:00<\/td><td><a href=\"https:\/\/webmedia.org.br\/2023\/programacao-wtvdi-workshop-futuro-da-tv-digital-interativa\/\">WTVDI<\/a><\/td><td><a href=\"https:\/\/webmedia.org.br\/2023\/programacao-mini-cursos\/#mc1\">MC1<\/a><\/td><td><a href=\"https:\/\/webmedia.org.br\/2023\/programacao-mini-cursos\/#mc2\">MC2<\/a><\/td><td><a href=\"https:\/\/webmedia.org.br\/2023\/programacao-mini-cursos\/#mc3\">MC3<\/a><\/td><td><\/td><\/tr><tr><td>10:00 \u00c0S 10:30<\/td><td colspan=\"4\"><em>COFFEE-BREAK<\/em><\/td><\/tr><tr><td>10:30 \u00c0S 12:30<\/td><td><a href=\"https:\/\/webmedia.org.br\/2023\/programacao-wtvdi-workshop-futuro-da-tv-digital-interativa\/\">WTVDI<\/a><\/td><td><a href=\"https:\/\/webmedia.org.br\/2023\/programacao-mini-cursos\/#mc1\">MC1<\/a><\/td><td><a href=\"https:\/\/webmedia.org.br\/2023\/programacao-mini-cursos\/#mc2\">MC2<\/a><\/td><td><a href=\"https:\/\/webmedia.org.br\/2023\/programacao-mini-cursos\/#mc3\">MC3<\/a><\/td><td><\/td><\/tr><tr><td>12:30 \u00c0S 14:00<\/td><td colspan=\"4\"><em>ALMO\u00c7O<\/em><\/td><\/tr><tr><td>14:00 \u00c0S 16:00<\/td><td><a href=\"https:\/\/webmedia.org.br\/2023\/programacao-wtvdi-workshop-futuro-da-tv-digital-interativa\/\">WTVDI<\/a><\/td><td><a href=\"https:\/\/webmedia.org.br\/2023\/programacao-mini-cursos\/#mc1\">MC1<\/a><\/td><td><a href=\"https:\/\/webmedia.org.br\/2023\/programacao-mini-cursos\/#mc2\">MC2<\/a><\/td><td><\/td><td><a href=\"https:\/\/webmedia.org.br\/2023\/programacao-tutoriais\/#t1\">TUTORIAL 1<\/a><\/td><\/tr><tr><td>16:00 \u00c0S 16:30<\/td><td colspan=\"4\"><em>COFFEE-BREAK<\/em><\/td><\/tr><tr><td>16:30 \u00c0S 18:30<\/td><td><a href=\"https:\/\/webmedia.org.br\/2023\/programacao-wtvdi-workshop-futuro-da-tv-digital-interativa\/\">WTVDI<\/a><\/td><td><a href=\"https:\/\/webmedia.org.br\/2023\/programacao-mini-cursos\/#mc3\"><\/a><a href=\"https:\/\/webmedia.org.br\/2023\/programacao-mini-cursos\/#mc1\">MC1<\/a><\/td><td><a href=\"https:\/\/webmedia.org.br\/2023\/programacao-mini-cursos\/#mc2\">MC2<\/a><\/td><td><\/td><td><\/td><\/tr><\/tbody><\/table><\/figure>\n\n\n\n<figure class=\"wp-block-table aligncenter\"><table><tbody><tr><td class=\"has-text-align-center\" data-align=\"center\"><a href=\"#23\" data-type=\"internal\" data-id=\"#23\">23\/10\/23<\/a><\/td><td><a href=\"#24\" data-type=\"internal\" data-id=\"#24\">24\/10\/23<\/a><\/td><td><a href=\"#25\" data-type=\"internal\" data-id=\"#25\">25\/10\/23<\/a><\/td><td><a href=\"#26\" data-type=\"internal\" data-id=\"#26\">26\/10\/23<\/a><\/td><td><a href=\"#27\">27\/10\/23<\/a><\/td><\/tr><\/tbody><\/table><figcaption class=\"wp-element-caption\">                                       MC = MINICURSO | PL = PALESTRA | ST = SE\u00c7\u00c3O T\u00c9CNICA<\/figcaption><\/figure>\n\n\n\n<h3 class=\"wp-block-heading\" id=\"24\">24\/outubro: TER\u00c7A-FEIRA<\/h3>\n\n\n\n<figure class=\"wp-block-table is-style-stripes\"><table class=\"has-fixed-layout\"><tbody><tr><td><\/td><td><strong>AUDIT\u00d3RIO<\/strong><\/td><td><\/td><td><strong>ANFITEATRO<\/strong><\/td><td><strong>SALA C32<\/strong><\/td><\/tr><tr><td>8:00 \u00c0S 8:30<\/td><td colspan=\"3\">CREDENCIAMENTO E RECEP\u00c7\u00c3O DE MATERIAL<\/td><td><\/td><\/tr><tr><td>8:30 \u00c0S 10:30<\/td><td><a href=\"https:\/\/webmedia.org.br\/2023\/programacao-st-secoes-tecnicas\/#st1\">ST1<\/a><\/td><td><\/td><td><a href=\"https:\/\/webmedia.org.br\/2023\/programacao-st-secoes-tecnicas\/#st2\">ST2<\/a><\/td><td><a href=\"https:\/\/webmedia.org.br\/2023\/programacao-wfa-lf\/#wfalf1\">WFA\/LF1<\/a><\/td><\/tr><tr><td>10:30 \u00c0S 11:00<\/td><td colspan=\"3\"><em>COFFEE-BREAK<\/em><\/td><td><\/td><\/tr><tr><td>11:00 \u00c0S 12:30<\/td><td><a href=\"https:\/\/webmedia.org.br\/2023\/palestras\/#pli1\">PLI1 &#8211; Towards Volumetric Video Conferencing (Pablo Cesar | CWI and TU Delft)<\/a><\/td><td><\/td><td><\/td><td><\/td><\/tr><tr><td>12:30 \u00c0S 14:00<\/td><td colspan=\"3\"><em>ALMO\u00c7O<\/em><\/td><td><\/td><\/tr><tr><td>14:00 \u00c0S 16:00<\/td><td><\/td><td><\/td><td><a href=\"https:\/\/webmedia.org.br\/2023\/programacao-st-secoes-tecnicas\/#st3\">ST3<\/a><\/td><td><a href=\"https:\/\/webmedia.org.br\/2023\/programacao-wfa-lf\/#wfalf2\">WFA\/LF2<\/a><\/td><\/tr><tr><td>16:00 \u00c0S 16:30<\/td><td colspan=\"3\"><em>COFFEE-BREAK<\/em><\/td><td><\/td><\/tr><tr><td>16:30 \u00c0S 18:30<\/td><td><a href=\"https:\/\/webmedia.org.br\/2023\/palestras\/#pln1\">PLN1 &#8211; Governan\u00e7a da Internet no Brasil: Desvendando o Trabalho do CGI.BR e do NIC.br (Tanara Lauschner da Universidade Federal do Amazonas<\/a>) (<em>on-line<\/em>)<\/td><td><\/td><td><\/td><td><\/td><\/tr><tr><td>18:30 \u00c0S 19:30<\/td><td colspan=\"3\"><em>ABERTURA<\/em><\/td><td><\/td><\/tr><tr><td>19:30 AS 21:30<\/td><td colspan=\"3\"><em>COQUETEL<\/em><\/td><td><\/td><\/tr><\/tbody><\/table><\/figure>\n\n\n\n<figure class=\"wp-block-table aligncenter\"><table><tbody><tr><td class=\"has-text-align-center\" data-align=\"center\"><a href=\"#23\" data-type=\"internal\" data-id=\"#23\">23\/10\/23<\/a><\/td><td><a href=\"#24\" data-type=\"internal\" data-id=\"#24\">24\/10\/23<\/a><\/td><td><a href=\"#25\" data-type=\"internal\" data-id=\"#25\">25\/10\/23<\/a><\/td><td><a href=\"#26\" data-type=\"internal\" data-id=\"#26\">26\/10\/23<\/a><\/td><td><a href=\"#27\">27\/10\/23<\/a><\/td><\/tr><\/tbody><\/table><figcaption class=\"wp-element-caption\">                                       MC = MINICURSO | PL = PALESTRA | ST = SE\u00c7\u00c3O T\u00c9CNICA<\/figcaption><\/figure>\n\n\n\n<h3 class=\"wp-block-heading\" id=\"25\">25\/outubro: QUARTA-FEIRA<\/h3>\n\n\n\n<figure class=\"wp-block-table is-style-stripes\"><table class=\"has-fixed-layout\"><tbody><tr><td><\/td><td><strong>AUDIT\u00d3RIO<\/strong><\/td><td><strong>ANFITEATRO<\/strong><\/td><td><strong>SALA C32<\/strong><\/td><\/tr><tr><td>8:00 \u00c0S 8:30<\/td><td colspan=\"3\">CREDENCIAMENTO E RECEP\u00c7\u00c3O DE MATERIAL<\/td><\/tr><tr><td>8:30 \u00c0S 10:30<\/td><td><a href=\"https:\/\/webmedia.org.br\/2023\/palestras\/#pln2\">PLN2 &#8211; Como tornar conte\u00fados digitais acess\u00edveis (Amanda Marques | NIC.br)<\/a><\/td><td><a href=\"https:\/\/webmedia.org.br\/2023\/programacao-st-secoes-tecnicas\/#st4\">ST4<\/a><\/td><td><a href=\"https:\/\/webmedia.org.br\/2023\/programacao-ctic\/#ctic1\">CTIC1<\/a><\/td><\/tr><tr><td>10:30 \u00c0S 11:00<\/td><td colspan=\"3\"><em>COFFEE-BREAK<\/em><\/td><\/tr><tr><td>11:00 \u00c0S 12:30<\/td><td><a href=\"https:\/\/webmedia.org.br\/2023\/palestras\/#pli2\">PLI2 &#8211; Quality of Experience of Immersive Media \u2013 New Challenges (Mylene C.Q. Farias | Texas State University)<\/a><\/td><td><\/td><td><\/td><\/tr><tr><td>12:30 \u00c0S 14:00<\/td><td colspan=\"3\"><em>ALMO\u00c7O<\/em><\/td><\/tr><tr><td>14:00 \u00c0S 16:00<\/td><td><a href=\"https:\/\/webmedia.org.br\/2023\/programacao-tutoriais\/#t2\">TUTORIAL 2<\/a><\/td><td><a href=\"https:\/\/webmedia.org.br\/2023\/programacao-st-secoes-tecnicas\/#st5\">ST5<\/a><\/td><td><a href=\"https:\/\/webmedia.org.br\/2023\/programacao-ctic\/#ctic2\">CTIC2 <\/a><\/td><\/tr><tr><td>16:00 \u00c0S 16:30<\/td><td colspan=\"3\"><em>COFFEE-BREAK<\/em><\/td><\/tr><tr><td>16:30 \u00c0S 18:30<\/td><td><a href=\"https:\/\/webmedia.org.br\/2023\/programacao-painel-direito-ia\/\" data-type=\"link\" data-id=\"https:\/\/webmedia.org.br\/2023\/programacao-painel-direito-ia\/\">PAINEL<br>&#8220;Direito e IA: perspectivas e desafios&#8221;<\/a><\/td><td><\/td><td><\/td><\/tr><tr><td>18:30 \u00c0S 19:30<\/td><td colspan=\"3\">REUNI\u00c3O CE-WEMEDIA<\/td><\/tr><\/tbody><\/table><\/figure>\n\n\n\n<figure class=\"wp-block-table aligncenter\"><table><tbody><tr><td class=\"has-text-align-center\" data-align=\"center\"><a href=\"#23\" data-type=\"internal\" data-id=\"#23\">23\/10\/23<\/a><\/td><td><a href=\"#24\" data-type=\"internal\" data-id=\"#24\">24\/10\/23<\/a><\/td><td><a href=\"#25\" data-type=\"internal\" data-id=\"#25\">25\/10\/23<\/a><\/td><td><a href=\"#26\" data-type=\"internal\" data-id=\"#26\">26\/10\/23<\/a><\/td><td><a href=\"#27\">27\/10\/23<\/a><\/td><\/tr><\/tbody><\/table><figcaption class=\"wp-element-caption\">                                       MC = MINICURSO | PL = PALESTRA | ST = SE\u00c7\u00c3O T\u00c9CNICA<\/figcaption><\/figure>\n\n\n\n<h3 class=\"wp-block-heading\" id=\"26\">26\/outubro: QUINTA-FEIRA<\/h3>\n\n\n\n<figure class=\"wp-block-table is-style-stripes\"><table class=\"has-fixed-layout\"><tbody><tr><td><\/td><td><strong>AUDIT\u00d3RIO<\/strong><\/td><td><strong>ANFITEATRO<\/strong><\/td><td><strong>SALA C32<\/strong><\/td><\/tr><tr><td>8:00 \u00c0S 8:30<\/td><td colspan=\"3\">CREDENCIAMENTO E RECEP\u00c7\u00c3O DE MATERIAL<\/td><\/tr><tr><td>8:30 \u00c0S 10:30<\/td><td><a href=\"https:\/\/webmedia.org.br\/2023\/programacao-st-secoes-tecnicas\/#st7\">ST7<\/a><\/td><td><a href=\"https:\/\/webmedia.org.br\/2023\/programacao-st-secoes-tecnicas\/#st6\">ST6<\/a><\/td><td><a href=\"https:\/\/webmedia.org.br\/2023\/programacao-ctd\/#ctd1\">CTD1<\/a><\/td><\/tr><tr><td>10:30 \u00c0S 11:00<\/td><td colspan=\"3\"><em>COFFEE-BREAK<\/em><\/td><\/tr><tr><td>11:00 \u00c0S 12:30<\/td><td><a href=\"https:\/\/webmedia.org.br\/2023\/palestras\/#pli3\">PLI3 &#8211; Bytes and Rhythms \u2013 Delving into the Tech-Driven Evolution of Food and Music (Alexandra Covaci | University of Kent)<\/a><\/td><td><\/td><td><\/td><\/tr><tr><td>12:30 \u00c0S 14:00<\/td><td colspan=\"3\"><em>ALMO\u00c7O<\/em><\/td><\/tr><tr><td>14:00 \u00c0S 16:00<\/td><td><a href=\"https:\/\/webmedia.org.br\/2023\/palestras\/#gt\">Globo Talk<\/a> &amp; <br>Challenge WebMedia<\/td><td><\/td><td><a href=\"https:\/\/webmedia.org.br\/2023\/programacao-ctd\/#ctd2\">CTD2<\/a><\/td><\/tr><tr><td>16:00 \u00c0S 16:30<\/td><td colspan=\"3\"><em>COFFEE-BREAK<\/em><\/td><\/tr><tr><td>16:30 \u00c0S 18:30<\/td><td><a href=\"https:\/\/webmedia.org.br\/2023\/programacao-painel-w4e\/\">PAINEL W4E<\/a><\/td><td><\/td><td><\/td><\/tr><tr><td>19:30 \u00c0S 22:30<\/td><td colspan=\"3\">JANTAR + PREMIA\u00c7\u00c3O COMPETI\u00c7\u00c3O<\/td><\/tr><\/tbody><\/table><\/figure>\n\n\n\n<figure class=\"wp-block-table aligncenter\"><table><tbody><tr><td class=\"has-text-align-center\" data-align=\"center\"><a href=\"#23\" data-type=\"internal\" data-id=\"#23\">23\/10\/23<\/a><\/td><td><a href=\"#24\" data-type=\"internal\" data-id=\"#24\">24\/10\/23<\/a><\/td><td><a href=\"#25\" data-type=\"internal\" data-id=\"#25\">25\/10\/23<\/a><\/td><td><a href=\"#26\" data-type=\"internal\" data-id=\"#26\">26\/10\/23<\/a><\/td><td><a href=\"#27\">27\/10\/23<\/a><\/td><\/tr><\/tbody><\/table><figcaption class=\"wp-element-caption\">                                       MC = MINICURSO | PL = PALESTRA | ST = SE\u00c7\u00c3O T\u00c9CNICA<\/figcaption><\/figure>\n\n\n\n<h3 class=\"wp-block-heading\" id=\"27\">27\/outubro: SEXTA-FEIRA<\/h3>\n\n\n\n<figure class=\"wp-block-table is-style-stripes\"><table class=\"has-fixed-layout\"><tbody><tr><td><\/td><td colspan=\"3\"><strong>AUDIT\u00d3RIO<\/strong><\/td><\/tr><tr><td>8:30 \u00c0S 9:00<\/td><td colspan=\"3\">CREDENCIAMENTO E RECEP\u00c7\u00c3O DE MATERIAL NA FDRP<\/td><\/tr><tr><td>9:00 \u00c0S 10:30<\/td><td colspan=\"3\"><a href=\"https:\/\/webmedia.org.br\/2023\/programacao-st-secoes-tecnicas\/#st8\">ST8<\/a><\/td><\/tr><tr><td>10:45 \u00c0S 12:00<\/td><td colspan=\"3\"><a href=\"https:\/\/webmedia.org.br\/2023\/programacao-st-secoes-tecnicas\/#st9\">ST9<\/a><\/td><\/tr><tr><td>12:00 \u00c0S 13:00<\/td><td colspan=\"3\">BRUNCH &#8211; ENCERRAMENTO<\/td><\/tr><tr><td>14:00 \u00c0S 16:30<\/td><td colspan=\"3\">Tour\/Visita Guiada<\/td><\/tr><\/tbody><\/table><\/figure>\n\n\n\n<figure class=\"wp-block-table aligncenter\"><table><tbody><tr><td class=\"has-text-align-center\" data-align=\"center\"><a href=\"#23\" data-type=\"internal\" data-id=\"#23\">23\/10\/23<\/a><\/td><td><a href=\"#24\" data-type=\"internal\" data-id=\"#24\">24\/10\/23<\/a><\/td><td><a href=\"#25\" data-type=\"internal\" data-id=\"#25\">25\/10\/23<\/a><\/td><td><a href=\"#26\" data-type=\"internal\" data-id=\"#26\">26\/10\/23<\/a><\/td><td><a href=\"#27\">27\/10\/23<\/a><\/td><\/tr><\/tbody><\/table><figcaption class=\"wp-element-caption\">                                       MC = MINICURSO | PL = PALESTRA | ST = SE\u00c7\u00c3O T\u00c9CNICA<\/figcaption><\/figure>\n","protected":false},"excerpt":{"rendered":"<p>23\/outubro: SEGUNDA-FEIRA ANFITEATRO LAB 601 LAB 600 LAB 602 SALA 502 7:30 \u00c0S 8:00 CREDENCIAMENTO E RECEP\u00c7\u00c3O DE MATERIAL 8:00 \u00c0S 10:00 [&hellip;]<\/p>\n","protected":false},"author":1,"featured_media":0,"parent":0,"menu_order":0,"comment_status":"closed","ping_status":"closed","template":"page-templates\/page_fullwidth.php","meta":{"footnotes":""},"class_list":["post-54","page","type-page","status-publish","hentry"],"_links":{"self":[{"href":"https:\/\/webmedia.org.br\/2023\/wp-json\/wp\/v2\/pages\/54","targetHints":{"allow":["GET"]}}],"collection":[{"href":"https:\/\/webmedia.org.br\/2023\/wp-json\/wp\/v2\/pages"}],"about":[{"href":"https:\/\/webmedia.org.br\/2023\/wp-json\/wp\/v2\/types\/page"}],"author":[{"embeddable":true,"href":"https:\/\/webmedia.org.br\/2023\/wp-json\/wp\/v2\/users\/1"}],"replies":[{"embeddable":true,"href":"https:\/\/webmedia.org.br\/2023\/wp-json\/wp\/v2\/comments?post=54"}],"version-history":[{"count":53,"href":"https:\/\/webmedia.org.br\/2023\/wp-json\/wp\/v2\/pages\/54\/revisions"}],"predecessor-version":[{"id":1056,"href":"https:\/\/webmedia.org.br\/2023\/wp-json\/wp\/v2\/pages\/54\/revisions\/1056"}],"wp:attachment":[{"href":"https:\/\/webmedia.org.br\/2023\/wp-json\/wp\/v2\/media?parent=54"}],"curies":[{"name":"wp","href":"https:\/\/api.w.org\/{rel}","templated":true}]}}