{"id":52,"date":"2023-03-11T21:05:12","date_gmt":"2023-03-12T00:05:12","guid":{"rendered":"https:\/\/webmedia.org.br\/2023\/?page_id=52"},"modified":"2023-08-16T18:42:39","modified_gmt":"2023-08-16T21:42:39","slug":"trabalhos-aceitos","status":"publish","type":"page","link":"https:\/\/webmedia.org.br\/2023\/trabalhos-aceitos\/","title":{"rendered":"Trabalhos Aceitos &#8211; Instru\u00e7\u00f5es"},"content":{"rendered":"\n<h2 class=\"wp-block-heading\"><strong>Instru\u00e7\u00f5es para envio das vers\u00f5es finais dos artigos para WFA, Pr\u00eamio LF, CTD e CTIC<\/strong><\/h2>\n\n\n\n<p>\u00c9 necess\u00e1rio preparar a vers\u00e3o final usando os templates dispon\u00edveis nas respectivas chamadas de trabalhos. Al\u00e9m disso, \u00e9 necess\u00e1rio atualizar o local de publica\u00e7\u00e3o do artigo que \u00e9 apresentado em nota na primeira p\u00e1gina do artigo. Para isto, siga as instru\u00e7\u00f5es abaixo:<\/p>\n\n\n\n<ul class=\"wp-block-list\">\n<li>Para os artigos produzidos com Latex, \u00e9 necess\u00e1rio substituir o arquivo webmedia.cls pelo arquivo dispon\u00edvel <a href=\"https:\/\/drive.google.com\/file\/d\/1UPii9SC1ccWUexBJ5Txb9iWwXEzGvEUI\/view?usp=sharing\" target=\"_blank\" rel=\"noreferrer noopener\">neste link<\/a>;<\/li>\n\n\n\n<li>Para os artigos produzidos em Word, \u00e9 necess\u00e1rio atualizar o conte\u00fado da nota com informa\u00e7\u00f5es de publica\u00e7\u00e3o conforme os seguintes templates: <a href=\"https:\/\/drive.google.com\/file\/d\/1tx1GqRE_sVMqKaxxY9vvvpmfGFQMpPGZ\/view?usp=sharing\" target=\"_blank\" rel=\"noreferrer noopener\">CTD<\/a>, <a href=\"https:\/\/drive.google.com\/file\/d\/1_rJ_ljm8L1_euqqOYhVPiV6kgkUOjej8\/view?usp=sharing\" target=\"_blank\" rel=\"noreferrer noopener\">WFA\/Pr\u00eamio LF<\/a> e <a href=\"https:\/\/drive.google.com\/file\/d\/12m-A-8T39LPzs8ipdM8sMTQPf9ZjtIY1\/view?usp=sharing\" target=\"_blank\" rel=\"noreferrer noopener\">CTIC<\/a>.<\/li>\n<\/ul>\n\n\n\n<p>Tamb\u00e9m \u00e9 necess\u00e1rio preencher e enviar em conjunto os seguintes documentos (em pdf):<\/p>\n\n\n\n<ul class=\"wp-block-list\">\n<li><a href=\"https:\/\/docs.google.com\/document\/d\/1ugAVTnr6J0PYnhXfyAlbxRp5rZACXKqoYkxQs3KMxLI\/edit?usp=sharing\" target=\"_blank\" rel=\"noreferrer noopener\">Contrato de Cess\u00e3o de Direitos Autorais SBC (WebMedia2023)<\/a><\/li>\n\n\n\n<li><a href=\"https:\/\/docs.google.com\/document\/d\/1oMPjNr_xWo9m9ED2ZTWPAYKEe_USx4lcXcIZKH_jOS8\/edit?usp=sharing\" target=\"_blank\" rel=\"noreferrer noopener\">Termo de Autoriza\u00e7\u00e3o de Uso de Imagem, Voz e respectiva Cess\u00e3o de Direitos SBC (WebMedia 2023)<\/a><\/li>\n<\/ul>\n\n\n\n<p>Obs.: os links d\u00e3o acesso a um documento compartilhado apenas para leitura. Para edi\u00e7\u00e3o, crie uma c\u00f3pia local ou ent\u00e3o fa\u00e7a o download do arquivo .doc.&nbsp;<\/p>\n\n\n\n<p>Para entrega da vers\u00e3o final e dos termos \u00e9 necess\u00e1rio acessar o sistema de submiss\u00e3o JEMS de seu workshop e realizar o upload dos arquivos.<\/p>\n\n\n\n<h4 class=\"wp-block-heading\">Outras informa\u00e7\u00f5es importantes<\/h4>\n\n\n\n<ul class=\"wp-block-list\">\n<li>Ao menos um autor deve estar inscrito no evento at\u00e9 10 de Outubro (e apresentar presencialmente o trabalho no evento)<\/li>\n\n\n\n<li>Fique atento \u00e0s datas limite para envio da vers\u00e3o final (consulte a p\u00e1gina espec\u00edfica de cada chamada)<\/li>\n<\/ul>\n\n\n\n<p>Sobre a formata\u00e7\u00e3o dos trabalhos, observar:<\/p>\n\n\n\n<ul class=\"wp-block-list\">\n<li>O artigo pode ser escrito em ingl\u00eas ou portugu\u00eas. No caso de artigos escritos em portugu\u00eas, \u00e9 necess\u00e1rio incluir um \u201cabstract\u201d e \u201ckeywords\u201d em ingl\u00eas.<\/li>\n\n\n\n<li>O artigo n\u00e3o poder\u00e1 conter \u201cresumo\u201d e \u201cpalavras-chave\u201d em portugu\u00eas;<\/li>\n\n\n\n<li>O artigo n\u00e3o pode conter a se\u00e7\u00e3o CSS Concepts do template ACM;<\/li>\n\n\n\n<li>As p\u00e1ginas do artigo n\u00e3o podem ser numeradas;<\/li>\n\n\n\n<li>O tamanho das p\u00e1ginas do artigo \u00e9 Carta (21,59 cm x 27,94 cm);<\/li>\n\n\n\n<li>No lugar da \u00e1rea de Licen\u00e7a da ACM, o artigo dever\u00e1 conter informa\u00e7\u00f5es de publica\u00e7\u00e3o, conforme os templates disponibilizados.<\/li>\n\n\n\n<li>Para usu\u00e1rios do Word, \u00e9 necess\u00e1rio instalar os Fontes ACM (em C:\\Windows\\Fonts) para que seja utilizada as fontes adotados nos anais (e disponibilizadas junto com o template do seu workshop)<\/li>\n<\/ul>\n\n\n\n<h2 class=\"wp-block-heading\"><strong>Instru\u00e7\u00f5es para envio das vers\u00f5es finais dos artigos completos e curtos (exclusivo trilha principal)<\/strong><\/h2>\n\n\n\n<h6 class=\"wp-block-heading\">Considere as instru\u00e7\u00f5es recebidas por e-mail. Em resumo:<\/h6>\n\n\n\n<ul class=\"wp-block-list\">\n<li>Revise o seu artigo de forma a responder \u00e0s revis\u00f5es propostas.<\/li>\n\n\n\n<li>Garanta que a vers\u00e3o revisada do seu artigo esteja limitada a 13 p\u00e1ginas para artigos completos e 6 p\u00e1ginas para artigos curtos (sem considerar as refer\u00eancias em ambos os casos). Aten\u00e7\u00e3o: o limite de p\u00e1ginas refere-se \u00e0 vers\u00e3o de revis\u00e3o, ou seja, ao arquivo gerado utilizando o comando&nbsp; \\documentclass[manuscript,review,anonymous]{acmart}.<\/li>\n\n\n\n<li>Submeta esta vers\u00e3o de revis\u00e3o via JEMS (para que possamos conferir o limite de p\u00e1ginas), juntamente com o <a href=\"https:\/\/docs.google.com\/document\/d\/1oMPjNr_xWo9m9ED2ZTWPAYKEe_USx4lcXcIZKH_jOS8\/edit?usp=sharing\" target=\"_blank\" rel=\"noreferrer noopener\">Termo de Autoriza\u00e7\u00e3o de Uso de Imagem, Voz e Respectiva Cess\u00e3o de Direitos<\/a>.<\/li>\n\n\n\n<li>Ap\u00f3s completar as instru\u00e7\u00f5es recebidas por e-mail para preenchimento dos metadados, espere um email de rightsreview@acm.org (por favor confira tamb\u00e9m sua caixa de spam). O t\u00edtulo do trabalho, os nomes e a ordem dos autores, bem como suas afilia\u00e7\u00f5es devem ser exatamente as mesmas que aquelas presentes na vers\u00e3o final do artigo.<\/li>\n\n\n\n<li>Ap\u00f3s completar o <em>ACM E-rights form <\/em>voc\u00ea receber\u00e1 via e-mail as informa\u00e7\u00f5es necess\u00e1rias para a prepara\u00e7\u00e3o da vers\u00e3o final (DOI, ISBN, etc).<\/li>\n\n\n\n<li>Al\u00e9m disso, voc\u00ea receber\u00e1 tamb\u00e9m um e-mail da <em>The ACM Production<\/em> com a notifica\u00e7\u00e3o&nbsp; para a submiss\u00e3o do paper via TAPS.\n<ul class=\"wp-block-list\">\n<li>Lembre-se que a submiss\u00e3o da vers\u00e3o final deve seguir o <a href=\"https:\/\/www.overleaf.com\/latex\/templates\/association-for-computing-machinery-acm-sig-proceedings-template\/bmvfhcdnxfty\" target=\"_blank\" rel=\"noreferrer noopener\">template LaTeX da ACM<\/a> utilizando o comando \\documentclass[sigconf]{acmart} (coluna dupla). N\u00e3o se preocupe com o limite final de p\u00e1ginas neste vers\u00e3o.<\/li>\n\n\n\n<li>Por favor leia: (i)\u00a0 <a href=\"https:\/\/www.acm.org\/binaries\/content\/assets\/publications\/taps\/acm_taps.pdf\" target=\"_blank\" rel=\"noreferrer noopener\">as instru\u00e7\u00f5es para submiss\u00e3o do seu trabalho ao The ACM Submission System (TAPS)<\/a> e (ii) as instru\u00e7\u00f5es de formata\u00e7\u00e3o gerais recebidas por email.<\/li>\n<\/ul>\n<\/li>\n<\/ul>\n\n\n\n<h4 class=\"wp-block-heading\">Outras informa\u00e7\u00f5es importantes<\/h4>\n\n\n\n<ul class=\"wp-block-list\">\n<li>A vers\u00e3o final deve ser submetida at\u00e9 25 de Agosto.<\/li>\n\n\n\n<li>Ao menos um autor deve estar inscrito no evento at\u00e9 10 de Outubro (e apresentar presencialmente o trabalho no evento)<\/li>\n<\/ul>\n","protected":false},"excerpt":{"rendered":"<p>Instru\u00e7\u00f5es para envio das vers\u00f5es finais dos artigos para WFA, Pr\u00eamio LF, CTD e CTIC \u00c9 necess\u00e1rio preparar a vers\u00e3o final usando [&hellip;]<\/p>\n","protected":false},"author":1,"featured_media":0,"parent":0,"menu_order":0,"comment_status":"closed","ping_status":"closed","template":"page-templates\/page_fullwidth.php","meta":{"footnotes":""},"class_list":["post-52","page","type-page","status-publish","hentry"],"_links":{"self":[{"href":"https:\/\/webmedia.org.br\/2023\/wp-json\/wp\/v2\/pages\/52","targetHints":{"allow":["GET"]}}],"collection":[{"href":"https:\/\/webmedia.org.br\/2023\/wp-json\/wp\/v2\/pages"}],"about":[{"href":"https:\/\/webmedia.org.br\/2023\/wp-json\/wp\/v2\/types\/page"}],"author":[{"embeddable":true,"href":"https:\/\/webmedia.org.br\/2023\/wp-json\/wp\/v2\/users\/1"}],"replies":[{"embeddable":true,"href":"https:\/\/webmedia.org.br\/2023\/wp-json\/wp\/v2\/comments?post=52"}],"version-history":[{"count":5,"href":"https:\/\/webmedia.org.br\/2023\/wp-json\/wp\/v2\/pages\/52\/revisions"}],"predecessor-version":[{"id":761,"href":"https:\/\/webmedia.org.br\/2023\/wp-json\/wp\/v2\/pages\/52\/revisions\/761"}],"wp:attachment":[{"href":"https:\/\/webmedia.org.br\/2023\/wp-json\/wp\/v2\/media?parent=52"}],"curies":[{"name":"wp","href":"https:\/\/api.w.org\/{rel}","templated":true}]}}