{"id":50,"date":"2023-03-11T21:04:40","date_gmt":"2023-03-12T00:04:40","guid":{"rendered":"https:\/\/webmedia.org.br\/2023\/?page_id=50"},"modified":"2023-09-01T01:02:42","modified_gmt":"2023-09-01T04:02:42","slug":"minicursos","status":"publish","type":"page","link":"https:\/\/webmedia.org.br\/2023\/minicursos\/","title":{"rendered":"Minicursos e Tutoriais"},"content":{"rendered":"\n<h3 class=\"wp-block-heading\">Chamada de Propostas para Minicursos e Tutoriais<\/h3>\n\n\n\n<p>Minicursos e tutoriais est\u00e3o entre as principais atividades t\u00e9cnicas do WebMedia 2023. Eles t\u00eam como objetivo oferecer treinamento em temas nem sempre cobertos nas grades curriculares ou que despertam grande interesse entre profissionais e acad\u00eamicos.<\/p>\n\n\n\n<p>Em uma nova abordagem, o WebMedia 2023 realizou uma consulta entre alunos de gradua\u00e7\u00e3o da regi\u00e3o para identificar temas de interesse por minicursos. Os temas de maior interesse s\u00e3o Full-stack Web Development, Web e Mobile UX, Web Design, Seguran\u00e7a na Web, Web DevOps, Microservi\u00e7os &amp; Cia, bem como Kotlin Mobile Dev.<\/p>\n\n\n\n<p>Profissionais, professores e p\u00f3s-graduandos de todas as regi\u00f5es s\u00e3o convidados a apresentar propostas de tutoriais (2h) e minicursos (4h, 6h ou 8h) abrangendo esses e outros temas de interesse da comunidade. No entanto, \u00e9 importante observar que o evento n\u00e3o oferecer\u00e1 suporte financeiro para despesas de deslocamento dos palestrantes.<\/p>\n\n\n\n<p>Para a apresenta\u00e7\u00e3o durante o evento, para autores de fora de Ribeir\u00e3o Preto ser\u00e3o financiadas tr\u00eas di\u00e1rias para um autor de cada minicurso\/tutorial aceito.<\/p>\n\n\n\n<p>As propostas submetidas ser\u00e3o avaliadas por tr\u00eas ou mais membros do comit\u00ea de avalia\u00e7\u00e3o. Ser\u00e3o considerados na avalia\u00e7\u00e3o os seguintes crit\u00e9rios: relev\u00e2ncia e atualidade da proposta diante dos temas de interesse supracitados ou outros temas de interesse da comunidade, qualidade t\u00e9cnica da proposta e experi\u00eancia dos proponentes no tema proposto. As melhores propostas em temas distintos ser\u00e3o aceitas para apresenta\u00e7\u00e3o no Webmedia e convidadas para publica\u00e7\u00e3o como cap\u00edtulo de livro.<\/p>\n\n\n\n<h3 class=\"wp-block-heading\">Instru\u00e7\u00f5es para Autores<\/h3>\n\n\n\n<p>Cada minicurso deve ser estruturado para ser apresentado durante o WebMedia 2023 em um total de quatro ou oito horas. Cada tutorial deve ser estruturado para ser apresentado durante o WebMedia 2022 em um total de duas horas.<\/p>\n\n\n\n<p>\u00c9 importante observar que, para os minicursos, os ministrantes devem produzir um texto did\u00e1tico correspondente, que far\u00e1 parte do livro de minicursos do evento. Esse material \u00e9 opcional para tutoriais.<\/p>\n\n\n\n<p>Interessados em ministrar um minicurso ou tutorial devem submeter proposta de at\u00e9 quatro (4) p\u00e1ginas (excluindo-se os CVs dos autores), contendo as informa\u00e7\u00f5es enumeradas a seguir:<\/p>\n\n\n\n<ol class=\"wp-block-list\">\n<li>Dados de Identifica\u00e7\u00e3o\n<ul class=\"wp-block-list\">\n<li>T\u00edtulo do minicurso\/tutorial<\/li>\n\n\n\n<li>Autor(es): institui\u00e7\u00e3o(\u00e7\u00f5es), endere\u00e7o(s), telefone(s), e-mail(s)<\/li>\n\n\n\n<li>Indica\u00e7\u00e3o do(s) autor(es) que apresentar\u00e1(\u00e3o) o minicurso\/tutorial<\/li>\n\n\n\n<li>Tipo: Minicurso ou Tutorial<\/li>\n\n\n\n<li>Dura\u00e7\u00e3o: 2, 4, 6 ou 8 horas<\/li>\n<\/ul>\n<\/li>\n\n\n\n<li>Dados Gerais\n<ul class=\"wp-block-list\">\n<li>Objetivos do minicurso\/tutorial, com o tratamento dado ao tema, seja ele te\u00f3rico ou pr\u00e1tico<\/li>\n\n\n\n<li>Perfil do p\u00fablico-alvo.<\/li>\n\n\n\n<li>Estrutura em t\u00f3picos prevista para o cap\u00edtulo de livro (minicurso) ou artigo (tutorial)**<\/li>\n\n\n\n<li>Para cada t\u00f3pico previsto no item 3, informar um resumo do conte\u00fado a ser abordado e previs\u00e3o do n\u00famero de p\u00e1ginas.<\/li>\n\n\n\n<li>Estrutura necess\u00e1ria (e.g. laborat\u00f3rio ou alunos com seus pr\u00f3prios notebooks)<\/li>\n<\/ul>\n<\/li>\n\n\n\n<li>Bibliografia principal utilizada na prepara\u00e7\u00e3o do curso\/tutorial (m\u00e1ximo de 1 p\u00e1gina).<\/li>\n\n\n\n<li>Curriculum Vitae resumido dos autores (m\u00e1ximo de 1 p\u00e1gina por autor).<\/li>\n<\/ol>\n\n\n\n<h3 class=\"wp-block-heading\">Como submeter<\/h3>\n\n\n\n<p>Exclusivamente via JEMS neste link: <a href=\"https:\/\/jems.sbc.org.br\/home.cgi?c=4321\" target=\"_blank\" rel=\"noreferrer noopener\">https:\/\/jems.sbc.org.br\/home.cgi?c=4321<\/a><\/p>\n\n\n\n<h3 class=\"wp-block-heading\">Datas: submeter at\u00e9 31\/agosto<\/h3>\n\n\n\n<ul class=\"wp-block-list\">\n<li>Registro e submiss\u00e3o: 31 de Agosto de 2023<\/li>\n\n\n\n<li>Notifica\u00e7\u00e3o aos autores: 15 de Setembro de 2023<\/li>\n\n\n\n<li>Vers\u00e3o digital do material did\u00e1tico a ser apresentado: 20 de Outubro<\/li>\n\n\n\n<li>Vers\u00e3o do texto para cap\u00edtulo de livro (opcional): 20 de Novembro<\/li>\n<\/ul>\n","protected":false},"excerpt":{"rendered":"<p>Chamada de Propostas para Minicursos e Tutoriais Minicursos e tutoriais est\u00e3o entre as principais atividades t\u00e9cnicas do WebMedia 2023. Eles t\u00eam como [&hellip;]<\/p>\n","protected":false},"author":1,"featured_media":0,"parent":0,"menu_order":0,"comment_status":"closed","ping_status":"closed","template":"page-templates\/page_fullwidth.php","meta":{"footnotes":""},"class_list":["post-50","page","type-page","status-publish","hentry"],"_links":{"self":[{"href":"https:\/\/webmedia.org.br\/2023\/wp-json\/wp\/v2\/pages\/50","targetHints":{"allow":["GET"]}}],"collection":[{"href":"https:\/\/webmedia.org.br\/2023\/wp-json\/wp\/v2\/pages"}],"about":[{"href":"https:\/\/webmedia.org.br\/2023\/wp-json\/wp\/v2\/types\/page"}],"author":[{"embeddable":true,"href":"https:\/\/webmedia.org.br\/2023\/wp-json\/wp\/v2\/users\/1"}],"replies":[{"embeddable":true,"href":"https:\/\/webmedia.org.br\/2023\/wp-json\/wp\/v2\/comments?post=50"}],"version-history":[{"count":6,"href":"https:\/\/webmedia.org.br\/2023\/wp-json\/wp\/v2\/pages\/50\/revisions"}],"predecessor-version":[{"id":810,"href":"https:\/\/webmedia.org.br\/2023\/wp-json\/wp\/v2\/pages\/50\/revisions\/810"}],"wp:attachment":[{"href":"https:\/\/webmedia.org.br\/2023\/wp-json\/wp\/v2\/media?parent=50"}],"curies":[{"name":"wp","href":"https:\/\/api.w.org\/{rel}","templated":true}]}}