{"id":46,"date":"2023-03-11T21:03:45","date_gmt":"2023-03-12T00:03:45","guid":{"rendered":"https:\/\/webmedia.org.br\/2023\/?page_id=46"},"modified":"2023-07-17T09:48:28","modified_gmt":"2023-07-17T12:48:28","slug":"wfa","status":"publish","type":"page","link":"https:\/\/webmedia.org.br\/2023\/wfa\/","title":{"rendered":"WFA &#8211; Workshop de Ferramentas e Aplica\u00e7\u00f5es"},"content":{"rendered":"\n<p>O Workshop de Ferramentas e Aplica\u00e7\u00f5es \u00e9 um f\u00f3rum importante onde membros da academia e da ind\u00fastria podem apresentar suas \u00faltimas ferramentas, prot\u00f3tipos, aplica\u00e7\u00f5es e demonstra\u00e7\u00f5es. Com um car\u00e1ter mais pr\u00e1tico, no WFA h\u00e1 uma \u00eanfase na demonstra\u00e7\u00e3o de aplica\u00e7\u00f5es e ferramentas, na experi\u00eancia de seu desenvolvimento, em quest\u00f5es de implanta\u00e7\u00e3o e uso, e tamb\u00e9m nas perspectivas criadas por elas.<\/p>\n\n\n\n<p>Todos os trabalhos aprovados ficar\u00e3o dispon\u00edveis na <a href=\"https:\/\/sol.sbc.br\/\" target=\"_blank\" rel=\"noreferrer noopener\">biblioteca digital SBC<\/a>. Durante o evento, as ferramentas\/aplica\u00e7\u00f5es receber\u00e3o feedback de uma banca de especialistas em inova\u00e7\u00e3o e tamb\u00e9m de empreendedorismo. Os autores das melhores ferramentas\/aplica\u00e7\u00f5es receber\u00e3o certificados e ampla divulga\u00e7\u00e3o nos ve\u00edculos da SBC.<\/p>\n\n\n\n<p>Os t\u00f3picos abordados pelo workshop s\u00e3o os mesmos da trilha principal do evento, destacando-se que, nesta edi\u00e7\u00e3o, o WFA dar\u00e1 prioridade para solu\u00e7\u00f5es voltadas para a Sa\u00fade Digital. Tamb\u00e9m ser\u00e3o bem-vindas submiss\u00f5es de aplica\u00e7\u00f5es com propostas inovadoras de an\u00e1lise e\/ou metodologia sobre datasets e software de interesse do evento (ver <a href=\"https:\/\/webmedia.org.br\/2022\/dataset-software-de-interesse\/\" target=\"_blank\" rel=\"noreferrer noopener\">AQUI<\/a>) .<\/p>\n\n\n\n<h2 class=\"wp-block-heading\">Instru\u00e7\u00f5es para Autores<\/h2>\n\n\n\n<p>Trabalhos submetidos devem ser originais e n\u00e3o podem ter sido previamente publicados. Os autores devem submeter eletronicamente um artigo em ingl\u00eas ou portugu\u00eas, de at\u00e9 quatro p\u00e1ginas, incluindo todas figuras e refer\u00eancias.<\/p>\n\n\n\n<ul class=\"wp-block-list\">\n<li>O artigo apresentando a ferramenta\/aplica\u00e7\u00e3o deve conter uma descri\u00e7\u00e3o clara:<\/li>\n\n\n\n<li>Das metas da aplica\u00e7\u00e3o\/ferramenta<\/li>\n\n\n\n<li>De sua arquitetura<\/li>\n\n\n\n<li>De suas principais funcionalidades<\/li>\n\n\n\n<li>Do tipo de licen\u00e7a<\/li>\n\n\n\n<li>Das perspectivas criadas por ela (ex. uso puramente acad\u00eamico, social, comercial)<\/li>\n<\/ul>\n\n\n\n<p>\u00c9 fortemente recomendado que os autores disponibilizem no artigo URLs para o site ou download de um v\u00eddeo de demonstra\u00e7\u00e3o de sua ferramenta\/aplica\u00e7\u00e3o.<\/p>\n\n\n\n<p>Os artigos devem ser escritos de forma a permitir \u201c<em>double-blind review<\/em>\u201d. Isso requer que as identifica\u00e7\u00f5es dos autores sejam substitu\u00eddas por \u201c<em>removed for double-blind review<\/em>\u201d no in\u00edcio do artigo e em eventuais refer\u00eancias a seus trabalhos anteriores.<\/p>\n\n\n\n<p>A publica\u00e7\u00e3o final est\u00e1 condicionada \u00e0 inscri\u00e7\u00e3o no WebMedia 2023 de pelo menos um dos autores, que dever\u00e1 realizar a apresenta\u00e7\u00e3o do trabalho durante o evento. A comiss\u00e3o de organiza\u00e7\u00e3o do workshop trabalhar\u00e1 para promover a participa\u00e7\u00e3o presencial dos autores, buscando ajuda de custos e\/ou op\u00e7\u00f5es de hospedagem.<\/p>\n\n\n\n<h2 class=\"wp-block-heading\">Submiss\u00e3o de trabalhos<\/h2>\n\n\n\n<p>Os candidatos dever\u00e3o submeter seu trabalho eletronicamente pelo <a href=\"https:\/\/jems.sbc.org.br\/home.cgi?c=4319\" target=\"_blank\" rel=\"noreferrer noopener\">Sistema JEMS<\/a>, escolhendo a trilha WFA.<br>Todas as submiss\u00f5es para o WFA devem seguir os templates disponibilizados:<\/p>\n\n\n\n<ul class=\"wp-block-list\">\n<li>LaTeX: <a href=\"https:\/\/www.overleaf.com\/latex\/templates\/webmedia2022-ctd-ctic-wfa\/zkvdtvvnjjgg\" target=\"_blank\" rel=\"noreferrer noopener\">disponibilizado diretamente no Overleaf<\/a>. Aten\u00e7\u00e3o: o comando \\setevent{wfa} deve ser utilizado para ajustar as informa\u00e7\u00f5es do documento.<\/li>\n\n\n\n<li>Word: dispon\u00edvel <a href=\"https:\/\/drive.google.com\/file\/d\/1E959Z7zpmyri2OfwW-utiVB-v2FU_HvX\/view?usp=sharing\" target=\"_blank\" rel=\"noreferrer noopener\">neste link<\/a>.<\/li>\n<\/ul>\n\n\n\n<h2 class=\"wp-block-heading\">Datas Importantes<\/h2>\n\n\n\n<ul class=\"wp-block-list\">\n<li>Data limite para submiss\u00e3o: <s>10 de JULHO de 2023<\/s>  24 de JULHO de 2023<\/li>\n\n\n\n<li>Notifica\u00e7\u00e3o aos autores: <s>27 de JULHO de 2023<\/s>  7 de AGOSTO de 2023<\/li>\n\n\n\n<li>Vers\u00e3o final: <s>7 a 11 de AGOSTO de 2023<\/s>  <s>14 de AGOSTO de 2023<\/s>  31 de AGOSTO de 2023<\/li>\n<\/ul>\n\n\n\n<h2 class=\"wp-block-heading\">Coordena\u00e7\u00e3o<\/h2>\n\n\n\n<p>Carlos de Salles Soares Neto (UFMA)<br>Paulo Mazzoncini de Azevedo Marques (FMRP-USP)<\/p>\n","protected":false},"excerpt":{"rendered":"<p>O Workshop de Ferramentas e Aplica\u00e7\u00f5es \u00e9 um f\u00f3rum importante onde membros da academia e da ind\u00fastria podem apresentar suas \u00faltimas ferramentas, [&hellip;]<\/p>\n","protected":false},"author":1,"featured_media":0,"parent":0,"menu_order":0,"comment_status":"closed","ping_status":"closed","template":"page-templates\/page_fullwidth.php","meta":{"footnotes":""},"class_list":["post-46","page","type-page","status-publish","hentry"],"_links":{"self":[{"href":"https:\/\/webmedia.org.br\/2023\/wp-json\/wp\/v2\/pages\/46","targetHints":{"allow":["GET"]}}],"collection":[{"href":"https:\/\/webmedia.org.br\/2023\/wp-json\/wp\/v2\/pages"}],"about":[{"href":"https:\/\/webmedia.org.br\/2023\/wp-json\/wp\/v2\/types\/page"}],"author":[{"embeddable":true,"href":"https:\/\/webmedia.org.br\/2023\/wp-json\/wp\/v2\/users\/1"}],"replies":[{"embeddable":true,"href":"https:\/\/webmedia.org.br\/2023\/wp-json\/wp\/v2\/comments?post=46"}],"version-history":[{"count":5,"href":"https:\/\/webmedia.org.br\/2023\/wp-json\/wp\/v2\/pages\/46\/revisions"}],"predecessor-version":[{"id":706,"href":"https:\/\/webmedia.org.br\/2023\/wp-json\/wp\/v2\/pages\/46\/revisions\/706"}],"wp:attachment":[{"href":"https:\/\/webmedia.org.br\/2023\/wp-json\/wp\/v2\/media?parent=46"}],"curies":[{"name":"wp","href":"https:\/\/api.w.org\/{rel}","templated":true}]}}