{"id":40,"date":"2023-03-11T21:01:34","date_gmt":"2023-03-12T00:01:34","guid":{"rendered":"https:\/\/webmedia.org.br\/2023\/?page_id=40"},"modified":"2023-08-08T16:26:33","modified_gmt":"2023-08-08T19:26:33","slug":"ctd","status":"publish","type":"page","link":"https:\/\/webmedia.org.br\/2023\/ctd\/","title":{"rendered":"CTD &#8211; Concurso de Teses e Disserta\u00e7\u00f5es"},"content":{"rendered":"\n<p>O Concurso de Teses e Disserta\u00e7\u00f5es (CTD) do WebMedia tem como objetivo destacar e divulgar a pesquisa em temas relacionados \u00e0s \u00e1reas de Sistemas Multim\u00eddia e Web na p\u00f3s-gradua\u00e7\u00e3o <em>stricto sensu<\/em>, premiando as melhores Teses e Disserta\u00e7\u00f5es defendidas e aprovadas no Brasil em um per\u00edodo de refer\u00eancia.&nbsp;<\/p>\n\n\n\n<p>A cada edi\u00e7\u00e3o do WebMedia, s\u00e3o selecionadas para publica\u00e7\u00e3o de artigo resumo e apresenta\u00e7\u00e3o durante o Simp\u00f3sio as melhores teses e disserta\u00e7\u00f5es com contribui\u00e7\u00e3o significativa e destacada para a \u00e1rea cient\u00edfica, assim como relevante impacto para a sociedade e para as empresas.<\/p>\n\n\n\n<h2 class=\"wp-block-heading\">Webinar CTD &#8211; WebMedia 2023<\/h2>\n\n\n\n<p><a href=\"https:\/\/webmedia.org.br\/2023\/webinar-ctd-webmedia-2023\/\">Programa\u00e7\u00e3o<\/a><\/p>\n\n\n\n<h2 class=\"wp-block-heading\">Crit\u00e9rios para Participa\u00e7\u00e3o\u200b<\/h2>\n\n\n\n<p>Podem enviar trabalhos para este concurso, doutores e mestres que tenham desenvolvido sua pesquisa com temas relacionados \u00e0s \u00e1reas de Sistemas Multim\u00eddia e Web, que defenderam suas teses ou disserta\u00e7\u00f5es em Programas de P\u00f3s-gradua\u00e7\u00e3o <em>Stricto Sensu<\/em> de Institui\u00e7\u00f5es de Ensino Superior (IES) brasileiras no per\u00edodo de <strong>1 de janeiro de 2022 a 31 de dezembro de 2022<\/strong>.<\/p>\n\n\n\n<h2 class=\"wp-block-heading\">Instru\u00e7\u00f5es para Autores<\/h2>\n\n\n\n<p>Para participar do concurso, os candidatos dever\u00e3o enviar um artigo resumido que descreva o trabalho de tese ou de disserta\u00e7\u00e3o e destacando as suas principais contribui\u00e7\u00f5es para o estado-da-arte nas \u00e1reas de Sistemas Multim\u00eddia e Web. Como refer\u00eancia, sugere-se que os candidatos considerem os t\u00f3picos de interesse da Trilha Principal do WebMedia vigente.<\/p>\n\n\n\n<p>O texto do artigo deve conter no m\u00e1ximo quatro p\u00e1ginas (incluindo figuras, refer\u00eancias e anexos),&nbsp; ser escrito em portugu\u00eas ou em ingl\u00eas e ter como autores o candidato e seu(s) orientador(es). Deve ainda incluir o resumo\/abstract de acordo com a tese ou disserta\u00e7\u00e3o, a caracteriza\u00e7\u00e3o do problema e motiva\u00e7\u00e3o da pesquisa, objetivos e contribui\u00e7\u00f5es do trabalho, resultados obtidos e discuss\u00e3o. O texto deve ser formatado de acordo com o padr\u00e3o adotado pelo WebMedia e ser enviado em formato PDF.<\/p>\n\n\n\n<p>Os candidatos tamb\u00e9m devem enviar, al\u00e9m do artigo resumido e da tese ou disserta\u00e7\u00e3o, uma folha de rosto contendo o t\u00edtulo do trabalho, a data de defesa, o link para o reposit\u00f3rio contendo a disserta\u00e7\u00e3o ou tese na Universidade que concedeu o diploma, assim como as informa\u00e7\u00f5es sobre o impacto da pesquisa, que podem incluir publica\u00e7\u00f5es, patentes, registros de software e produtos desenvolvidos diretamente ligados \u00e0 pesquisa concorrente ao pr\u00eamio. Caso o link para o reposit\u00f3rio contendo a disserta\u00e7\u00e3o ou tese ainda n\u00e3o exista, responda que \u201co link ainda n\u00e3o foi disponibilizado\u201d e, se poss\u00edvel, acrescente uma justificativa.<\/p>\n\n\n\n<h2 class=\"wp-block-heading\">Sele\u00e7\u00e3o, Apresenta\u00e7\u00e3o e Premia\u00e7\u00e3o<\/h2>\n\n\n\n<p>A sele\u00e7\u00e3o ocorrer\u00e1 em quatro etapas, conforme descritas a seguir:<\/p>\n\n\n\n<p><strong>[Etapa 1] <\/strong>Todos os trabalhos submetidos passar\u00e3o por uma avalia\u00e7\u00e3o inicial, a qual ser\u00e1 feita por um comit\u00ea de pesquisadores com reconhecida atua\u00e7\u00e3o na \u00e1rea e experi\u00eancia em orienta\u00e7\u00e3o de teses e disserta\u00e7\u00f5es. Nessa primeira etapa, a ideia n\u00e3o \u00e9 avaliar o m\u00e9rito dos trabalhos mas sim a sua <strong>ader\u00eancia<\/strong> aos temas do WebMedia 2023.<\/p>\n\n\n\n<p><strong>[Etapa 2]<\/strong> Os autores de todos os trabalhos selecionados na Etapa 1 dever\u00e3o enviar um <strong>v\u00eddeo apresentando<\/strong> a pesquisa desenvolvida e participar de um <strong>Webinar<\/strong> que ser\u00e1 organizado pela Comiss\u00e3o Especial do WebMedia (CE-WebMedia). As apresenta\u00e7\u00f5es tamb\u00e9m ser\u00e3o avaliadas pelo comit\u00ea de avalia\u00e7\u00e3o.<\/p>\n\n\n\n<p><strong>[Etapa 3]<\/strong> Os artigos selecionados para a Etapa 2 que tenham apresentado seus trabalhos passar\u00e3o por um processo de avalia\u00e7\u00e3o pelo comit\u00ea.<\/p>\n\n\n\n<p><strong>[Etapa 4] <\/strong>Com base nas avalia\u00e7\u00f5es das Etapas 2 e 3, a coordena\u00e7\u00e3o do CTD selecionar\u00e1 as melhores disserta\u00e7\u00f5es de mestrado e teses de doutorados que ter\u00e3o seus trabalhos selecionados para a apresenta\u00e7\u00e3o PRESENCIAL no evento do Webmedia. Todos os trabalhos selecionados ser\u00e3o publicados (os artigos resumo) nos Anais do WebMedia.<\/p>\n\n\n\n<p>Para fins de premia\u00e7\u00e3o, o comit\u00ea de avalia\u00e7\u00e3o levar\u00e1 em conta o trabalho completo desenvolvido na tese ou disserta\u00e7\u00e3o, incluindo os potenciais impactos sociais, cient\u00edficos e tecnol\u00f3gicos para a \u00e1rea.<\/p>\n\n\n\n<h2 class=\"wp-block-heading\">Submiss\u00e3o de Trabalhos<\/h2>\n\n\n\n<p>Cada submiss\u00e3o dever\u00e1 conter tr\u00eas arquivos, todos em formato PDF:<\/p>\n\n\n\n<ol class=\"wp-block-list\">\n<li>Artigo de at\u00e9 quatro p\u00e1ginas;<\/li>\n\n\n\n<li>Arquivo do documento final da tese ou disserta\u00e7\u00e3o;<\/li>\n\n\n\n<li>Folha de Rosto, conforme instru\u00e7\u00f5es, e c\u00f3pia da Ata de Defesa do trabalho.<\/li>\n<\/ol>\n\n\n\n<p>Obs.: Na Ata de Defesa, dever\u00e1 constar explicitamente que o candidato teve seu o trabalho aprovado e <strong>defendido em 2022<\/strong> e ainda dever\u00e1 informar o local, a data de defesa, o nome da institui\u00e7\u00e3o, o nome do orientador e os nomes dos membros da banca avaliadora.<\/p>\n\n\n\n<p>Os candidatos dever\u00e3o submeter seu trabalho eletronicamente pelo <a href=\"https:\/\/jems.sbc.org.br\/jems2\/\" target=\"_blank\" rel=\"noreferrer noopener\">Sistema JEMS<\/a>, escolhendo a trilha correspondente (Mestrado ou Doutorado). <a href=\"https:\/\/jems.sbc.org.br\/jems2\/\" target=\"_blank\" rel=\"noreferrer noopener\">Submiss\u00e3o via Sistema JEMS<\/a><\/p>\n\n\n\n<p>Todas as submiss\u00f5es para o CTD devem seguir os templates disponibilizados:<\/p>\n\n\n\n<ul class=\"wp-block-list\">\n<li>LaTeX: <a rel=\"noreferrer noopener\" href=\"https:\/\/www.overleaf.com\/latex\/templates\/webmedia2022-ctd-ctic-wfa\/zkvdtvvnjjgg\" target=\"_blank\">disponibilizado diretamente no Overleaf.<\/a> <br>Aten\u00e7\u00e3o: o comando<em> \\setevent{ctd}<\/em> deve ser utilizado para ajustar as informa\u00e7\u00f5es do documento.<\/li>\n\n\n\n<li>Word: dispon\u00edvel <a rel=\"noreferrer noopener\" href=\"https:\/\/drive.google.com\/file\/d\/1Iig6jouSlmfPy0NEZ_5MCo2Na6rvyvD0\/view?usp=sharing\" target=\"_blank\">neste link<\/a>.<\/li>\n<\/ul>\n\n\n\n<h2 class=\"wp-block-heading\">Inscri\u00e7\u00e3o no Evento<\/h2>\n\n\n\n<p>O autor principal dos trabalhos selecionados (candidato \u00e0 premia\u00e7\u00e3o) dever\u00e1 estar inscrito no evento. A inscri\u00e7\u00e3o deve ser confirmada at\u00e9 a data de submiss\u00e3o da vers\u00e3o final.<\/p>\n\n\n\n<h2 class=\"wp-block-heading\">Datas Importantes<\/h2>\n\n\n\n<li>Submiss\u00e3o <s>26 de JUNHO de 2023<\/s> 7 de JULHO de 2023<\/li>\n\n\n\n<li>Notifica\u00e7\u00e3o aos autores <s>7 de JULHO de 2023<\/s> <s>14 de JULHO de 2023<\/s> 18 de AGOSTO de 2023<\/li>\n\n\n\n<li>Webinar 11 de AGOSTO de 2023<\/li>\n\n\n\n<li>Vers\u00e3o Final 21 a 25 de AGOSTO de 2023<\/li>\n\n\n\n<h2 class=\"wp-block-heading\">Coordena\u00e7\u00e3o<\/h2>\n\n\n\n<p>Windson Viana de Carvalho \u2013 UFC<\/p>\n\n\n\n<p>Jos\u00e9 Augusto Baranauskas \u2013 USP<\/p>\n","protected":false},"excerpt":{"rendered":"<p>O Concurso de Teses e Disserta\u00e7\u00f5es (CTD) do WebMedia tem como objetivo destacar e divulgar a pesquisa em temas relacionados \u00e0s \u00e1reas [&hellip;]<\/p>\n","protected":false},"author":1,"featured_media":0,"parent":0,"menu_order":0,"comment_status":"closed","ping_status":"closed","template":"page-templates\/page_fullwidth.php","meta":{"footnotes":""},"class_list":["post-40","page","type-page","status-publish","hentry"],"_links":{"self":[{"href":"https:\/\/webmedia.org.br\/2023\/wp-json\/wp\/v2\/pages\/40","targetHints":{"allow":["GET"]}}],"collection":[{"href":"https:\/\/webmedia.org.br\/2023\/wp-json\/wp\/v2\/pages"}],"about":[{"href":"https:\/\/webmedia.org.br\/2023\/wp-json\/wp\/v2\/types\/page"}],"author":[{"embeddable":true,"href":"https:\/\/webmedia.org.br\/2023\/wp-json\/wp\/v2\/users\/1"}],"replies":[{"embeddable":true,"href":"https:\/\/webmedia.org.br\/2023\/wp-json\/wp\/v2\/comments?post=40"}],"version-history":[{"count":8,"href":"https:\/\/webmedia.org.br\/2023\/wp-json\/wp\/v2\/pages\/40\/revisions"}],"predecessor-version":[{"id":755,"href":"https:\/\/webmedia.org.br\/2023\/wp-json\/wp\/v2\/pages\/40\/revisions\/755"}],"wp:attachment":[{"href":"https:\/\/webmedia.org.br\/2023\/wp-json\/wp\/v2\/media?parent=40"}],"curies":[{"name":"wp","href":"https:\/\/api.w.org\/{rel}","templated":true}]}}