{"id":38,"date":"2023-03-11T21:00:55","date_gmt":"2023-03-12T00:00:55","guid":{"rendered":"https:\/\/webmedia.org.br\/2023\/?page_id=38"},"modified":"2023-08-23T16:53:44","modified_gmt":"2023-08-23T19:53:44","slug":"trilha-principal","status":"publish","type":"page","link":"https:\/\/webmedia.org.br\/2023\/trilha-principal\/","title":{"rendered":"Trilha Principal"},"content":{"rendered":"\n<p>O Simp\u00f3sio Brasileiro de Sistemas Multim\u00eddia e Web (WebMedia), promovido anualmente pela Sociedade Brasileira de Computa\u00e7\u00e3o (SBC), \u00e9 o principal evento das \u00e1reas de Multim\u00eddia e Web realizado no Brasil e uma excelente oportunidade de interc\u00e2mbios t\u00e9cnico e cient\u00edfico entre alunos, pesquisadores e profissionais envolvidos nessas \u00e1reas.&nbsp;<\/p>\n\n\n\n<p>A 29a. edi\u00e7\u00e3o do WebMedia ser\u00e1 realizada na cidade de Ribeir\u00e3o Preto-SP, entre os dias 23 e 27 de outubro em 2023, sob organiza\u00e7\u00e3o da Faculdade de Filosofia, Ci\u00eancias e Letras de Ribeir\u00e3o Preto (FFCLRP) e do Instituto de Ci\u00eancias Matem\u00e1ticas e de Computa\u00e7\u00e3o (ICMC), da Universidade de S\u00e3o Paulo (USP).<\/p>\n\n\n\n<p>Convidamos a comunidade a compartilhar suas experi\u00eancias e seus resultados de pesquisa, por meio da submiss\u00e3o de artigos descrevendo solu\u00e7\u00f5es que avancem o estado-da-arte nas \u00e1reas de Multim\u00eddia e Web. Os artigos submetidos ser\u00e3o avaliados em termos de originalidade, qualidade t\u00e9cnica, relev\u00e2ncia, apresenta\u00e7\u00e3o (organiza\u00e7\u00e3o, estilo e clareza) e adequa\u00e7\u00e3o das refer\u00eancias a trabalhos no estado-da-arte dos temas abordados. As revis\u00f5es dos artigos ser\u00e3o feitas por, no m\u00ednimo, tr\u00eas membros do Comit\u00ea de Programa e, eventualmente, por especialistas convidados. A apresenta\u00e7\u00e3o dos trabalhos aceitos ser\u00e1 feita de forma presencial, de forma a permitir uma melhor intera\u00e7\u00e3o entre o apresentador e os participantes do WebMedia \u201823.<\/p>\n\n\n\n<h3 class=\"wp-block-heading\">Instru\u00e7\u00f5es para Autores<\/h3>\n\n\n\n<p>Autores podem submeter artigos completos ou curtos:<\/p>\n\n\n\n<ul class=\"wp-block-list\">\n<li>Artigos completos, limitados a OITO p\u00e1ginas de texto e at\u00e9 mais DUAS contendo apenas a lista de refer\u00eancias usadas no texto, devem relatar uma pesquisa substancial, fundamentada por resultados completos.<\/li>\n\n\n\n<li>Artigos curtos, de no m\u00e1ximo QUATRO p\u00e1ginas de texto e at\u00e9 mais UMA p\u00e1gina de refer\u00eancias usadas no texto, devem descrever resultados parciais de pesquisas em andamento.<\/li>\n<\/ul>\n\n\n\n<p>Os artigos devem apresentar sua contribui\u00e7\u00e3o principal nas \u00e1reas de Multim\u00eddia e Web, e estarem  relacionados, prioritariamente, aos seguintes t\u00f3picos de interesse:<\/p>\n\n\n\n<p>&#8211; Acessibilidade<br>&#8211; Adapta\u00e7\u00e3o e Personaliza\u00e7\u00e3o de Conte\u00fado<br>&#8211; Aplica\u00e7\u00f5es Imersivas<br>&#8211; Aplica\u00e7\u00f5es Multidispositivos<br>&#8211; Autoria e Anota\u00e7\u00e3o<br>&#8211; Caracteriza\u00e7\u00e3o, An\u00e1lise, Pesquisa e Recupera\u00e7\u00e3o de Conte\u00fado<br>&#8211; Caracteriza\u00e7\u00e3o, An\u00e1lise e Modelagem do Comportamento de Usu\u00e1rios de Sistemas Multim\u00eddia e Web<br>&#8211; Codifica\u00e7\u00e3o e Processamento de M\u00eddia<br>&#8211; Com\u00e9rcio Eletr\u00f4nico, Economia Digital e Monetiza\u00e7\u00e3o<br>&#8211; Computa\u00e7\u00e3o Afetiva<br>&#8211; Computa\u00e7\u00e3o M\u00f3vel e Vest\u00edvel<br>&#8211; Computa\u00e7\u00e3o Ub\u00edqua e Pervasiva<br>&#8211; Confian\u00e7a, Justi\u00e7a, An\u00e1lise de Vieses e Aspectos \u00c9ticos<br>&#8211; Consci\u00eancia de Contexto<br>&#8211; Crowdsourcing e Crowdsensing<br>&#8211; Dados Vinculados e Anota\u00e7\u00f5es Sem\u00e2nticas<br>&#8211; Desinforma\u00e7\u00e3o, Discurso de \u00d3dio e Toxicidade Online<br>&#8211; Distribui\u00e7\u00e3o, Streaming e Compartilhamento Multim\u00eddia<br>&#8211; Engenharia de Documentos, Modelos e Linguagens<br>&#8211; Engenharia da Web<br>&#8211; Experi\u00eancia do Usu\u00e1rio e QoE<br>&#8211; Explicabilidade e Interpretabilidade de Modelos<br>&#8211; IA, Aprendizado de M\u00e1quina e Aprendizado Profundo<br>&#8211; Intera\u00e7\u00e3o Multiusu\u00e1rio<br>&#8211; Intera\u00e7\u00e3o Multimodal<br>&#8211; Internet das Coisas (IoT)<br>&#8211; Middleware e infraestrutura Distribu\u00edda<br>&#8211; Minera\u00e7\u00e3o de Dados de Sistemas Multim\u00eddia e Web<br>&#8211; Ontologias, Metadados e Web Sem\u00e2ntica<br>&#8211; Processamento de Linguagem Natural<br>-Radicaliza\u00e7\u00e3o Online<br>&#8211; Reconhecimento de Atividade Humana, Reconhecimento de Gestos e Linguagem de Sinais<br>&#8211; Recursos de Aprendizagem<br>&#8211; Redes Sociais e M\u00eddias Sociais<br>&#8211; Sa\u00fade Digital e Tecnologias Assistivas<br>&#8211; Seguran\u00e7a e Privacidade<br>&#8211; Sincroniza\u00e7\u00e3o e Apresenta\u00e7\u00e3o Multim\u00eddia<br>&#8211; Sistemas e Aplica\u00e7\u00f5es Multissensoriais<br>&#8211; Sistemas de Recomenda\u00e7\u00e3o<br>&#8211; Teste e Valida\u00e7\u00e3o de Aplica\u00e7\u00f5es<br>&#8211; TV Digital e IPTV<\/p>\n\n\n\n<p>Os artigos podem ser escritos em portugu\u00eas ou ingl\u00eas, sendo que todos os artigos devem ter o t\u00edtulo,  keywords, e o abstract em ingl\u00eas (resumo em portugu\u00eas n\u00e3o \u00e9 obrigat\u00f3rio). Essa \u00e9 uma exig\u00eancia da ACM,<br>entidade respons\u00e1vel pela publica\u00e7\u00e3o dos Anais do evento. Assim, mesmo para um artigo em portugu\u00eas, o t\u00edtulo, as keywords e abstract dever\u00e3o ser em ingl\u00eas.<\/p>\n\n\n\n<p>Os artigos devem ser escritos de forma a permitir um processo de avalia\u00e7\u00e3o do tipo \u201cdouble-blind review\u201d. Isso requer que as identifica\u00e7\u00f5es dos autores sejam substitu\u00eddas por \u201cremoved for double-blind review\u201d no in\u00edcio do artigo e em eventuais refer\u00eancias a seus trabalhos anteriores.<\/p>\n\n\n\n<p>Os anais do WebMedia &#8217;23, contendo os artigos completos e curtos, ser\u00e3o publicados na ACM Digital Library<br>[<a href=\"https:\/\/dl.acm.org\/conference\/webmedia\" target=\"_blank\" rel=\"noreferrer noopener\">https:\/\/dl.acm.org\/conference\/webmedia<\/a>].<\/p>\n\n\n\n<h3 class=\"wp-block-heading\">Submiss\u00e3o dos Trabalhos<\/h3>\n\n\n\n<p>Os artigos devem ser submetidos pelo sistema JEMS [<a rel=\"noreferrer noopener\" href=\"https:\/\/jems.sbc.org.br\/jems2\/\" target=\"_blank\">https:\/\/jems.sbc.org.br\/jems2\/<\/a>] em formato PDF.<\/p>\n\n\n\n<p>Todas as submiss\u00f5es devem seguir o template LaTeX da ACM. Aten\u00e7\u00e3o: o comando \\documentclass[sigconf,authordraft,anonymous]{acmart} deve ser usado para gerar um artigo em formato coluna dupla e sem a identifica\u00e7\u00e3o dos autores.<\/p>\n\n\n\n<p>Recomenda-se que os autores consultem as seguintes orienta\u00e7\u00f5es da ACM:<\/p>\n\n\n\n<ol class=\"wp-block-list\">\n<li>Documenta\u00e7\u00e3o LaTeX<br>[<a href=\"https:\/\/portalparts.acm.org\/hippo\/latex_templates\/acmart.pdf\" target=\"_blank\" rel=\"noreferrer noopener\">https:\/\/portalparts.acm.org\/hippo\/latex_templates\/acmart.pdf<\/a>]<\/li>\n\n\n\n<li>Guia de boas pr\u00e1ticas<br>[<a href=\"https:\/\/www.acm.org\/publications\/taps\/latex-best-practices\" target=\"_blank\" rel=\"noreferrer noopener\">https:\/\/www.acm.org\/publications\/taps\/latex-best-practices<\/a>]<\/li>\n\n\n\n<li>Orienta\u00e7\u00f5es gerais da ACM<br>[<a href=\"https:\/\/www.acm.org\/publications\/taps\/word-template-workflow\" target=\"_blank\" rel=\"noreferrer noopener\">https:\/\/www.acm.org\/publications\/taps\/word-template-workflow<\/a>]<\/li>\n\n\n\n<li>Template LaTeX para artigo ACM em 2 colunas<br>[<a href=\"https:\/\/www.overleaf.com\/latex\/templates\/association-for-computing-machinery-acm-sig-proceedings-template\/bmvfhcdnxfty\" target=\"_blank\" rel=\"noreferrer noopener\">https:\/\/www.overleaf.com\/latex\/templates\/association-for-computing-machinery-acm-sig-proceedings-template\/bmvfhcdnxfty<\/a>]<\/li>\n<\/ol>\n\n\n\n<ul class=\"wp-block-list\">\n<li>inclua a op\u00e7\u00e3o authordraft na linha com o comando \\documentclass[\u2026] para retirar o nome dos autores.<\/li>\n<\/ul>\n\n\n\n<h3 class=\"wp-block-heading\">Datas Importantes\u200b<\/h3>\n\n\n\n<li>Registro do abstract:  <s>29 de MAIO de 2023<\/s> 12 de JUNHO de 2023<\/li>\n\n\n\n<li>Submiss\u00e3o final dos artigos:  <s>12 de JUNHO de 2023<\/s> 15 de JUNHO de 2023 (somente para os artigos j\u00e1 registrados)<\/li>\n\n\n\n<li>Notifica\u00e7\u00e3o aos autores:  07 a 11 de AGOSTO de 2023<\/li>\n\n\n\n<li>Vers\u00e3o final: <s>21 a 25 de AGOSTO de 2023<\/s> 1\u00ba de SETEMBRO de 2023<\/li>\n\n\n\n<h3 class=\"wp-block-heading\">Instru\u00e7\u00f5es para Submiss\u00e3o da Vers\u00e3o Final<\/h3>\n\n\n\n<p>Os autores dos trabalhos selecionados receber\u00e3o por email instru\u00e7\u00f5es detalhadas para a submiss\u00e3o da vers\u00e3o final e formul\u00e1rios de direitos autorias associados. <\/p>\n\n\n\n<p>IMPORTANTE: a submiss\u00e3o\/upload da vers\u00e3o n\u00e3o ser\u00e1 feita via o sistema JEMS (que foi utilizado para a fase de sele\u00e7\u00e3o dos trabalhos), mas sim pelo sistemas TAPS da ACM (que ir\u00e1 publicar os artigos). Os emails ser\u00e3o enviados pela ACM (em Ingl\u00eas) &#8211; recomenda-se verificar a caixa de SPAM.<\/p>\n\n\n\n<h3 class=\"wp-block-heading\">Coordena\u00e7\u00e3o do Comit\u00ea de Programa<\/h3>\n\n\n\n<p>Celso Alberto Saibel Santos (UFES)<br>Diego Roberto Colombo Dias (UFSJ)<br>Leonardo Chaves Dutra da Rocha (UFSJ)<\/p>\n\n\n\n<h3 class=\"wp-block-heading\">Organiza\u00e7\u00e3o Geral<\/h3>\n\n\n\n<p>Alessandra Alaniz Macedo (USP)<br>Rudinei Goularte (USP)<\/p>\n","protected":false},"excerpt":{"rendered":"<p>O Simp\u00f3sio Brasileiro de Sistemas Multim\u00eddia e Web (WebMedia), promovido anualmente pela Sociedade Brasileira de Computa\u00e7\u00e3o (SBC), \u00e9 o principal evento das [&hellip;]<\/p>\n","protected":false},"author":1,"featured_media":0,"parent":0,"menu_order":0,"comment_status":"closed","ping_status":"closed","template":"page-templates\/page_fullwidth.php","meta":{"footnotes":""},"class_list":["post-38","page","type-page","status-publish","hentry"],"_links":{"self":[{"href":"https:\/\/webmedia.org.br\/2023\/wp-json\/wp\/v2\/pages\/38","targetHints":{"allow":["GET"]}}],"collection":[{"href":"https:\/\/webmedia.org.br\/2023\/wp-json\/wp\/v2\/pages"}],"about":[{"href":"https:\/\/webmedia.org.br\/2023\/wp-json\/wp\/v2\/types\/page"}],"author":[{"embeddable":true,"href":"https:\/\/webmedia.org.br\/2023\/wp-json\/wp\/v2\/users\/1"}],"replies":[{"embeddable":true,"href":"https:\/\/webmedia.org.br\/2023\/wp-json\/wp\/v2\/comments?post=38"}],"version-history":[{"count":19,"href":"https:\/\/webmedia.org.br\/2023\/wp-json\/wp\/v2\/pages\/38\/revisions"}],"predecessor-version":[{"id":778,"href":"https:\/\/webmedia.org.br\/2023\/wp-json\/wp\/v2\/pages\/38\/revisions\/778"}],"wp:attachment":[{"href":"https:\/\/webmedia.org.br\/2023\/wp-json\/wp\/v2\/media?parent=38"}],"curies":[{"name":"wp","href":"https:\/\/api.w.org\/{rel}","templated":true}]}}