{"id":32,"date":"2023-03-11T20:58:51","date_gmt":"2023-03-11T23:58:51","guid":{"rendered":"https:\/\/webmedia.org.br\/2023\/?page_id=32"},"modified":"2023-06-05T12:09:26","modified_gmt":"2023-06-05T15:09:26","slug":"inscricoes","status":"publish","type":"page","link":"https:\/\/webmedia.org.br\/2023\/inscricoes\/","title":{"rendered":"Inscri\u00e7\u00f5es"},"content":{"rendered":"\n<div class=\"wp-block-buttons is-content-justification-center is-layout-flex wp-container-core-buttons-is-layout-16018d1d wp-block-buttons-is-layout-flex\">\n<div class=\"wp-block-button is-style-outline is-style-outline--1\"><a class=\"wp-block-button__link wp-element-button\" href=\"https:\/\/centraldesistemas.sbc.org.br\/ecos\/webmedia2023\" target=\"_blank\" rel=\"noreferrer noopener\"><strong>Fa\u00e7a sua inscri\u00e7\u00e3o aqui!<\/strong><\/a><\/div>\n<\/div>\n\n\n\n<h2 class=\"wp-block-heading\" id=\"valores\">Valores de Inscri\u00e7\u00e3o<\/h2>\n\n\n\n\n<table id=\"tablepress-1\" class=\"tablepress tablepress-id-1\">\n<thead>\n<tr class=\"row-1\">\n\t<th class=\"column-1\">Categoria<\/th><th class=\"column-2\">Tipo<\/th><th class=\"column-3\">At\u00e9 27\/08<\/th><th class=\"column-4\">At\u00e9 12\/10<\/th><th class=\"column-5\">At\u00e9 27\/10<\/th>\n<\/tr>\n<\/thead>\n<tbody class=\"row-striping row-hover\">\n<tr class=\"row-2\">\n\t<td class=\"column-1\">Estudante (Gradua\u00e7\u00e3o)<\/td><td class=\"column-2\">S\u00f3cio SBC  ou ACM<\/td><td class=\"column-3\">R$ 70,00<\/td><td class=\"column-4\">R$ 80,00<\/td><td class=\"column-5\">R$ 90,00<\/td>\n<\/tr>\n<tr class=\"row-3\">\n\t<td class=\"column-1\"><\/td><td class=\"column-2\">Associado \u00e0 SBC com anuidade vencendo em at\u00e9 90 dias (COMBO inscri\u00e7\u00e3o + renova\u00e7\u00e3o da associa\u00e7\u00e3o)<\/td><td class=\"column-3\">R$ 98,94<\/td><td class=\"column-4\">R$ 108,94<\/td><td class=\"column-5\">R$ 118,94<\/td>\n<\/tr>\n<tr class=\"row-4\">\n\t<td class=\"column-1\"><\/td><td class=\"column-2\">N\u00e3o associado \u00e0 SBC (COMBO inscri\u00e7\u00e3o + associa\u00e7\u00e3o anual \u00e0 SBC)<\/td><td class=\"column-3\">R$ 98,94<\/td><td class=\"column-4\">R$ 108,94<\/td><td class=\"column-5\">R$ 118,94<\/td>\n<\/tr>\n<tr class=\"row-5\">\n\t<td class=\"column-1\"><\/td><td class=\"column-2\">N\u00e3o s\u00f3cio SBC ou ACM (Somente inscri\u00e7\u00e3o Webmedia)<\/td><td class=\"column-3\">R$ 106,00<\/td><td class=\"column-4\">R$ 117,00<\/td><td class=\"column-5\">R$ 128,00<\/td>\n<\/tr>\n<tr class=\"row-6\">\n\t<td class=\"column-1\">Estudante (P\u00f3s-Gradua\u00e7\u00e3o)<\/td><td class=\"column-2\">S\u00f3cio SBC ou ACM<\/td><td class=\"column-3\">R$ 160,00<\/td><td class=\"column-4\">R$ 170,00<\/td><td class=\"column-5\">R$ 180,00<\/td>\n<\/tr>\n<tr class=\"row-7\">\n\t<td class=\"column-1\"><\/td><td class=\"column-2\">Associado \u00e0 SBC com anuidade vencendo em at\u00e9 90 dias (COMBO inscri\u00e7\u00e3o + renova\u00e7\u00e3o da associa\u00e7\u00e3o)<\/td><td class=\"column-3\">R$ 278,18<\/td><td class=\"column-4\">R$ 288,18<\/td><td class=\"column-5\">R$ 298,18<\/td>\n<\/tr>\n<tr class=\"row-8\">\n\t<td class=\"column-1\"><\/td><td class=\"column-2\">N\u00e3o associado \u00e0 SBC (COMBO inscri\u00e7\u00e3o + associa\u00e7\u00e3o anual \u00e0 SBC)<\/td><td class=\"column-3\">R$ 278,18<\/td><td class=\"column-4\">R$ 288,18<\/td><td class=\"column-5\">R$ 298,18<\/td>\n<\/tr>\n<tr class=\"row-9\">\n\t<td class=\"column-1\"><\/td><td class=\"column-2\">N\u00e3o s\u00f3cio SBC ou ACM (Somente inscri\u00e7\u00e3o Webmedia)<\/td><td class=\"column-3\">R$ 295,00<\/td><td class=\"column-4\">R$ 306,00<\/td><td class=\"column-5\">R$ 317,00<\/td>\n<\/tr>\n<tr class=\"row-10\">\n\t<td class=\"column-1\">Profissional<\/td><td class=\"column-2\">S\u00f3cio SBC ou ACM<\/td><td class=\"column-3\">R$ 290,00<\/td><td class=\"column-4\">R$ 300,00<\/td><td class=\"column-5\">R$ 310,00<\/td>\n<\/tr>\n<tr class=\"row-11\">\n\t<td class=\"column-1\"><\/td><td class=\"column-2\">Associado \u00e0 SBC com anuidade vencendo em at\u00e9 90 dias (COMBO inscri\u00e7\u00e3o + renova\u00e7\u00e3o da associa\u00e7\u00e3o)<\/td><td class=\"column-3\">R$ 626,48<\/td><td class=\"column-4\">R$ 636,48<\/td><td class=\"column-5\">R$ 646,48<\/td>\n<\/tr>\n<tr class=\"row-12\">\n\t<td class=\"column-1\"><\/td><td class=\"column-2\">N\u00e3o associado \u00e0 SBC (COMBO inscri\u00e7\u00e3o + associa\u00e7\u00e3o anual \u00e0 SBC)<\/td><td class=\"column-3\">R$ 626,48<\/td><td class=\"column-4\">R$ 636,48<\/td><td class=\"column-5\">R$ 646,48<\/td>\n<\/tr>\n<tr class=\"row-13\">\n\t<td class=\"column-1\"><\/td><td class=\"column-2\">N\u00e3o s\u00f3cio SBC ou ACM (Somente inscri\u00e7\u00e3o Webmedia)<\/td><td class=\"column-3\">R$ 656,00<\/td><td class=\"column-4\">R$ 667,00<\/td><td class=\"column-5\">R$ 678,00<\/td>\n<\/tr>\n<\/tbody>\n<\/table>\n<!-- #tablepress-1 from cache -->\n\n\n\n<h4 class=\"wp-block-heading\">Day-pass<\/h4>\n\n\n\n<p>Op\u00e7\u00e3o para aqueles que desejarem participar de apenas 1 ou 2 dias do WebMedia. Neste caso, \u00e9 preciso indicar o(s) dia(s) em que deseja participar do evento. O Day Pass d\u00e1 direito \u00e0s sess\u00f5es t\u00e9cnicas e coffee break do dia escolhido \u2013 sem direito aos brindes do evento e coquetel.  Os valores s\u00e3o os seguintes:<\/p>\n\n\n\n<p>Estudantes de Gradua\u00e7\u00e3o: R$55,00 (1 dia) e R$95,00 (2 dias)<br>Estudantes de P\u00f3s-Gradua\u00e7\u00e3o: R$95,00 (1 dia) e R$175,00 (2 dias)<br>Profissionais: R$150,00 (1 dia) e R$280,00 (2 dias)<\/p>\n\n\n\n<h2 class=\"wp-block-heading\" id=\"promocional\">Inscri\u00e7\u00e3o Promocional<\/h2>\n\n\n\n<figure class=\"wp-block-image alignwide size-large\"><a href=\"https:\/\/centraldesistemas.sbc.org.br\/ecos\/webmedia2023\"><img loading=\"lazy\" decoding=\"async\" width=\"1024\" height=\"168\" src=\"https:\/\/webmedia.org.br\/2023\/wp-content\/uploads\/2023\/03\/banner_COMBO-1024x168.png\" alt=\"\" class=\"wp-image-399\" srcset=\"https:\/\/webmedia.org.br\/2023\/wp-content\/uploads\/2023\/03\/banner_COMBO-1024x168.png 1024w, https:\/\/webmedia.org.br\/2023\/wp-content\/uploads\/2023\/03\/banner_COMBO-300x49.png 300w, https:\/\/webmedia.org.br\/2023\/wp-content\/uploads\/2023\/03\/banner_COMBO-768x126.png 768w, https:\/\/webmedia.org.br\/2023\/wp-content\/uploads\/2023\/03\/banner_COMBO-1536x251.png 1536w, https:\/\/webmedia.org.br\/2023\/wp-content\/uploads\/2023\/03\/banner_COMBO-2048x335.png 2048w, https:\/\/webmedia.org.br\/2023\/wp-content\/uploads\/2023\/03\/banner_COMBO-1000x164.png 1000w, https:\/\/webmedia.org.br\/2023\/wp-content\/uploads\/2023\/03\/banner_COMBO-230x38.png 230w, https:\/\/webmedia.org.br\/2023\/wp-content\/uploads\/2023\/03\/banner_COMBO-350x57.png 350w, https:\/\/webmedia.org.br\/2023\/wp-content\/uploads\/2023\/03\/banner_COMBO-480x79.png 480w\" sizes=\"auto, (max-width: 1024px) 100vw, 1024px\" \/><\/a><\/figure>\n\n\n\n<p>Participantes n\u00e3o associados \u00e0 SBC ou associados com anuidade pr\u00f3xima do vencimento podem se associar ou renovar a associa\u00e7\u00e3o junto com a inscri\u00e7\u00e3o, escolhendo as categorias COMBO com um desconto no valor da inscri\u00e7\u00e3o.<\/p>\n\n\n\n<p>As categorias COMBO s\u00e3o a op\u00e7\u00e3o mais vantajosa para os n\u00e3o associados \u00e0 SBC, pois os valores de inscri\u00e7\u00f5es s\u00e3o menores do que as categorias sem combo e incluem a associa\u00e7\u00e3o \u00e0 SBC.<\/p>\n\n\n\n<p>Acesse o <a href=\"https:\/\/www.sbc.org.br\/\">site <\/a><a href=\"https:\/\/www.sbc.org.br\/\">da SBC<\/a><a href=\"https:\/\/www.sbc.org.br\/\"> <\/a>e veja porqu\u00ea ser associado.<\/p>\n\n\n\n<p>Associar-se \u00e0 SBC \u00e9 uma forma de tornar a SBC ainda mais forte para representar a nossa \u00e1rea de atua\u00e7\u00e3o junto aos diversos setores. Que tal fazer parte da nossa Comunidade?<\/p>\n\n\n\n<p>Alguns benef\u00edcios exclusivos de associado:<\/p>\n\n\n\n<ul class=\"wp-block-list\">\n<li>Acesso \u00e0 rede sem fio <a rel=\"noreferrer noopener\" href=\"http:\/\/www.sbc.org.br\/2-uncategorised\/1945-acesso-a-rede-sem-fio-eduroam-para-associados-da-sbc\" target=\"_blank\"><u>Eduroam<\/u><\/a>;<\/li>\n\n\n\n<li>Acesso \u00e0s listas de discuss\u00e3o exclusivas para associados da SBC, com mais de 8 mil inscritos;<\/li>\n\n\n\n<li>Desconto em inscri\u00e7\u00f5es nos mais de <a href=\"https:\/\/centraldesistemas.sbc.org.br\/ecos\"><u>40 eventos<\/u><\/a> realizados anualmente pela SBC;<\/li>\n\n\n\n<li>Valor de inscri\u00e7\u00e3o diferenciado no <a href=\"http:\/\/www.sbc.org.br\/index.php?option=com_content&amp;view=article&amp;layout=edit&amp;id=458\"><u>POSCOMP<\/u><\/a>;<\/li>\n\n\n\n<li>Acesso aos estudos realizados pela SBC e destinados a \u00f3rg\u00e3os p\u00fablicos ou privados, expressando posi\u00e7\u00f5es pol\u00edticas da Sociedade.<\/li>\n<\/ul>\n\n\n\n<h2 class=\"wp-block-heading\" id=\"pagamento\">Formas de Pagamento<\/h2>\n\n\n\n<p>O pagamento de inscri\u00e7\u00f5es poder\u00e1 ser realizado por meio de boleto banc\u00e1rio, cart\u00e3o de cr\u00e9dito, d\u00e9bito em conta do Banco do Brasil, nota de empenho ou faturamento.<\/p>\n\n\n\n<p>O pagamento das inscri\u00e7\u00f5es poder\u00e1 ser realizado por meio de boleto banc\u00e1rio, cart\u00e3o de cr\u00e9dito, d\u00e9bito em conta do Banco do Brasil, nota de empenho e faturamento, atrav\u00e9s do sistema de inscri\u00e7\u00f5es da SBC. Por\u00e9m, os pagamentos por d\u00e9bito e boleto ser\u00e3o fechados dia 18\/10\/2023. Ap\u00f3s essa data ser\u00e1 poss\u00edvel pagar por cart\u00e3o de cr\u00e9dito, nota de empenho e faturamento pelo sistema de inscri\u00e7\u00f5es at\u00e9 o \u00faltimo dia do evento (27\/10\/2023).<\/p>\n\n\n\n<p><strong>Inscri\u00e7\u00f5es por nota de empenho e faturamento:&nbsp;<\/strong><\/p>\n\n\n\n<p>O participante dever\u00e1 acessar o sistema de inscri\u00e7\u00f5es e realizar a inscri\u00e7\u00e3o, selecionando a forma de pagamento &#8220;nota de empenho&#8221; ou &#8220;faturamento&#8221; e clicar em &#8220;pagar&#8221;. O sistema fornecer\u00e1 as informa\u00e7\u00f5es necess\u00e1rias para que a inscri\u00e7\u00e3o seja confirmada.<\/p>\n\n\n\n<h2 class=\"wp-block-heading\" id=\"autores\">Inscri\u00e7\u00e3o para Autores<\/h2>\n\n\n\n<p>Para artigos aceitos, \u00e9 necess\u00e1rio que pelo menos 1 (um) autor esteja inscrito e pago no evento (inscri\u00e7\u00e3o completa, n\u00e3o \u00e9 v\u00e1lido day pass). A inscri\u00e7\u00e3o de autores dever\u00e1 ser feita at\u00e9 o dia 22 de Setembro de 2023.<\/p>\n\n\n\n<p>Ao efetuar sua inscri\u00e7\u00e3o no sistema ECOS, o autor dever\u00e1 preencher os campos \u201cT\u00edtulo do artigo\u201d e \u201cN\u00famero JEMS do artigo\u201d, na \u00e1rea \u201cArtigos\u201d, indicando os artigos que est\u00e3o cobertos por aquela inscri\u00e7\u00e3o. Com isso, n\u00e3o ser\u00e1 necess\u00e1rio fazer upload de qualquer comprovante no JEMS.<\/p>\n\n\n\n<p>Uma inscri\u00e7\u00e3o s\u00f3 ser\u00e1 considerada v\u00e1lida quando seu status aparecer como \u2018Pago\u2019, com exce\u00e7\u00e3o das inscri\u00e7\u00f5es por nota de empenho ou faturamento, que possuem um prazo maior de processamento, e das inscri\u00e7\u00f5es de s\u00f3cios institucionais com direito a isen\u00e7\u00e3o, que ser\u00e3o verificadas junto \u00e0 SBC.<\/p>\n\n\n\n<h2 class=\"wp-block-heading\" id=\"cancelamento\">Pol\u00edtica de Cancelamento<\/h2>\n\n\n\n<p>At\u00e9 o dia 06 de Outubro pode-se fazer uma devolu\u00e7\u00e3o de 50% (cinquenta por cento) do valor pago pela inscri\u00e7\u00e3o no WebMedia 2023 Ap\u00f3s esta data n\u00e3o haver\u00e1 devolu\u00e7\u00e3o de qualquer valor pago. A pol\u00edtica se aplica tanto para o cancelamento da inscri\u00e7\u00e3o, quanto para o cancelamento de qualquer atividade adicional. Para solicitar o cancelamento, enviar a solicita\u00e7\u00e3o para <a href=\"mailto:faturamento@sbc.org.br\">faturamento@sbc.org.br<\/a>.<\/p>\n\n\n\n<p><\/p>\n\n\n\n<div class=\"wp-block-buttons is-layout-flex wp-block-buttons-is-layout-flex\"><\/div>\n","protected":false},"excerpt":{"rendered":"<p>Valores de Inscri\u00e7\u00e3o Day-pass Op\u00e7\u00e3o para aqueles que desejarem participar de apenas 1 ou 2 dias do WebMedia. Neste caso, \u00e9 preciso [&hellip;]<\/p>\n","protected":false},"author":1,"featured_media":0,"parent":0,"menu_order":0,"comment_status":"closed","ping_status":"closed","template":"page-templates\/page_fullwidth.php","meta":{"footnotes":""},"class_list":["post-32","page","type-page","status-publish","hentry"],"_links":{"self":[{"href":"https:\/\/webmedia.org.br\/2023\/wp-json\/wp\/v2\/pages\/32","targetHints":{"allow":["GET"]}}],"collection":[{"href":"https:\/\/webmedia.org.br\/2023\/wp-json\/wp\/v2\/pages"}],"about":[{"href":"https:\/\/webmedia.org.br\/2023\/wp-json\/wp\/v2\/types\/page"}],"author":[{"embeddable":true,"href":"https:\/\/webmedia.org.br\/2023\/wp-json\/wp\/v2\/users\/1"}],"replies":[{"embeddable":true,"href":"https:\/\/webmedia.org.br\/2023\/wp-json\/wp\/v2\/comments?post=32"}],"version-history":[{"count":34,"href":"https:\/\/webmedia.org.br\/2023\/wp-json\/wp\/v2\/pages\/32\/revisions"}],"predecessor-version":[{"id":529,"href":"https:\/\/webmedia.org.br\/2023\/wp-json\/wp\/v2\/pages\/32\/revisions\/529"}],"wp:attachment":[{"href":"https:\/\/webmedia.org.br\/2023\/wp-json\/wp\/v2\/media?parent=32"}],"curies":[{"name":"wp","href":"https:\/\/api.w.org\/{rel}","templated":true}]}}