{"id":24,"date":"2023-03-11T20:57:33","date_gmt":"2023-03-11T23:57:33","guid":{"rendered":"https:\/\/webmedia.org.br\/2023\/?page_id=24"},"modified":"2023-09-27T08:49:30","modified_gmt":"2023-09-27T11:49:30","slug":"local","status":"publish","type":"page","link":"https:\/\/webmedia.org.br\/2023\/local\/","title":{"rendered":"Local do Evento"},"content":{"rendered":"\n<p>Faculdade de Direito de Ribeir\u00e3o Preto<br>Av. Bandeirantes, 3900 &#8211; Monte Alegre &#8211; Ribeir\u00e3o Preto &#8211; SP &#8211; CEP 14040-906.<br>Campus USP &#8211; Rua Prof. Aymar Baptista Prado, 835<br>+55 16 3315.0115 &#8211; dirfdrp@usp.br<\/p>\n\n\n\n<iframe src=\"https:\/\/www.google.com\/maps\/embed?pb=!1m18!1m12!1m3!1d3720.6537752809472!2d-47.84864412517418!3d-21.16617248051768!2m3!1f0!2f0!3f0!3m2!1i1024!2i768!4f13.1!3m3!1m2!1s0x94b9bddeeab254f5%3A0x919ca4b538569ded!2sFaculdade%20de%20Direito%20de%20Ribeir%C3%A3o%20Preto%20da%20Universidade%20de%20S%C3%A3o%20Paulo%20(FDRP-USP)!5e0!3m2!1spt-BR!2sbr!4v1691418216860!5m2!1spt-BR!2sbr\" width=\"600\" height=\"450\" style=\"border:0;\" allowfullscreen=\"\" loading=\"lazy\" referrerpolicy=\"no-referrer-when-downgrade\"><\/iframe>\n\n\n\n<h4 class=\"wp-block-heading\">Sobre o campus USP de Ribeir\u00e3o Preto<\/h4>\n\n\n\n<p>O campus de Ribeir\u00e3o Preto est\u00e1 localizado a 313 quil\u00f4metros da capital. Suas primeiras edifica\u00e7\u00f5es, constru\u00eddas no in\u00edcio da d\u00e9cada de 1940 na antiga Fazenda Monte Alegre, ocorreram nas terras expropriadas para constru\u00e7\u00e3o da \u201cEscola Pr\u00e1tica de Agricultura\u201d (EPA), por a\u00e7\u00e3o do interventor Fernando Costa, formado pela Escola Superior de Agricultura Luiz de Queiroz ESALQ-USP.<\/p>\n\n\n\n<figure class=\"wp-block-image size-full\"><img loading=\"lazy\" decoding=\"async\" width=\"923\" height=\"200\" src=\"https:\/\/webmedia.org.br\/2023\/wp-content\/uploads\/2023\/08\/campus5.jpg\" alt=\"\" class=\"wp-image-739\" srcset=\"https:\/\/webmedia.org.br\/2023\/wp-content\/uploads\/2023\/08\/campus5.jpg 923w, https:\/\/webmedia.org.br\/2023\/wp-content\/uploads\/2023\/08\/campus5-300x65.jpg 300w, https:\/\/webmedia.org.br\/2023\/wp-content\/uploads\/2023\/08\/campus5-768x166.jpg 768w, https:\/\/webmedia.org.br\/2023\/wp-content\/uploads\/2023\/08\/campus5-230x50.jpg 230w, https:\/\/webmedia.org.br\/2023\/wp-content\/uploads\/2023\/08\/campus5-350x76.jpg 350w, https:\/\/webmedia.org.br\/2023\/wp-content\/uploads\/2023\/08\/campus5-480x104.jpg 480w\" sizes=\"auto, (max-width: 923px) 100vw, 923px\" \/><\/figure>\n\n\n\n<p>Em meio ao processo de redemocratiza\u00e7\u00e3o do pa\u00eds (1945-1964), a escola deixa de existir para dar espa\u00e7o, no in\u00edcio da d\u00e9cada de 1950, \u00e0 Faculdade de Medicina de Ribeir\u00e3o Preto (FMRP) e seus anexos, a Escola de Enfermagem de Ribeir\u00e3o Preto (EERP) e o Centro de Sa\u00fade.<\/p>\n\n\n\n<figure class=\"wp-block-image size-full\"><img loading=\"lazy\" decoding=\"async\" width=\"920\" height=\"200\" src=\"https:\/\/webmedia.org.br\/2023\/wp-content\/uploads\/2023\/08\/campus3.jpg\" alt=\"\" class=\"wp-image-738\" srcset=\"https:\/\/webmedia.org.br\/2023\/wp-content\/uploads\/2023\/08\/campus3.jpg 920w, https:\/\/webmedia.org.br\/2023\/wp-content\/uploads\/2023\/08\/campus3-300x65.jpg 300w, https:\/\/webmedia.org.br\/2023\/wp-content\/uploads\/2023\/08\/campus3-768x167.jpg 768w, https:\/\/webmedia.org.br\/2023\/wp-content\/uploads\/2023\/08\/campus3-230x50.jpg 230w, https:\/\/webmedia.org.br\/2023\/wp-content\/uploads\/2023\/08\/campus3-350x76.jpg 350w, https:\/\/webmedia.org.br\/2023\/wp-content\/uploads\/2023\/08\/campus3-480x104.jpg 480w\" sizes=\"auto, (max-width: 920px) 100vw, 920px\" \/><\/figure>\n\n\n<div class=\"wp-block-image\">\n<figure class=\"alignleft size-large is-resized\"><img loading=\"lazy\" decoding=\"async\" src=\"https:\/\/webmedia.org.br\/2023\/wp-content\/uploads\/2023\/08\/foto-RP-flores-edited.png\" alt=\"\" class=\"wp-image-737\" style=\"width:304px;height:228px\" width=\"304\" height=\"228\" srcset=\"https:\/\/webmedia.org.br\/2023\/wp-content\/uploads\/2023\/08\/foto-RP-flores-edited.png 1293w, https:\/\/webmedia.org.br\/2023\/wp-content\/uploads\/2023\/08\/foto-RP-flores-edited-300x225.png 300w, https:\/\/webmedia.org.br\/2023\/wp-content\/uploads\/2023\/08\/foto-RP-flores-edited-1024x768.png 1024w, https:\/\/webmedia.org.br\/2023\/wp-content\/uploads\/2023\/08\/foto-RP-flores-edited-768x576.png 768w, https:\/\/webmedia.org.br\/2023\/wp-content\/uploads\/2023\/08\/foto-RP-flores-edited-1000x750.png 1000w, https:\/\/webmedia.org.br\/2023\/wp-content\/uploads\/2023\/08\/foto-RP-flores-edited-230x173.png 230w, https:\/\/webmedia.org.br\/2023\/wp-content\/uploads\/2023\/08\/foto-RP-flores-edited-350x263.png 350w, https:\/\/webmedia.org.br\/2023\/wp-content\/uploads\/2023\/08\/foto-RP-flores-edited-480x360.png 480w\" sizes=\"auto, (max-width: 304px) 100vw, 304px\" \/><\/figure>\n<\/div>\n\n\n<p>Atualmente, o campus conta com uma comunidade interna de mais de mil e oitocentos servidores t\u00e9cnico-administrativos, quase mil docentes e cerca de catorze mil discentes. S\u00e3o 8 Unidades de Ensino (Faculdade de Ci\u00eancias Farmac\u00eauticas \u2013 FCFRP; Faculdade de Direito \u2013 FDRP; Faculdade de Economia, Administra\u00e7\u00e3o e Contabilidade \u2013 FEARP; Faculdade de Educa\u00e7\u00e3o F\u00edsica e Esporte \u2013 EEFERP; Faculdade de Enfermagem \u2013 EERP; Faculdade de Filosofia, Ci\u00eancias e Letras \u2013 FFCLRP; Faculdade de Medicina \u2013 FMRP; e Faculdade de Odontologia \u2013 FORP) com 27 cursos de gradua\u00e7\u00e3o e, variados programas de p\u00f3s-gradua\u00e7\u00e3o, entre outras Unidades, como a Prefeitura do campus (PUSP- RP), o Hospital das Cl\u00ednicas, o Hemocentro e o Museu do Caf\u00e9.<\/p>\n\n\n\n<p><a href=\"https:\/\/webmedia.org.br\/2023\/wp-content\/uploads\/2023\/09\/mapa-campus-usp-rp.png\" target=\"_blank\" rel=\"noreferrer noopener\">Download do mapa do campus USP de Ribeir\u00e3o Preto<\/a><\/p>\n\n\n\n<p><\/p>\n","protected":false},"excerpt":{"rendered":"<p>Faculdade de Direito de Ribeir\u00e3o PretoAv. Bandeirantes, 3900 &#8211; Monte Alegre &#8211; Ribeir\u00e3o Preto &#8211; SP &#8211; CEP 14040-906.Campus USP &#8211; Rua [&hellip;]<\/p>\n","protected":false},"author":1,"featured_media":0,"parent":0,"menu_order":0,"comment_status":"closed","ping_status":"closed","template":"page-templates\/page_fullwidth.php","meta":{"footnotes":""},"class_list":["post-24","page","type-page","status-publish","hentry"],"_links":{"self":[{"href":"https:\/\/webmedia.org.br\/2023\/wp-json\/wp\/v2\/pages\/24","targetHints":{"allow":["GET"]}}],"collection":[{"href":"https:\/\/webmedia.org.br\/2023\/wp-json\/wp\/v2\/pages"}],"about":[{"href":"https:\/\/webmedia.org.br\/2023\/wp-json\/wp\/v2\/types\/page"}],"author":[{"embeddable":true,"href":"https:\/\/webmedia.org.br\/2023\/wp-json\/wp\/v2\/users\/1"}],"replies":[{"embeddable":true,"href":"https:\/\/webmedia.org.br\/2023\/wp-json\/wp\/v2\/comments?post=24"}],"version-history":[{"count":12,"href":"https:\/\/webmedia.org.br\/2023\/wp-json\/wp\/v2\/pages\/24\/revisions"}],"predecessor-version":[{"id":912,"href":"https:\/\/webmedia.org.br\/2023\/wp-json\/wp\/v2\/pages\/24\/revisions\/912"}],"wp:attachment":[{"href":"https:\/\/webmedia.org.br\/2023\/wp-json\/wp\/v2\/media?parent=24"}],"curies":[{"name":"wp","href":"https:\/\/api.w.org\/{rel}","templated":true}]}}