{"id":22,"date":"2023-03-11T20:57:04","date_gmt":"2023-03-11T23:57:04","guid":{"rendered":"https:\/\/webmedia.org.br\/2023\/?page_id=22"},"modified":"2023-12-07T09:09:13","modified_gmt":"2023-12-07T12:09:13","slug":"comite-organizador","status":"publish","type":"page","link":"https:\/\/webmedia.org.br\/2023\/comite-organizador\/","title":{"rendered":"Comit\u00ea Organizador"},"content":{"rendered":"\n<h3 class=\"wp-block-heading\">Organiza\u00e7\u00e3o Geral<\/h3>\n\n\n\n<p>Alessandra Alaniz Macedo (FFCLRP\/USP)<br>Rudinei Goularte (ICMC\/USP)<\/p>\n\n\n\n<h3 class=\"wp-block-heading\">Coordena\u00e7\u00e3o do Comit\u00ea de Programa<\/h3>\n\n\n\n<p>Celso Saibel (UFES)<br>Diego Roberto Colombo Dias (UFSJ)<br>Leonardo Chaves Dutra da Rocha (UFSJ)<\/p>\n\n\n\n<h3 class=\"wp-block-heading\">Concurso de Teses e Disserta\u00e7\u00f5es (CTD)<\/h3>\n\n\n\n<p>Jos\u00e9 Augusto Baranauskas (FFCLRP-USP)<br>Windson Viana de Carvalho (UFC)<\/p>\n\n\n\n<h3 class=\"wp-block-heading\">Concurso de Trabalhos de Inicia\u00e7\u00e3o Cient\u00edfica (CTIC)<\/h3>\n\n\n\n<p>Carlos Andr\u00e9 Guimar\u00e3es Ferraz (UFPE)<br>Cl\u00e9ver Farias (FFCLRP\/USP)<\/p>\n\n\n\n<h3 class=\"wp-block-heading\">Workshop de Ferramentas e Aplica\u00e7\u00f5es (WFA) e Pr\u00eamio LF<\/h3>\n\n\n\n<p>Paulo Mazzoncini (FMRP-USP)<br>Carlos de Salles Soares Neto (UFMA)<\/p>\n\n\n\n<h3 class=\"wp-block-heading\">Workshop Futuro da TV Digital Interativa (WTVDI)<\/h3>\n\n\n\n<p>Marcelo Ferreira Moreno (UFJF)<br>D\u00e9bora Christina Muchaluat Saade(UFF)<\/p>\n\n\n\n<h3 class=\"wp-block-heading\">Coordena\u00e7\u00e3o de Patroc\u00ednios e Contatos Institucionais<\/h3>\n\n\n\n<p>Adriano C\u00e9sar Machado Pereira (UFMG)<\/p>\n\n\n\n<h3 class=\"wp-block-heading\">Coordena\u00e7\u00e3o de Palestras e Pain\u00e9is<\/h3>\n\n\n\n<p>Mirela M. Moro (UFMG)<br>D\u00e9bora C. Muchaluat Saade (UFF)<br>Evandro Eduardo Seron Ruiz (FFCLRP-USP)<br>Cristina Godoy Bernardo de Oliveira (FDRP-USP)<br>Kamila Rios da Hora Rodrigues (ICMC-USP)<br>S\u00edlvia Am\u00e9lia Bim (UTFPR)<\/p>\n\n\n\n<h3 class=\"wp-block-heading\">Coordena\u00e7\u00e3o de Minicursos e Tutoriais<\/h3>\n\n\n\n<p>Manoel Carvalho Marques Neto (IFBA)<br>Maria da Gra\u00e7a Pimentel (ICMC\/USP)<\/p>\n\n\n\n<h3 class=\"wp-block-heading\">Coordena\u00e7\u00e3o de Competi\u00e7\u00f5es<\/h3>\n\n\n\n<p>Vin\u00edcius Fernandes Soares Mota (UFES)<br>Flavio Vinicius Diniz de Figueiredo (UFMG)<br>Humberto Torres Marques Neto (PUC Minas)<br>Felipe Ferreira (Rede Globo)<br>Let\u00edcia Figueiredo (Rede Globo)<\/p>\n\n\n\n<h3 class=\"wp-block-heading\">Coordena\u00e7\u00e3o de Publica\u00e7\u00e3o<\/h3>\n\n\n\n<p>Roberto Willrich (UFSC)<\/p>\n\n\n\n<h3 class=\"wp-block-heading\">Comiss\u00e3o de Apoio Local<\/h3>\n\n\n\n<p>Clever Ricardo Guareis de Farias (FFCLRP-USP)<br>Evandro Eduardo Seron Ruiz (FFCLRP-USP)<br>Jos\u00e9 Antonio Camacho-Guerrero (i-MedSys)<br>Jos\u00e9 Augusto Baranauskas (FFCLRP-USP)<br>Paulo Mazzoncini de Azevedo Marques (FMRP-USP)<br>Renato Tin\u00f3s (FFCLRP-USP)<\/p>\n\n\n\n<h4 class=\"wp-block-heading\">Estudantes Volunt\u00e1rios<\/h4>\n\n\n\n<p>Anast\u00e1cia de Souza Freitas<br>Bianca Rocha Nicoletti<br>Caio Uehara Martins<br>Carlos Eug\u00eanio Costa de Lima<br>Filipe Pio Magalh\u00e3es<br>Gabriel Rosa Arcangelo<br>Gustavo Bender<br>Igor Ferronato Fonseca Pio<br>Jo\u00e3o Gabriel de Oliveira Fernandes<br>Jo\u00e3o Pedro Alves Janu\u00e1rio<br>Kathley Lanna Rezende de Azevedo<br>Matheus Carlos de Oliveira Carvalho<br>Pedro Henrique da Silva Passos<br>Ra\u00fal Eduardo Sousa Garc\u00eda<br>Victor Hugo da Silva Lembor<\/p>\n\n\n\n<h3 class=\"wp-block-heading\">Comiss\u00e3o Especial Sistemas Multim\u00eddia e Web (CE-WebMedia)<\/h3>\n\n\n\n<p>Joel Andr\u00e9 Ferreira dos Santos (CEFET\/RJ)<br>Leonardo Chaves Dutra Da Rocha (UFSJ)<br>Adriano C\u00e9sar Machado Pereira (UFMG)<br>Alan Livio Vasconcelos Guedes (PUC-Rio)<br>Carlos de Salles Soares Neto (UFMA)<br>Carlos Andr\u00e9 G. Ferraz (UFPE)<br>Cezar Teixeira (UFSCAR)<br>D\u00e9bora Christina Muchaluat Saade (UFF)<br>Diego Roberto (UFSJ)<br>Eduardo Barrere (UFJF)<br>Fernando Mour\u00e3o (Seek)<br>Jonice Oliveira (UFRJ)<br>Jos\u00e9 Valdeni de Lima (UFRGS)<br>Jussara Almeida (UFMG)<br>Leyza Baldo (UTFPR)<br>Luis Fernando Gomes Soares (PUC-Rio) [<em>In Memoriam<\/em>]<br>Maria da Gra\u00e7a Campos Pimentel (USP)<br>Polyana Costa (PUC-Rio)<br>Roberto Willrich (UFSC)<br>Thiago Silva (UTFPR)<br>Valter Roesler (UFRGS)<br>Windson Viana de Carvalho (UFC)<\/p>\n\n\n\n<h3 class=\"wp-block-heading\">Comit\u00ea de Programa (artigos completos e curtos)<\/h3>\n\n\n\n<p>Adenauer Yamin (UCPEL\/UFPEL)<br>Adriano Machado Pereira (UFMG)<br>Agebson Fa\u00e7anha (IFCE)<br>Alan Guedes (UCL)<br>Alan Keller Gomes (Instituto Federal de Goi\u00e1s)<br>Alessandra Macedo (USP)<br>Allan Freitas (IFBA)<br>Ana Paula Couto da Silva (UFMG)<br>Anderson Ferreira (Universidade Federal de Ouro Preto)<br>Andr\u00e9 Santanch\u00e8 (UNICAMP)<br>Anselmo Paiva (Universidade Federal do Maranh\u00e3o)<br>Antonio Rocha (IC\/UFF)<br>Assuero Ximenes (Universidade Federal do Agreste de Pernambuco)<br>Bruno Pereira Santos (UFBA)<br>Carlos Ferraz (UFPE)<br>Carlos Soares Neto (UFMA)<br>Carlos Mauricio Figueiredo (Universidade do Estado do Amazonas)<br>Carolina Xavier (UFSJ)<br>Celso Saibel Santos (UFES)<br>Claudio Baptista (Universidade Federal de Campina Grande)<br>Clever Farias (FFCLRP\/USP)<br>Clodoveu Davis (UFMG)<br>Cristiano Costa (Universidade do Vale do Rio dos Sinos)<br>Dalvan Griebler (PUCRS)<br>Daniel da Silva (Instituto Federal Fluminense)<br>Daniel Dalip (Centro Federal de Educa\u00e7\u00e3o Tecnol\u00f3gica de Minas Gerais)<br>Daniel Lucr\u00e9dio (UFSCar)<br>Daniela Barreiro Claro (Universidade Federal da Bahia)<br>Danilo Coimbra (Universidade Federal da Bahia)<br>Darlinton Carvalho (UFSJ)<br>Debora Muchaluat-Saade (UFF)<br>Delano Beder (UFSCar)<br>Diego Colombo Dias (Universidade Federal de S\u00e3o Jo\u00e3o del-Rei)<br>Diogo Mattos (Universidade Ferderal Fluminense)<br>Emanuel Coutinho (UFC)<br>Everton Cavalcante (Universidade Federal do Rio Grande do Norte)<br>Fabio de Jesus Lima Gomes (IFPI)<br>Fabiola Souza Fernandes Pereira (Universidade Federal de Uberl\u00e2ndia)<br>Fabr\u00edcio Pereira (UNIRIO)<br>Felipe Viegas (FARFETCH)<br>Fernando Trinta (UFC)<br>Flavio Figueiredo (Universidade Federal de Minas Gerais)<br>Francisco Medeiros (Instituto Federal da Para\u00edba)<br>Frank Siqueira (UFSC)<br>Frederico Durao (Universidade Federal da Bahia)<br>Frederico Lopes (UFRN)<br>Gabriel Magno (Seek)<br>George Ghinea (Brunel University London)<br>George Teodoro (Universidade Federal de Minas Gerais)<br>Giovanni Comarela (UFES)<br>Glauber Gon\u00e7alves (UFPI)<br>Glauco Amorim (CEFET\/RJ)<br>Guilherme Lima (IBM Research)<br>Guillermo Camara-Chavez (UFOP)<br>Gustavo Guedes (CEFET\/RJ)<br>Humberto Marques (PUC Minas)<br>Ildeberto Rodello (FEARP &#8211; USP)<br>Joel dos Santos (CEFET\/RJ)<br>Jonice Oliveira (UFRJ)<br>Jorge Barbosa (Unisinos)<br>Jos\u00e9 Maria David (Universidade Federal de Juiz de Fora)<br>Jose Remo Brega (UNESP)<br>Julio C. S. Reis Universidade Federal de Vi\u00e7osa (UFV)<br>Jussara Almeida (DCC-UFMG)<br>Kamila Rodrigues (USP)<br>Kele Belloze (CEFET\/RJ)<br>Leonardo Rocha (Universidade Federal de S\u00e3o Jo\u00e3o Del Rei)<br>Lincoln David Nery e Silva (UFPB)<br>Luciana Martimiano (Universidade Estadual de Maring\u00e1)<br>Manoel Marques (Instituto Federal da Bahia)<br>Marcelo Fernandes (IESP)<br>Marcelo Guimar\u00e3es (Universidade Federal de S\u00e3o Paulo)<br>Marcelo Manzato (USP)<br>Marcelo Moreno (Universidade Federal de Juiz de Fora)<br>Marcos Gon\u00e7alves (Universidade Federal de Minas Gerais)<br>Marcos Seruffo (UFPA)<br>Maria da Graca Campos Pimentel (USP)<br>Matheus Viana (Universidade Federal de S\u00e3o Jo\u00e3o del-Rei)<br>Michele Brand\u00e3o (IFMG)<br>Mirella Moro (Universidade Federal de Minas Gerais)<br>Natalia Batista (CEFET-MG)<br>Paulo Rego (UFC)<br>Paulo Sampaio (Universidade Salvador &#8211; UNIFACs)<br>Pedro Calais (UFMG)<br>Pedro Olmo Vaz de Melo (Universidade Federal de Minas Gerais)<br>Rafael Anchi\u00eata (IFPI)<br>Raimundo Moura (Universidade Federal do Piaui)<br>Raoni Ferreira (Universidade Federal do Acre)<br>Renan Cattelan (Universidade Federal de Uberl\u00e2ndia)<br>Renata Galante (UFRGS)<br>Renato Bulc\u00e3o Neto (Universidade Federal de Goi\u00e1s)<br>Renato Fileto (UFSC)<br>Ricardo Marcacini (ICMC\/USP)<br>Roberto Nalon (Universidade Federal de Minas Gerais)<br>Roberto Willrich (UFSC)<br>Roberto Gerson Azevedo (Disney Research|Studios)<br>Rodrigo Campos Bortoletto (IFSP)<br>Rodrigo Kishi (Universidade Federal de Mato Grosso do Sul)<br>Rodrigo Santos (Microsoft)<br>Ronaldo Mello (Universidade Federal de Santa Catarina)<br>Rossana Andrade (UFC)<br>Rostand Costa (UFPB)<br>Rudinei Goularte (USP)<br>Ryan Ribeiro de Azevedo (UFAPE)<br>S\u00e9rgio Colcher (PUC-Rio)<br>Sergio Firmenich (Universidad Nacional de La Plata)<br>Silvio Guimar\u00e3es (PUC Minas)<br>Sofia Paiva (UFG)<br>Thais Vasconcelos Batista (UFRN)<br>Thiago Henrique Silva (Universidade Tecnol\u00f3gica Federal do Paran\u00e1)<br>Tiago Maritan U. de Ara\u00fajo (UFPB)<br>Tiago Trojahn (IFSP)<br>Valdecir Becker (UFPB)<br>Vinicius Durelli (Universidade Federal de S\u00e3o Jo\u00e3o del Rei)<br>Vinicius Mota (Universidade Federal do Esp\u00edrito Santo)<br>Vin\u00edcius Vieira (UFSJ)<br>Washington Luiz (UFMG)<br>Windson Viana (UFC)<br>Zenilton Kleber Patroc\u00ednio Jr (Pontif\u00edcia Universidade Cat\u00f3lica de Minas Gerais)<\/p>\n\n\n\n<h3 class=\"wp-block-heading\">Revisores adicionais<\/h3>\n\n\n\n<p><em>Em defini\u00e7\u00e3o. Em breve, novidades!<\/em><\/p>\n\n\n","protected":false},"excerpt":{"rendered":"<p>Organiza\u00e7\u00e3o Geral Alessandra Alaniz Macedo (FFCLRP\/USP)Rudinei Goularte (ICMC\/USP) Coordena\u00e7\u00e3o do Comit\u00ea de Programa Celso Saibel (UFES)Diego Roberto Colombo Dias (UFSJ)Leonardo Chaves Dutra [&hellip;]<\/p>\n","protected":false},"author":1,"featured_media":0,"parent":0,"menu_order":0,"comment_status":"closed","ping_status":"closed","template":"page-templates\/page_fullwidth.php","meta":{"footnotes":""},"class_list":["post-22","page","type-page","status-publish","hentry"],"_links":{"self":[{"href":"https:\/\/webmedia.org.br\/2023\/wp-json\/wp\/v2\/pages\/22","targetHints":{"allow":["GET"]}}],"collection":[{"href":"https:\/\/webmedia.org.br\/2023\/wp-json\/wp\/v2\/pages"}],"about":[{"href":"https:\/\/webmedia.org.br\/2023\/wp-json\/wp\/v2\/types\/page"}],"author":[{"embeddable":true,"href":"https:\/\/webmedia.org.br\/2023\/wp-json\/wp\/v2\/users\/1"}],"replies":[{"embeddable":true,"href":"https:\/\/webmedia.org.br\/2023\/wp-json\/wp\/v2\/comments?post=22"}],"version-history":[{"count":22,"href":"https:\/\/webmedia.org.br\/2023\/wp-json\/wp\/v2\/pages\/22\/revisions"}],"predecessor-version":[{"id":1066,"href":"https:\/\/webmedia.org.br\/2023\/wp-json\/wp\/v2\/pages\/22\/revisions\/1066"}],"wp:attachment":[{"href":"https:\/\/webmedia.org.br\/2023\/wp-json\/wp\/v2\/media?parent=22"}],"curies":[{"name":"wp","href":"https:\/\/api.w.org\/{rel}","templated":true}]}}