{"id":20,"date":"2023-03-11T20:56:34","date_gmt":"2023-03-11T23:56:34","guid":{"rendered":"https:\/\/webmedia.org.br\/2023\/?page_id=20"},"modified":"2023-08-24T19:12:13","modified_gmt":"2023-08-24T22:12:13","slug":"datas-importantes","status":"publish","type":"page","link":"https:\/\/webmedia.org.br\/2023\/datas-importantes\/","title":{"rendered":"Datas Importantes"},"content":{"rendered":"\n<h2 class=\"wp-block-heading\"><strong>Trilha Principal<\/strong><\/h2>\n\n\n\n<li>Registro do abstract:  <s>29 de MAIO de 2023<\/s> 12 de JUNHO de 2023<\/li>\n\n\n\n<li>Submiss\u00e3o final dos artigos:  <s>12 de JUNHO de 2023<\/s> 15 de JUNHO de 2023 (somente para os artigos j\u00e1 registrados)<\/li>\n\n\n\n<li>Notifica\u00e7\u00e3o aos autores:  07 a 11 de AGOSTO de 2023<\/li>\n\n\n\n<li>Vers\u00e3o final: <s>21 a 25 de AGOSTO de 2023<\/s> 1\u00ba de SETEMBRO de 2023<\/li>\n\n\n\n<h2 class=\"wp-block-heading\"><strong>CTD \u2013 Concurso de Teses e Disserta\u00e7\u00f5es<\/strong><\/h2>\n\n\n\n<li>Submiss\u00e3o <s>26 de JUNHO de 2023<\/s> 7 de JULHO de 2023<\/li>\n\n\n\n<li>Notifica\u00e7\u00e3o aos autores <s>7 de JULHO de 2023<\/s> <s>14 de JULHO de 2023<\/s> 18 de AGOSTO de 2023<\/li>\n\n\n\n<li>Webinar 11 de AGOSTO de 2023<\/li>\n\n\n\n<li>Vers\u00e3o Final 21 a 25 de AGOSTO de 2023<\/li>\n\n\n\n<h2 class=\"wp-block-heading\"><strong>CTIC \u2013 Concurso de Trabalhos de IC<\/strong><\/h2>\n\n\n\n<li>Data limite para submiss\u00e3o: <s>17 de JULHO de 2023<\/s>  <s>24 de JULHO de 2023<\/s>  31 de JULHO de 2023<\/li>\n\n\n\n<li>Notifica\u00e7\u00e3o aos autores: <s>11 de AGOSTO de 2023<\/s>  18 de AGOSTO de 2023<\/li>\n\n\n\n<li>Vers\u00e3o final: 25 de AGOSTO de 2023<\/li>\n\n\n\n<h2 class=\"wp-block-heading\"><strong>WFA &#8211; Workshop de Ferramentas e Aplica\u00e7\u00f5es<\/strong><\/h2>\n\n\n\n<ul class=\"wp-block-list\">\n<li>Data limite para submiss\u00e3o: <s>10 de JULHO de 2023<\/s>  24 de JULHO de 2023<\/li>\n\n\n\n<li>Notifica\u00e7\u00e3o aos autores: <s>27 de JULHO de 2023<\/s>  7 de AGOSTO de 2023<\/li>\n\n\n\n<li>Vers\u00e3o final: <s>7 a 11 de AGOSTO de 2023<\/s>  <s>14 de AGOSTO de 2023<\/s>  31 de AGOSTO de 2023<\/li>\n<\/ul>\n\n\n\n<h2 class=\"wp-block-heading\"><strong>Pr\u00eamio LF<\/strong><\/h2>\n\n\n\n<ul class=\"wp-block-list\">\n<li>Data limite para Submiss\u00e3o: <s>10 de JULHO<\/s>  <s>24 de JULHO<\/s> 14 de AGOSTO de 2023<\/li>\n\n\n\n<li>Notifica\u00e7\u00e3o aos autores: <s>27 de JULHO<\/s>  <s>7 de AGOSTO<\/s>  <s>22 de AGOSTO de 2023<\/s>  1\u00ba de SETEMBRO de 2023<\/li>\n\n\n\n<li>Vers\u00e3o Final: <s>7 a 11 de AGOSTO<\/s>  <s>14 de AGOSTO<\/s>  <s>29 de AGOSTO de 2023<\/s>  11 de SETEMBRO de 2023<\/li>\n<\/ul>\n\n\n\n<h2 class=\"wp-block-heading\"><strong>Webmedia Challenge<\/strong><\/h2>\n\n\n\n<ul class=\"wp-block-list\">\n<li>Limite para submiss\u00e3o de solu\u00e7\u00f5es: 1 de Setembro de 2023<\/li>\n\n\n\n<li>Divulga\u00e7\u00e3o das tr\u00eas melhores equipes: 15 de Setembro de 2023<\/li>\n\n\n\n<li>Apresenta\u00e7\u00f5es: durante o WebMedia entre os dias 23\/10 a 27\/10 (a confirmar)<\/li>\n\n\n\n<li>Divulga\u00e7\u00e3o do resultado final: durante o jantar de confraterniza\u00e7\u00e3o<\/li>\n<\/ul>\n\n\n\n<h2 class=\"wp-block-heading\"><strong>Workshop Futuro da TV Digital Interativa<\/strong><\/h2>\n\n\n\n<ul class=\"wp-block-list\">\n<li>Submiss\u00e3o: <s>20 de agosto de 2023<\/s> 03 de SETEMBRO de 2023<\/li>\n\n\n\n<li>Notifica\u00e7\u00e3o: <s>20 de setembro de 2023<\/s> 14 de SETEMBRO de 2023<\/li>\n\n\n\n<li>Vers\u00e3o final: <s>25 de setembro de 2023<\/s>  19 de SETEMBRO de 2023<\/li>\n\n\n\n<li>Realiza\u00e7\u00e3o do WTVDI: 23 de outubro de 2023<\/li>\n<\/ul>\n\n\n\n<h2 class=\"wp-block-heading\"><strong>Minicursos e Tutoriais<\/strong><\/h2>\n\n\n\n<ul class=\"wp-block-list\">\n<li>Registro e submiss\u00e3o: 31 de Agosto de 2023<\/li>\n\n\n\n<li>Notifica\u00e7\u00e3o aos autores: 15 de Setembro de 2023<\/li>\n\n\n\n<li>Vers\u00e3o digital do material did\u00e1tico a ser apresentado: 20 de Outubro<\/li>\n\n\n\n<li>Vers\u00e3o do texto para cap\u00edtulo de livro (opcional): 20 de Novembro<\/li>\n<\/ul>\n","protected":false},"excerpt":{"rendered":"<p>Trilha Principal CTD \u2013 Concurso de Teses e Disserta\u00e7\u00f5es CTIC \u2013 Concurso de Trabalhos de IC WFA &#8211; Workshop de Ferramentas e [&hellip;]<\/p>\n","protected":false},"author":1,"featured_media":0,"parent":0,"menu_order":0,"comment_status":"closed","ping_status":"closed","template":"page-templates\/page_fullwidth.php","meta":{"footnotes":""},"class_list":["post-20","page","type-page","status-publish","hentry"],"_links":{"self":[{"href":"https:\/\/webmedia.org.br\/2023\/wp-json\/wp\/v2\/pages\/20","targetHints":{"allow":["GET"]}}],"collection":[{"href":"https:\/\/webmedia.org.br\/2023\/wp-json\/wp\/v2\/pages"}],"about":[{"href":"https:\/\/webmedia.org.br\/2023\/wp-json\/wp\/v2\/types\/page"}],"author":[{"embeddable":true,"href":"https:\/\/webmedia.org.br\/2023\/wp-json\/wp\/v2\/users\/1"}],"replies":[{"embeddable":true,"href":"https:\/\/webmedia.org.br\/2023\/wp-json\/wp\/v2\/comments?post=20"}],"version-history":[{"count":25,"href":"https:\/\/webmedia.org.br\/2023\/wp-json\/wp\/v2\/pages\/20\/revisions"}],"predecessor-version":[{"id":788,"href":"https:\/\/webmedia.org.br\/2023\/wp-json\/wp\/v2\/pages\/20\/revisions\/788"}],"wp:attachment":[{"href":"https:\/\/webmedia.org.br\/2023\/wp-json\/wp\/v2\/media?parent=20"}],"curies":[{"name":"wp","href":"https:\/\/api.w.org\/{rel}","templated":true}]}}