{"id":184,"date":"2023-03-14T14:55:55","date_gmt":"2023-03-14T17:55:55","guid":{"rendered":"https:\/\/webmedia.org.br\/2023\/?page_id=184"},"modified":"2023-09-28T10:31:44","modified_gmt":"2023-09-28T13:31:44","slug":"programacao-ctic","status":"publish","type":"page","link":"https:\/\/webmedia.org.br\/2023\/programacao-ctic\/","title":{"rendered":"Programa\u00e7\u00e3o &#8211; CTIC &#8211; Concurso de Trabalhos de IC"},"content":{"rendered":"\n<a name=\"ctic1\"><\/a>\n\n\n\n<figure class=\"wp-block-table\"><table><tbody><tr><td colspan=\"3\"><strong>CTIC1<\/strong><\/td><\/tr><tr><td colspan=\"3\">4a-feira (25\/10), das 8:30 \u00e0s 10:30 &#8211; Local:&nbsp; C32<\/td><\/tr><tr><td colspan=\"3\">Chair: Carlos Ferraz<\/td><\/tr><tr><td>8:30-9:10<\/td><td>Tile-based Maps Optimization for OM Virtual Environments<\/td><td>Bernardo Costa (CEFET\/RJ), Nicolas Nery (CEFET\/RJ), Pedro Henrique Gonzalez (CEFET\/RJ), Windson Viana (UFC), Joel dos Santos (CEFET\/RJ)<\/td><\/tr><tr><td>9:10-9:50<\/td><td>Avalia\u00e7\u00e3o de Transpar\u00eancia de Portais de Ecossistemas de Software Utilizando Ferramentas de An\u00e1lise de Experi\u00eancia de Desenvolvedor<\/td><td>Thiago de Moura Parracho (UNIRIO), Rodrigo Oliveira Zacarias (UNIRIO &amp; UFF), Rodrigo Pereira dos Santos (UNIRIO)<\/td><\/tr><tr><td>9:50-10:30<\/td><td>Text-to-Image Generation Tools: A Survey and NSFW Content Analysis<\/td><td>Erick L. Figueiredo (UFV), Daniel L. Fernandes (UFV), Julio C. S. Reis (UFV)<\/td><\/tr><\/tbody><\/table><\/figure>\n\n\n\n<a name=\"ctic2\"><\/a>\n\n\n\n<figure class=\"wp-block-table\"><table><tbody><tr><td colspan=\"3\"><strong>CTIC2<\/strong><\/td><\/tr><tr><td colspan=\"3\">4a-feira (25\/10), das 14:00 \u00e0s 16:00 &#8211; Local:&nbsp; C32<\/td><\/tr><tr><td colspan=\"3\">Chair: Clever Farias<\/td><\/tr><tr><td>14:00-15:00<\/td><td>Testes com usu\u00e1rios para an\u00e1lise de emo\u00e7\u00f5es em conte\u00fados audiovisuais utilizando EEG e eye tracking<\/td><td>Felipe Melo Feliciano de S\u00e1 (UFPB), Daniel de Queiroz Cavalcanti (UFPB), Valdecir Becker (UFPB)<\/td><\/tr><tr><td>15:00-16:00<\/td><td>Caracteriza\u00e7\u00e3o de Grupos Pol\u00edticos no Telegram Durante a Elei\u00e7\u00e3o Presidencial de 2022<\/td><td>Johnny Sarafim Pinto (UTFPR)<\/td><\/tr><\/tbody><\/table><\/figure>\n","protected":false},"excerpt":{"rendered":"<p>CTIC1 4a-feira (25\/10), das 8:30 \u00e0s 10:30 &#8211; Local:&nbsp; C32 Chair: Carlos Ferraz 8:30-9:10 Tile-based Maps Optimization for OM Virtual Environments Bernardo [&hellip;]<\/p>\n","protected":false},"author":1,"featured_media":0,"parent":0,"menu_order":0,"comment_status":"closed","ping_status":"closed","template":"page-templates\/page_fullwidth.php","meta":{"footnotes":""},"class_list":["post-184","page","type-page","status-publish","hentry"],"_links":{"self":[{"href":"https:\/\/webmedia.org.br\/2023\/wp-json\/wp\/v2\/pages\/184","targetHints":{"allow":["GET"]}}],"collection":[{"href":"https:\/\/webmedia.org.br\/2023\/wp-json\/wp\/v2\/pages"}],"about":[{"href":"https:\/\/webmedia.org.br\/2023\/wp-json\/wp\/v2\/types\/page"}],"author":[{"embeddable":true,"href":"https:\/\/webmedia.org.br\/2023\/wp-json\/wp\/v2\/users\/1"}],"replies":[{"embeddable":true,"href":"https:\/\/webmedia.org.br\/2023\/wp-json\/wp\/v2\/comments?post=184"}],"version-history":[{"count":6,"href":"https:\/\/webmedia.org.br\/2023\/wp-json\/wp\/v2\/pages\/184\/revisions"}],"predecessor-version":[{"id":989,"href":"https:\/\/webmedia.org.br\/2023\/wp-json\/wp\/v2\/pages\/184\/revisions\/989"}],"wp:attachment":[{"href":"https:\/\/webmedia.org.br\/2023\/wp-json\/wp\/v2\/media?parent=184"}],"curies":[{"name":"wp","href":"https:\/\/api.w.org\/{rel}","templated":true}]}}