{"id":182,"date":"2023-03-14T14:55:03","date_gmt":"2023-03-14T17:55:03","guid":{"rendered":"https:\/\/webmedia.org.br\/2023\/?page_id=182"},"modified":"2023-10-09T10:26:36","modified_gmt":"2023-10-09T13:26:36","slug":"programacao-ctd","status":"publish","type":"page","link":"https:\/\/webmedia.org.br\/2023\/programacao-ctd\/","title":{"rendered":"Programa\u00e7\u00e3o &#8211; CTD &#8211; Concurso de Teses e Disserta\u00e7\u00f5es"},"content":{"rendered":"\n<a name=\"ctd1\"><\/a>\n\n\n\n<figure class=\"wp-block-table\"><table><tbody><tr><td colspan=\"3\"><strong>CTD1 &#8211; Concurso de Mestrado<\/strong><\/td><\/tr><tr><td colspan=\"3\">5a-feira (26\/10), das 8:30 \u00e0s 10:30 &#8211; Local:&nbsp; C32<\/td><\/tr><tr><td colspan=\"3\">Chair: Jos\u00e9 Augusto Baranauskas<\/td><\/tr><tr><td>8:30-8:50<\/td><td>Text Representation through Multimodal Variational Autoencoder for One-Class Learning<\/td><td>Marcos G\u00f4lo (University of S\u00e3o Paulo), Ricardo Marcacini (ICMC\/USP)<\/td><\/tr><tr><td>8:50-9:10<\/td><td>Indu\u00e7\u00e3o de \u00c1rvore de Decis\u00e3o utilizando Meta-Aprendizado<\/td><td>Caique Augusto Ferreira (Universidade de S\u00e3o Paulo), Jos\u00e9 Augusto Baranauskas (Universidade de S\u00e3o Paulo)<\/td><\/tr><tr><td>9:10-9:30<\/td><td>Embedding Propagation over Heterogeneous Information Networks<\/td><td>Paulo Ricardo Viviurka do Carmo (Leipzig University of Applied Sciences), Ricardo Marcacini (ICMC\/USP)<\/td><\/tr><tr><td>9:30-9:50<\/td><td>EvaML e EvaSIM: Proposta de Linguagem Baseada em XML e Simulador para o Rob\u00f4 EVA<\/td><td>Marcelo Rocha (Universidade Federal Fluminense), D\u00e9bora Muchaluat-Saade (UFF)<\/td><\/tr><tr><td>9:50-10:10<\/td><td>Thoth: An intelligent model for assisting individuals with suicidal ideation<\/td><td>Wesllei Heckler (Unisinos), Juliano Varella de Carvalho (Universidade Feevale), Jorge Barbosa (Unisinos)<\/td><\/tr><\/tbody><\/table><\/figure>\n\n\n\n<a name=\"ctd2\"><\/a>\n\n\n\n<figure class=\"wp-block-table\"><table><tbody><tr><td colspan=\"3\"><strong>CTD2 &#8211; Concurso de Doutorado<\/strong><\/td><\/tr><tr><td colspan=\"3\">5a-feira (26\/10), das 14:00 \u00e0s 16:00 &#8211; Local:&nbsp; C32<\/td><\/tr><tr><td colspan=\"3\">Chair: Windson<\/td><\/tr><tr><td>14:00-14:30<\/td><td>Gamifica\u00e7\u00e3o Narrativa para Engajamento e Personaliza\u00e7\u00e3o: Redefinindo a Experi\u00eancia do Aprendizado Digital<\/td><td>Paula Palomino (Universidade Federal de Alagoas), Seiji Isotani (Universidade de S\u00e3o Paulo)<\/td><\/tr><tr><td>14:30-15:00<\/td><td>Modeling and Analyzing Collective Behavior Captured by Many-to-Many Networks<\/td><td>Carlos Ferreira (Universidade Federal de Ouro Preto), Marco Mellia (Politecnico di Torino), Jussara Almeida (DCC-UFMG)<\/td><\/tr><tr><td>15:00-15:30<\/td><td>Usable privacy: from grounded models to new guidelines and heuristics<\/td><td>Andr\u00e9 de Lima Salgado (Universidade Federal de Lavras), Renata Fortes (ICMC-USP)<\/td><\/tr><tr><td>15:30-16:00<\/td><td>Predicting mobility patterns based on profiles of social media users: tourists case study<\/td><td>Helen Senefonte (UEL), Thiago Henrique Silva (Universidade Tecnol\u00f3gica Federal do Paran\u00e1), Ricardo L\u00fcders (UTFPR)<\/td><\/tr><\/tbody><\/table><\/figure>\n","protected":false},"excerpt":{"rendered":"<p>CTD1 &#8211; Concurso de Mestrado 5a-feira (26\/10), das 8:30 \u00e0s 10:30 &#8211; Local:&nbsp; C32 Chair: Jos\u00e9 Augusto Baranauskas 8:30-8:50 Text Representation through [&hellip;]<\/p>\n","protected":false},"author":1,"featured_media":0,"parent":0,"menu_order":0,"comment_status":"closed","ping_status":"closed","template":"page-templates\/page_fullwidth.php","meta":{"footnotes":""},"class_list":["post-182","page","type-page","status-publish","hentry"],"_links":{"self":[{"href":"https:\/\/webmedia.org.br\/2023\/wp-json\/wp\/v2\/pages\/182","targetHints":{"allow":["GET"]}}],"collection":[{"href":"https:\/\/webmedia.org.br\/2023\/wp-json\/wp\/v2\/pages"}],"about":[{"href":"https:\/\/webmedia.org.br\/2023\/wp-json\/wp\/v2\/types\/page"}],"author":[{"embeddable":true,"href":"https:\/\/webmedia.org.br\/2023\/wp-json\/wp\/v2\/users\/1"}],"replies":[{"embeddable":true,"href":"https:\/\/webmedia.org.br\/2023\/wp-json\/wp\/v2\/comments?post=182"}],"version-history":[{"count":8,"href":"https:\/\/webmedia.org.br\/2023\/wp-json\/wp\/v2\/pages\/182\/revisions"}],"predecessor-version":[{"id":993,"href":"https:\/\/webmedia.org.br\/2023\/wp-json\/wp\/v2\/pages\/182\/revisions\/993"}],"wp:attachment":[{"href":"https:\/\/webmedia.org.br\/2023\/wp-json\/wp\/v2\/media?parent=182"}],"curies":[{"name":"wp","href":"https:\/\/api.w.org\/{rel}","templated":true}]}}