{"id":18,"date":"2023-03-11T20:55:54","date_gmt":"2023-03-11T23:55:54","guid":{"rendered":"https:\/\/webmedia.org.br\/2023\/?page_id=18"},"modified":"2023-07-17T09:54:02","modified_gmt":"2023-07-17T12:54:02","slug":"sobre-webmedia-2023","status":"publish","type":"page","link":"https:\/\/webmedia.org.br\/2023\/sobre-webmedia-2023\/","title":{"rendered":"Sobre o WebMedia 2023"},"content":{"rendered":"<div class=\"wp-block-image\">\n<figure class=\"alignleft size-large is-resized\"><img loading=\"lazy\" decoding=\"async\" src=\"https:\/\/webmedia.org.br\/2023\/wp-content\/uploads\/2023\/06\/IMG_5074_79-1024x474.jpg\" alt=\"\" class=\"wp-image-532\" width=\"392\" height=\"181\" srcset=\"https:\/\/webmedia.org.br\/2023\/wp-content\/uploads\/2023\/06\/IMG_5074_79-1024x474.jpg 1024w, https:\/\/webmedia.org.br\/2023\/wp-content\/uploads\/2023\/06\/IMG_5074_79-300x139.jpg 300w, https:\/\/webmedia.org.br\/2023\/wp-content\/uploads\/2023\/06\/IMG_5074_79-768x355.jpg 768w, https:\/\/webmedia.org.br\/2023\/wp-content\/uploads\/2023\/06\/IMG_5074_79-1536x711.jpg 1536w, https:\/\/webmedia.org.br\/2023\/wp-content\/uploads\/2023\/06\/IMG_5074_79-2048x948.jpg 2048w, https:\/\/webmedia.org.br\/2023\/wp-content\/uploads\/2023\/06\/IMG_5074_79-1000x463.jpg 1000w, https:\/\/webmedia.org.br\/2023\/wp-content\/uploads\/2023\/06\/IMG_5074_79-230x106.jpg 230w, https:\/\/webmedia.org.br\/2023\/wp-content\/uploads\/2023\/06\/IMG_5074_79-350x162.jpg 350w, https:\/\/webmedia.org.br\/2023\/wp-content\/uploads\/2023\/06\/IMG_5074_79-480x222.jpg 480w\" sizes=\"auto, (max-width: 392px) 100vw, 392px\" \/><\/figure>\n<\/div>\n\n\n<p>O XXIX Simp\u00f3sio Brasileiro de Sistemas Multim\u00eddia e Web (WebMedia) ser\u00e1 presencial e ter\u00e1 como sede a cidade de Ribeir\u00e3o Preto\/SP, ocorrendo durante o per\u00edodo de 23 a 27 de Outubro de 2023.<br><br>O WebMedia \u00e9 um evento tradicional, tendo sua primeira edi\u00e7\u00e3o em 1995. Desde ent\u00e3o, transformou-se no mais importante f\u00f3rum de debates para pesquisadores e profissionais das \u00e1reas de Multim\u00eddia, Hiperm\u00eddia e Web no Brasil.<\/p>\n\n\n<div class=\"wp-block-image\">\n<figure class=\"alignright size-full\"><img loading=\"lazy\" decoding=\"async\" width=\"259\" height=\"194\" src=\"https:\/\/webmedia.org.br\/2023\/wp-content\/uploads\/2023\/06\/museu_cafe.jpg\" alt=\"\" class=\"wp-image-563\" srcset=\"https:\/\/webmedia.org.br\/2023\/wp-content\/uploads\/2023\/06\/museu_cafe.jpg 259w, https:\/\/webmedia.org.br\/2023\/wp-content\/uploads\/2023\/06\/museu_cafe-230x172.jpg 230w\" sizes=\"auto, (max-width: 259px) 100vw, 259px\" \/><\/figure>\n<\/div>\n\n\n<p>Al\u00e9m disso, contribui no aprendizado propiciado a alunos de programas de gradua\u00e7\u00e3o e p\u00f3s-gradua\u00e7\u00e3o vindos de v\u00e1rias partes do pa\u00eds. O objetivo principal do XXIX WebMedia 2023 \u00e9 integrar a comunidade cient\u00edfica (que desenvolve atividades em universidades, centros de pesquisa e desenvolvimento), bem como empresas, no \u00e2mbito das \u00e1reas de multim\u00eddia e de tecnologias Web. Este objetivo tem sido alcan\u00e7ado ao longo dos anos por meio do oferecimento de um f\u00f3rum privilegiado para o debate sobre os principais avan\u00e7os realizados nas \u00e1reas de interesse, bem como para a troca de informa\u00e7\u00f5es entre participantes.  Al\u00e9m disso, viabiliza-se tamb\u00e9m a atualiza\u00e7\u00e3o dos participantes por meio de tutoriais, minicursos e palestras nacionais e internacionais com nomes expoentes da academia e da ind\u00fastria. <br><\/p>\n\n\n<div class=\"wp-block-image\">\n<figure class=\"alignleft size-large is-resized\"><img loading=\"lazy\" decoding=\"async\" src=\"https:\/\/webmedia.org.br\/2023\/wp-content\/uploads\/2023\/06\/IMG_7005-edited-1024x768.jpg\" alt=\"\" class=\"wp-image-551\" width=\"260\" height=\"194\" srcset=\"https:\/\/webmedia.org.br\/2023\/wp-content\/uploads\/2023\/06\/IMG_7005-edited-1024x768.jpg 1024w, https:\/\/webmedia.org.br\/2023\/wp-content\/uploads\/2023\/06\/IMG_7005-edited-300x225.jpg 300w, https:\/\/webmedia.org.br\/2023\/wp-content\/uploads\/2023\/06\/IMG_7005-edited-768x576.jpg 768w, https:\/\/webmedia.org.br\/2023\/wp-content\/uploads\/2023\/06\/IMG_7005-edited-1536x1152.jpg 1536w, https:\/\/webmedia.org.br\/2023\/wp-content\/uploads\/2023\/06\/IMG_7005-edited-2048x1535.jpg 2048w, https:\/\/webmedia.org.br\/2023\/wp-content\/uploads\/2023\/06\/IMG_7005-edited-1000x750.jpg 1000w, https:\/\/webmedia.org.br\/2023\/wp-content\/uploads\/2023\/06\/IMG_7005-edited-230x172.jpg 230w, https:\/\/webmedia.org.br\/2023\/wp-content\/uploads\/2023\/06\/IMG_7005-edited-350x262.jpg 350w, https:\/\/webmedia.org.br\/2023\/wp-content\/uploads\/2023\/06\/IMG_7005-edited-480x360.jpg 480w\" sizes=\"auto, (max-width: 260px) 100vw, 260px\" \/><\/figure>\n<\/div>\n\n\n<p>Visando fomentar ainda mais esse debate e troca de informa\u00e7\u00f5es, tamb\u00e9m ser\u00e3o realizados o Concurso de Teses e Disserta\u00e7\u00f5es (CTD), o Workshop de Ferramentas e Aplica\u00e7\u00f5es (WFA) e o Concurso de Trabalhos<br>de Inicia\u00e7\u00e3o Cient\u00edfica (CTIC). O WebMedia 2023 contar\u00e1 com um painel empresarial que, junto com o WFA, pretende fomentar a intera\u00e7\u00e3o academia\/ind\u00fastria na promo\u00e7\u00e3o da inova\u00e7\u00e3o. Al\u00e9m disso, com foco no campo Social, o pr\u00eamio LF ir\u00e1 premiar os melhores trabalhos de professores e estudantes de Tecnologia da Informa\u00e7\u00e3o e Comunica\u00e7\u00e3o (TIC) envolvidos em projetos de inova\u00e7\u00e3o que tenham impacto social e contribuam para melhoria da sociedade.<\/p>\n\n\n<div class=\"wp-block-image\">\n<figure class=\"alignright size-full is-resized\"><img loading=\"lazy\" decoding=\"async\" src=\"https:\/\/webmedia.org.br\/2023\/wp-content\/uploads\/2023\/06\/Rib_noite.jpg\" alt=\"\" class=\"wp-image-564\" width=\"311\" height=\"206\" srcset=\"https:\/\/webmedia.org.br\/2023\/wp-content\/uploads\/2023\/06\/Rib_noite.jpg 1024w, https:\/\/webmedia.org.br\/2023\/wp-content\/uploads\/2023\/06\/Rib_noite-300x200.jpg 300w, https:\/\/webmedia.org.br\/2023\/wp-content\/uploads\/2023\/06\/Rib_noite-768x512.jpg 768w, https:\/\/webmedia.org.br\/2023\/wp-content\/uploads\/2023\/06\/Rib_noite-1000x667.jpg 1000w, https:\/\/webmedia.org.br\/2023\/wp-content\/uploads\/2023\/06\/Rib_noite-230x153.jpg 230w, https:\/\/webmedia.org.br\/2023\/wp-content\/uploads\/2023\/06\/Rib_noite-350x233.jpg 350w, https:\/\/webmedia.org.br\/2023\/wp-content\/uploads\/2023\/06\/Rib_noite-480x320.jpg 480w\" sizes=\"auto, (max-width: 311px) 100vw, 311px\" \/><\/figure>\n<\/div>\n\n\n<p>Desde 2022, para refor\u00e7ar ainda mais os objetivos, o evento possui uma competi\u00e7\u00e3o denominada WebMedia Challenge, a qual visa identificar solu\u00e7\u00f5es inovadoras para problemas reais da ind\u00fastria.<br><br>A organiza\u00e7\u00e3o do WebMedia 2023 est\u00e1 sob a responsabilidade conjunta da Faculdade de Filosofia, Ci\u00eancias e Letras (USP) e do Instituto de Ci\u00eancias Matem\u00e1ticas e de Computa\u00e7\u00e3o (USP). Se voc\u00ea tem alguma d\u00favida, por favor contate-nos: <a rel=\"noreferrer noopener\" href=\"mailto:webmedia2023@gmail.com\" target=\"_blank\">webmedia2023@gmail.com<\/a>. <\/p>\n\n\n\n<p>Esperamos encontrar voc\u00eas em Ribeir\u00e3o!<\/p>\n\n\n\n<h5 class=\"wp-block-heading\">OPORTUNIDADE PARA PESQUISADORES DO ESTADO DE S\u00c3O PAULO<\/h5>\n\n\n\n<p>Existe possibilidade de financiamento (passagens e di\u00e1rias) para pesquisadores do estado de S\u00e3o Paulo via apoio coletivo da FAPESP. Os interessados devem contactar diretamente a organiza\u00e7\u00e3o geral do evento via o endere\u00e7o de email: <a href=\"mailto:webmedia2023@gmail.com\" target=\"_blank\" rel=\"noreferrer noopener\">webmedia2023@gmail.com<\/a>.<\/p>\n\n\n\n<p><em>(Fotos: Divulga\u00e7\u00e3o\/Internet)<\/em><\/p>\n","protected":false},"excerpt":{"rendered":"<p>O XXIX Simp\u00f3sio Brasileiro de Sistemas Multim\u00eddia e Web (WebMedia) ser\u00e1 presencial e ter\u00e1 como sede a cidade de Ribeir\u00e3o Preto\/SP, ocorrendo [&hellip;]<\/p>\n","protected":false},"author":1,"featured_media":0,"parent":0,"menu_order":0,"comment_status":"closed","ping_status":"closed","template":"page-templates\/page_fullwidth.php","meta":{"footnotes":""},"class_list":["post-18","page","type-page","status-publish","hentry"],"_links":{"self":[{"href":"https:\/\/webmedia.org.br\/2023\/wp-json\/wp\/v2\/pages\/18","targetHints":{"allow":["GET"]}}],"collection":[{"href":"https:\/\/webmedia.org.br\/2023\/wp-json\/wp\/v2\/pages"}],"about":[{"href":"https:\/\/webmedia.org.br\/2023\/wp-json\/wp\/v2\/types\/page"}],"author":[{"embeddable":true,"href":"https:\/\/webmedia.org.br\/2023\/wp-json\/wp\/v2\/users\/1"}],"replies":[{"embeddable":true,"href":"https:\/\/webmedia.org.br\/2023\/wp-json\/wp\/v2\/comments?post=18"}],"version-history":[{"count":22,"href":"https:\/\/webmedia.org.br\/2023\/wp-json\/wp\/v2\/pages\/18\/revisions"}],"predecessor-version":[{"id":711,"href":"https:\/\/webmedia.org.br\/2023\/wp-json\/wp\/v2\/pages\/18\/revisions\/711"}],"wp:attachment":[{"href":"https:\/\/webmedia.org.br\/2023\/wp-json\/wp\/v2\/media?parent=18"}],"curies":[{"name":"wp","href":"https:\/\/api.w.org\/{rel}","templated":true}]}}