{"id":622,"date":"2022-03-09T17:40:21","date_gmt":"2022-03-09T20:40:21","guid":{"rendered":"https:\/\/webmedia.org.br\/2022\/?page_id=622"},"modified":"2022-10-29T18:49:50","modified_gmt":"2022-10-29T21:49:50","slug":"sobre-o-webmedia-2022","status":"publish","type":"page","link":"https:\/\/webmedia.org.br\/2022\/sobre-o-webmedia-2022\/","title":{"rendered":"Sobre o WebMedia 2022"},"content":{"rendered":"\t\t<div data-elementor-type=\"wp-page\" data-elementor-id=\"622\" class=\"elementor elementor-622\">\n\t\t\t\t\t\t\t\t\t<section class=\"elementor-section elementor-top-section elementor-element elementor-element-ce90c18 elementor-section-boxed elementor-section-height-default elementor-section-height-default\" data-id=\"ce90c18\" data-element_type=\"section\" data-settings=\"{&quot;background_background&quot;:&quot;gradient&quot;}\">\n\t\t\t\t\t\t<div class=\"elementor-container elementor-column-gap-default\">\n\t\t\t\t\t<div class=\"elementor-column elementor-col-100 elementor-top-column elementor-element elementor-element-e3d17a3\" data-id=\"e3d17a3\" data-element_type=\"column\">\n\t\t\t<div class=\"elementor-widget-wrap elementor-element-populated\">\n\t\t\t\t\t\t\t\t<div class=\"elementor-element elementor-element-34f34b0 elementor-widget elementor-widget-heading\" data-id=\"34f34b0\" data-element_type=\"widget\" data-widget_type=\"heading.default\">\n\t\t\t\t<div class=\"elementor-widget-container\">\n\t\t\t<style>\/*! elementor - v3.6.4 - 13-04-2022 *\/\n.elementor-heading-title{padding:0;margin:0;line-height:1}.elementor-widget-heading .elementor-heading-title[class*=elementor-size-]>a{color:inherit;font-size:inherit;line-height:inherit}.elementor-widget-heading .elementor-heading-title.elementor-size-small{font-size:15px}.elementor-widget-heading .elementor-heading-title.elementor-size-medium{font-size:19px}.elementor-widget-heading .elementor-heading-title.elementor-size-large{font-size:29px}.elementor-widget-heading .elementor-heading-title.elementor-size-xl{font-size:39px}.elementor-widget-heading .elementor-heading-title.elementor-size-xxl{font-size:59px}<\/style><h2 class=\"elementor-heading-title elementor-size-default\">WebMedia 2022<\/h2>\t\t<\/div>\n\t\t\t\t<\/div>\n\t\t\t\t\t<\/div>\n\t\t<\/div>\n\t\t\t\t\t\t\t<\/div>\n\t\t<\/section>\n\t\t\t\t<section class=\"elementor-section elementor-top-section elementor-element elementor-element-421d999 elementor-section-content-middle elementor-section-boxed elementor-section-height-default elementor-section-height-default\" data-id=\"421d999\" data-element_type=\"section\">\n\t\t\t\t\t\t<div class=\"elementor-container elementor-column-gap-default\">\n\t\t\t\t\t<div class=\"elementor-column elementor-col-50 elementor-top-column elementor-element elementor-element-6d5da04\" data-id=\"6d5da04\" data-element_type=\"column\">\n\t\t\t<div class=\"elementor-widget-wrap elementor-element-populated\">\n\t\t\t\t\t\t\t\t<div class=\"elementor-element elementor-element-ae6c570 elementor-widget elementor-widget-text-editor\" data-id=\"ae6c570\" data-element_type=\"widget\" data-widget_type=\"text-editor.default\">\n\t\t\t\t<div class=\"elementor-widget-container\">\n\t\t\t<style>\/*! elementor - v3.6.4 - 13-04-2022 *\/\n.elementor-widget-text-editor.elementor-drop-cap-view-stacked .elementor-drop-cap{background-color:#818a91;color:#fff}.elementor-widget-text-editor.elementor-drop-cap-view-framed .elementor-drop-cap{color:#818a91;border:3px solid;background-color:transparent}.elementor-widget-text-editor:not(.elementor-drop-cap-view-default) .elementor-drop-cap{margin-top:8px}.elementor-widget-text-editor:not(.elementor-drop-cap-view-default) .elementor-drop-cap-letter{width:1em;height:1em}.elementor-widget-text-editor .elementor-drop-cap{float:left;text-align:center;line-height:1;font-size:50px}.elementor-widget-text-editor .elementor-drop-cap-letter{display:inline-block}<\/style>\t\t\t\t<p>O WebMedia 2022 ser\u00e1 presencial e ter\u00e1 como sede a cidade de <strong>Curitiba\/PR, <\/strong>ocorrendo durante o per\u00edodo de 07 a 11 de novembro. O evento abrigar\u00e1 as categorias j\u00e1 tradicionais:<\/p>\n<ul>\n<li>Artigos completos e artigos curtos<\/li>\n<li>Workshop de Ferramentas e Aplica\u00e7\u00f5es<\/li>\n<li>Concurso de Teses e Disserta\u00e7\u00f5es<\/li>\n<li>Concurso de Trabalhos de Inicia\u00e7\u00e3o Cient\u00edfica<\/li>\n<li>Palestras de pesquisadores convidados<\/li>\n<li>Minicursos<\/li>\n<li>Pain\u00e9is<\/li><li>WebMedia Challenge<\/li><li>Webmedia4All<\/li>\n<\/ul>\n<p>Al\u00e9m disso, o Webmedia 2022 ter\u00e1 como novidade uma competi\u00e7\u00e3o, onde equipes ir\u00e3o buscar solu\u00e7\u00f5es para um problema proposto pela ind\u00fastria. I<span style=\"color: var(--sydney-text-color);\">nova tamb\u00e9m com uma chamada para submiss\u00e3o de tutoriais, uma excelente oportunidade para oferecer informa\u00e7\u00e3o em t\u00f3picos recentes ministrados por pesquisadores iniciantes ou experientes.<\/span><\/p>\n<p>A organiza\u00e7\u00e3o do WebMedia 2022 est\u00e1 sob a responsabilidade da <a href=\"https:\/\/utfpr.edu.br\/\">Universidade Tecnol\u00f3gica Federal do Paran\u00e1<\/a> (UTFPR).&nbsp;<span style=\"color: var(--sydney-text-color);\">Se voc\u00ea tem alguma d\u00favida, por favor contate-nos: webmedia2022@gmail.com.&nbsp;<\/span><span style=\"color: var(--sydney-text-color);\">Esperamos encontrar todos e todas voc\u00eas em Curitiba!<\/span><\/p>\t\t\t\t\t\t<\/div>\n\t\t\t\t<\/div>\n\t\t\t\t\t<\/div>\n\t\t<\/div>\n\t\t\t\t<div class=\"elementor-column elementor-col-50 elementor-top-column elementor-element elementor-element-efa03cc\" data-id=\"efa03cc\" data-element_type=\"column\">\n\t\t\t<div class=\"elementor-widget-wrap elementor-element-populated\">\n\t\t\t\t\t\t\t\t<div class=\"elementor-element elementor-element-96613eb elementor-widget elementor-widget-image\" data-id=\"96613eb\" data-element_type=\"widget\" data-widget_type=\"image.default\">\n\t\t\t\t<div class=\"elementor-widget-container\">\n\t\t\t<style>\/*! elementor - v3.6.4 - 13-04-2022 *\/\n.elementor-widget-image{text-align:center}.elementor-widget-image a{display:inline-block}.elementor-widget-image a img[src$=\".svg\"]{width:48px}.elementor-widget-image img{vertical-align:middle;display:inline-block}<\/style>\t\t\t\t\t\t\t\t\t\t\t\t<img loading=\"lazy\" decoding=\"async\" width=\"819\" height=\"1024\" src=\"https:\/\/webmedia.org.br\/2022\/wp-content\/uploads\/2022\/03\/webmedia-cwb-819x1024.jpeg\" class=\"attachment-large size-large\" alt=\"\" srcset=\"https:\/\/webmedia.org.br\/2022\/wp-content\/uploads\/2022\/03\/webmedia-cwb-819x1024.jpeg 819w, https:\/\/webmedia.org.br\/2022\/wp-content\/uploads\/2022\/03\/webmedia-cwb-240x300.jpeg 240w, https:\/\/webmedia.org.br\/2022\/wp-content\/uploads\/2022\/03\/webmedia-cwb-768x960.jpeg 768w, https:\/\/webmedia.org.br\/2022\/wp-content\/uploads\/2022\/03\/webmedia-cwb-1229x1536.jpeg 1229w, https:\/\/webmedia.org.br\/2022\/wp-content\/uploads\/2022\/03\/webmedia-cwb-920x1150.jpeg 920w, https:\/\/webmedia.org.br\/2022\/wp-content\/uploads\/2022\/03\/webmedia-cwb-230x288.jpeg 230w, https:\/\/webmedia.org.br\/2022\/wp-content\/uploads\/2022\/03\/webmedia-cwb-350x438.jpeg 350w, https:\/\/webmedia.org.br\/2022\/wp-content\/uploads\/2022\/03\/webmedia-cwb-480x600.jpeg 480w, https:\/\/webmedia.org.br\/2022\/wp-content\/uploads\/2022\/03\/webmedia-cwb.jpeg 1280w\" sizes=\"auto, (max-width: 819px) 100vw, 819px\" \/>\t\t\t\t\t\t\t\t\t\t\t\t\t\t\t<\/div>\n\t\t\t\t<\/div>\n\t\t\t\t\t<\/div>\n\t\t<\/div>\n\t\t\t\t\t\t\t<\/div>\n\t\t<\/section>\n\t\t\t\t<section class=\"elementor-section elementor-top-section elementor-element elementor-element-d16f8d0 elementor-section-boxed elementor-section-height-default elementor-section-height-default\" data-id=\"d16f8d0\" data-element_type=\"section\">\n\t\t\t\t\t\t<div class=\"elementor-container elementor-column-gap-default\">\n\t\t\t\t\t<div class=\"elementor-column elementor-col-100 elementor-top-column elementor-element elementor-element-a7f9ffb\" data-id=\"a7f9ffb\" data-element_type=\"column\">\n\t\t\t<div class=\"elementor-widget-wrap\">\n\t\t\t\t\t\t\t\t\t<\/div>\n\t\t<\/div>\n\t\t\t\t\t\t\t<\/div>\n\t\t<\/section>\n\t\t\t\t<section class=\"elementor-section elementor-top-section elementor-element elementor-element-85c3006 elementor-section-boxed elementor-section-height-default elementor-section-height-default\" data-id=\"85c3006\" data-element_type=\"section\">\n\t\t\t\t\t\t<div class=\"elementor-container elementor-column-gap-default\">\n\t\t\t\t\t<div class=\"elementor-column elementor-col-50 elementor-top-column elementor-element elementor-element-62a2b5e\" data-id=\"62a2b5e\" data-element_type=\"column\">\n\t\t\t<div class=\"elementor-widget-wrap elementor-element-populated\">\n\t\t\t\t\t\t\t\t<div class=\"elementor-element elementor-element-46b1834 elementor-widget elementor-widget-text-editor\" data-id=\"46b1834\" data-element_type=\"widget\" data-widget_type=\"text-editor.default\">\n\t\t\t\t<div class=\"elementor-widget-container\">\n\t\t\t\t\t\t\t<h2>Local do Evento<\/h2><p>O evento ser\u00e1 realizado no <strong>audit\u00f3rio da UTFPR Curitiba &#8211; Campus Central<\/strong>:<\/p><ul><li>Av. Sete de Setembro, 3165 &#8211; Rebou\u00e7as, 80230-901<\/li><\/ul><div>\u00a0<\/div><div>\u00a0O mapa ao lado mostra o local do evento, bem como as v\u00e1rias entradas do Campus.<\/div><div>\u00a0<\/div>\t\t\t\t\t\t<\/div>\n\t\t\t\t<\/div>\n\t\t\t\t\t<\/div>\n\t\t<\/div>\n\t\t\t\t<div class=\"elementor-column elementor-col-50 elementor-top-column elementor-element elementor-element-9227676\" data-id=\"9227676\" data-element_type=\"column\">\n\t\t\t<div class=\"elementor-widget-wrap elementor-element-populated\">\n\t\t\t\t\t\t\t\t<div class=\"elementor-element elementor-element-ded9741 elementor-widget elementor-widget-image\" data-id=\"ded9741\" data-element_type=\"widget\" data-widget_type=\"image.default\">\n\t\t\t\t<div class=\"elementor-widget-container\">\n\t\t\t\t\t\t\t\t\t\t\t\t\t\t\t<img loading=\"lazy\" decoding=\"async\" width=\"768\" height=\"401\" src=\"https:\/\/webmedia.org.br\/2022\/wp-content\/uploads\/2022\/10\/mapa-768x401.png\" class=\"attachment-medium_large size-medium_large\" alt=\"\" srcset=\"https:\/\/webmedia.org.br\/2022\/wp-content\/uploads\/2022\/10\/mapa-768x401.png 768w, https:\/\/webmedia.org.br\/2022\/wp-content\/uploads\/2022\/10\/mapa-300x157.png 300w, https:\/\/webmedia.org.br\/2022\/wp-content\/uploads\/2022\/10\/mapa-230x120.png 230w, https:\/\/webmedia.org.br\/2022\/wp-content\/uploads\/2022\/10\/mapa-350x183.png 350w, https:\/\/webmedia.org.br\/2022\/wp-content\/uploads\/2022\/10\/mapa-480x250.png 480w, https:\/\/webmedia.org.br\/2022\/wp-content\/uploads\/2022\/10\/mapa.png 828w\" sizes=\"auto, (max-width: 768px) 100vw, 768px\" \/>\t\t\t\t\t\t\t\t\t\t\t\t\t\t\t<\/div>\n\t\t\t\t<\/div>\n\t\t\t\t\t<\/div>\n\t\t<\/div>\n\t\t\t\t\t\t\t<\/div>\n\t\t<\/section>\n\t\t\t\t\t\t\t<\/div>\n\t\t","protected":false},"excerpt":{"rendered":"<p>WebMedia 2022 O WebMedia 2022 ser\u00e1 presencial e ter\u00e1 como sede a [&hellip;]<\/p>\n","protected":false},"author":1,"featured_media":0,"parent":0,"menu_order":0,"comment_status":"closed","ping_status":"closed","template":"elementor_header_footer","meta":{"footnotes":""},"class_list":["post-622","page","type-page","status-publish","hentry"],"_links":{"self":[{"href":"https:\/\/webmedia.org.br\/2022\/wp-json\/wp\/v2\/pages\/622","targetHints":{"allow":["GET"]}}],"collection":[{"href":"https:\/\/webmedia.org.br\/2022\/wp-json\/wp\/v2\/pages"}],"about":[{"href":"https:\/\/webmedia.org.br\/2022\/wp-json\/wp\/v2\/types\/page"}],"author":[{"embeddable":true,"href":"https:\/\/webmedia.org.br\/2022\/wp-json\/wp\/v2\/users\/1"}],"replies":[{"embeddable":true,"href":"https:\/\/webmedia.org.br\/2022\/wp-json\/wp\/v2\/comments?post=622"}],"version-history":[{"count":82,"href":"https:\/\/webmedia.org.br\/2022\/wp-json\/wp\/v2\/pages\/622\/revisions"}],"predecessor-version":[{"id":4066,"href":"https:\/\/webmedia.org.br\/2022\/wp-json\/wp\/v2\/pages\/622\/revisions\/4066"}],"wp:attachment":[{"href":"https:\/\/webmedia.org.br\/2022\/wp-json\/wp\/v2\/media?parent=622"}],"curies":[{"name":"wp","href":"https:\/\/api.w.org\/{rel}","templated":true}]}}