{"id":1002,"date":"2022-03-14T15:44:38","date_gmt":"2022-03-14T18:44:38","guid":{"rendered":"https:\/\/webmedia.org.br\/2022\/?page_id=1002"},"modified":"2022-09-05T20:26:12","modified_gmt":"2022-09-05T23:26:12","slug":"trabalhos-aceitos","status":"publish","type":"page","link":"https:\/\/webmedia.org.br\/2022\/trabalhos-aceitos\/","title":{"rendered":"Trabalhos aceitos: instru\u00e7\u00f5es"},"content":{"rendered":"\t\t<div data-elementor-type=\"wp-page\" data-elementor-id=\"1002\" class=\"elementor elementor-1002\">\n\t\t\t\t\t\t\t\t\t<section class=\"elementor-section elementor-top-section elementor-element elementor-element-ce90c18 elementor-section-boxed elementor-section-height-default elementor-section-height-default\" data-id=\"ce90c18\" data-element_type=\"section\" data-settings=\"{&quot;background_background&quot;:&quot;gradient&quot;}\">\n\t\t\t\t\t\t<div class=\"elementor-container elementor-column-gap-default\">\n\t\t\t\t\t<div class=\"elementor-column elementor-col-100 elementor-top-column elementor-element elementor-element-e3d17a3\" data-id=\"e3d17a3\" data-element_type=\"column\">\n\t\t\t<div class=\"elementor-widget-wrap elementor-element-populated\">\n\t\t\t\t\t\t\t\t<div class=\"elementor-element elementor-element-34f34b0 elementor-widget elementor-widget-heading\" data-id=\"34f34b0\" data-element_type=\"widget\" data-widget_type=\"heading.default\">\n\t\t\t\t<div class=\"elementor-widget-container\">\n\t\t\t<style>\/*! elementor - v3.6.4 - 13-04-2022 *\/\n.elementor-heading-title{padding:0;margin:0;line-height:1}.elementor-widget-heading .elementor-heading-title[class*=elementor-size-]>a{color:inherit;font-size:inherit;line-height:inherit}.elementor-widget-heading .elementor-heading-title.elementor-size-small{font-size:15px}.elementor-widget-heading .elementor-heading-title.elementor-size-medium{font-size:19px}.elementor-widget-heading .elementor-heading-title.elementor-size-large{font-size:29px}.elementor-widget-heading .elementor-heading-title.elementor-size-xl{font-size:39px}.elementor-widget-heading .elementor-heading-title.elementor-size-xxl{font-size:59px}<\/style><h2 class=\"elementor-heading-title elementor-size-default\">Trabalhos Aceitos: Instru\u00e7\u00f5es<\/h2>\t\t<\/div>\n\t\t\t\t<\/div>\n\t\t\t\t\t<\/div>\n\t\t<\/div>\n\t\t\t\t\t\t\t<\/div>\n\t\t<\/section>\n\t\t\t\t<section class=\"elementor-section elementor-top-section elementor-element elementor-element-758b7c3 elementor-section-content-middle elementor-section-boxed elementor-section-height-default elementor-section-height-default\" data-id=\"758b7c3\" data-element_type=\"section\">\n\t\t\t\t\t\t<div class=\"elementor-container elementor-column-gap-default\">\n\t\t\t\t\t<div class=\"elementor-column elementor-col-100 elementor-top-column elementor-element elementor-element-2f506a0\" data-id=\"2f506a0\" data-element_type=\"column\">\n\t\t\t<div class=\"elementor-widget-wrap elementor-element-populated\">\n\t\t\t\t\t\t\t\t<div class=\"elementor-element elementor-element-dedcdb0 elementor-widget elementor-widget-heading\" data-id=\"dedcdb0\" data-element_type=\"widget\" data-widget_type=\"heading.default\">\n\t\t\t\t<div class=\"elementor-widget-container\">\n\t\t\t<h2 class=\"elementor-heading-title elementor-size-default\">Instru\u00e7\u00f5es para envio das vers\u00f5es finais dos artigos para WFA, Pr\u00eamio LF, CTD e CTIC<\/h2>\t\t<\/div>\n\t\t\t\t<\/div>\n\t\t\t\t<div class=\"elementor-element elementor-element-edbe9c3 elementor-widget elementor-widget-text-editor\" data-id=\"edbe9c3\" data-element_type=\"widget\" data-widget_type=\"text-editor.default\">\n\t\t\t\t<div class=\"elementor-widget-container\">\n\t\t\t<style>\/*! elementor - v3.6.4 - 13-04-2022 *\/\n.elementor-widget-text-editor.elementor-drop-cap-view-stacked .elementor-drop-cap{background-color:#818a91;color:#fff}.elementor-widget-text-editor.elementor-drop-cap-view-framed .elementor-drop-cap{color:#818a91;border:3px solid;background-color:transparent}.elementor-widget-text-editor:not(.elementor-drop-cap-view-default) .elementor-drop-cap{margin-top:8px}.elementor-widget-text-editor:not(.elementor-drop-cap-view-default) .elementor-drop-cap-letter{width:1em;height:1em}.elementor-widget-text-editor .elementor-drop-cap{float:left;text-align:center;line-height:1;font-size:50px}.elementor-widget-text-editor .elementor-drop-cap-letter{display:inline-block}<\/style>\t\t\t\t<p>\u00c9 necess\u00e1rio preparar a vers\u00e3o final usando os templates dispon\u00edveis nas respectivas chamadas de trabalhos:<\/p>\n<ul>\n<li><a href=\"https:\/\/webmedia.org.br\/2022\/ctd-concurso-de-teses-e-dissertacoes\/\">Concurso de Teses e Disserta\u00e7\u00f5es<\/a> &nbsp;<\/li>\n<li><a href=\"https:\/\/webmedia.org.br\/2022\/ctic-concurso-de-trabalhos-de-ic\/\">Concurso de Trabalhos de Inicia\u00e7\u00e3o Cient\u00edfica<\/a><\/li>\n<li><a href=\"https:\/\/webmedia.org.br\/2022\/wfa-workshop-de-ferramentas-e-aplicacoes\/\">Workshop de Ferramentas e Aplica\u00e7\u00f5es<\/a><\/li>\n<\/ul>\n<p>Tamb\u00e9m \u00e9 necess\u00e1rio preencher e enviar em conjunto os seguintes documentos (em pdf):<\/p>\n<ul>\n<li><a href=\"https:\/\/docs.google.com\/document\/d\/1ugAVTnr6J0PYnhXfyAlbxRp5rZACXKqoYkxQs3KMxLI\/edit?usp=sharing\">o Contrato de Cess\u00e3o de Direitos Autorais SBC (WebMedia2022)<\/a><\/li>\n<li><a href=\"https:\/\/docs.google.com\/document\/d\/1oMPjNr_xWo9m9ED2ZTWPAYKEe_USx4lcXcIZKH_jOS8\/edit?usp=sharing\">o Termo de Autoriza\u00e7\u00e3o de Uso de Imagem, Voz e respectiva Cess\u00e3o de Direitos SBC (WebMedia 2022)<\/a><\/li>\n<\/ul>\n<p>Obs.: os links d\u00e3o acesso a um documento compartilhado apenas para leitura. Para edi\u00e7\u00e3o, crie uma c\u00f3pia local ou ent\u00e3o fa\u00e7a o download do arquivo .doc.&nbsp;<\/p>\n<p>Para entrega da vers\u00e3o final e dos termos \u00e9 necess\u00e1rio acessar o sistema de submiss\u00e3o JEMS de seu workshop e realizar o upload dos arquivos.<\/p>\n<p><span style=\"text-decoration: underline;\"><strong>Outras informa\u00e7\u00f5es importantes<\/strong><\/span><\/p>\n<ul>\n<li>Ao menos um autor deve estar inscrito no evento&nbsp;<span style=\"font-weight: 600;\">at\u00e9 10 de Outubro<\/span>&nbsp;(e apresentar presencialmente o trabalho no evento)<\/li>\n<li>Fique atento \u00e0s datas limite para envio da vers\u00e3o final (consulte a p\u00e1gina espec\u00edfica de cada chamada)<\/li>\n<\/ul>\n<p>Sobre a formata\u00e7\u00e3o dos trabalhos, observar:<\/p>\n<ul>\n<li>O artigo pode ser escrito em ingl\u00eas ou portugu\u00eas. No caso de artigos escritos em portugu\u00eas, \u00e9 necess\u00e1rio incluir um \u201cabstract\u201d e \u201ckeywords\u201d em ingl\u00eas.<\/li>\n<li>O artigo n\u00e3o poder\u00e1 conter \u201cresumo\u201d e \u201cpalavras-chave\u201d em portugu\u00eas;<\/li>\n<li>O artigo n\u00e3o pode conter a se\u00e7\u00e3o CSS Concepts do template ACM;<\/li>\n<li>As p\u00e1ginas do artigo n\u00e3o podem ser numeradas;<\/li>\n<li>O tamanho das p\u00e1ginas do artigo \u00e9 Carta (21,59 cm x 27,94 cm);<\/li>\n<li>No lugar da \u00e1rea de Licen\u00e7a da ACM, o artigo dever\u00e1 conter informa\u00e7\u00f5es de publica\u00e7\u00e3o, conforme os templates disponibilizados.<\/li>\n<li>Para usu\u00e1rios do Word, \u00e9 necess\u00e1rio instalar os Fontes ACM (em C:\\Windows\\Fonts) para que seja utilizada as fontes adotados nos anais (e disponibilizadas junto com o template do seu workshop)<\/li>\n<\/ul>\t\t\t\t\t\t<\/div>\n\t\t\t\t<\/div>\n\t\t\t\t\t<\/div>\n\t\t<\/div>\n\t\t\t\t\t\t\t<\/div>\n\t\t<\/section>\n\t\t\t\t<section class=\"elementor-section elementor-top-section elementor-element elementor-element-855aafb elementor-section-boxed elementor-section-height-default elementor-section-height-default\" data-id=\"855aafb\" data-element_type=\"section\">\n\t\t\t\t\t\t<div class=\"elementor-container elementor-column-gap-default\">\n\t\t\t\t\t<div class=\"elementor-column elementor-col-100 elementor-top-column elementor-element elementor-element-31f9304\" data-id=\"31f9304\" data-element_type=\"column\">\n\t\t\t<div class=\"elementor-widget-wrap elementor-element-populated\">\n\t\t\t\t\t\t\t\t<div class=\"elementor-element elementor-element-1b00f1d elementor-widget elementor-widget-spacer\" data-id=\"1b00f1d\" data-element_type=\"widget\" data-widget_type=\"spacer.default\">\n\t\t\t\t<div class=\"elementor-widget-container\">\n\t\t\t<style>\/*! elementor - v3.6.4 - 13-04-2022 *\/\n.e-container.e-container--row .elementor-spacer-inner{width:var(--spacer-size)}.e-container.e-container--column .elementor-spacer-inner,.elementor-column .elementor-spacer-inner{height:var(--spacer-size)}<\/style>\t\t<div class=\"elementor-spacer\">\n\t\t\t<div class=\"elementor-spacer-inner\"><\/div>\n\t\t<\/div>\n\t\t\t\t<\/div>\n\t\t\t\t<\/div>\n\t\t\t\t\t<\/div>\n\t\t<\/div>\n\t\t\t\t\t\t\t<\/div>\n\t\t<\/section>\n\t\t\t\t<section class=\"elementor-section elementor-top-section elementor-element elementor-element-53b3184 elementor-section-content-middle elementor-section-boxed elementor-section-height-default elementor-section-height-default\" data-id=\"53b3184\" data-element_type=\"section\">\n\t\t\t\t\t\t<div class=\"elementor-container elementor-column-gap-default\">\n\t\t\t\t\t<div class=\"elementor-column elementor-col-100 elementor-top-column elementor-element elementor-element-6155648\" data-id=\"6155648\" data-element_type=\"column\">\n\t\t\t<div class=\"elementor-widget-wrap elementor-element-populated\">\n\t\t\t\t\t\t\t\t<div class=\"elementor-element elementor-element-7e6ea11 elementor-widget elementor-widget-heading\" data-id=\"7e6ea11\" data-element_type=\"widget\" data-widget_type=\"heading.default\">\n\t\t\t\t<div class=\"elementor-widget-container\">\n\t\t\t<h2 class=\"elementor-heading-title elementor-size-default\">Instru\u00e7\u00f5es para envio das vers\u00f5es finais dos artigos completos e curtos (exclusivo trilha principal)<\/h2>\t\t<\/div>\n\t\t\t\t<\/div>\n\t\t\t\t<div class=\"elementor-element elementor-element-5ba070d elementor-widget elementor-widget-text-editor\" data-id=\"5ba070d\" data-element_type=\"widget\" data-widget_type=\"text-editor.default\">\n\t\t\t\t<div class=\"elementor-widget-container\">\n\t\t\t\t\t\t\t<h6><span style=\"font-weight: 400; color: var(--sydney-text-color); font-size: 16px;\">Considere as instru\u00e7\u00f5es recebidas por e-mail. Em resumo:<\/span><\/h6><ul><li>Revise o seu artigo de forma a responder \u00e0s revis\u00f5es propostas.<\/li><li><span style=\"font-weight: 400;\">Garanta que a<\/span> vers\u00e3o revisada do seu artigo esteja limitada a 13 p\u00e1ginas para artigos completos e 6 p\u00e1ginas para artigos curtos (<span style=\"font-weight: 400;\">sem considerar as refer\u00eancias em ambos os casos)<\/span>. <span style=\"font-weight: 400;\"><strong>Aten\u00e7\u00e3o:<\/strong> o limite de p\u00e1ginas refere-se \u00e0 vers\u00e3o de revis\u00e3o, ou seja, ao arquivo gerado utilizando o comando\u00a0 \\documentclass[manuscript,<wbr \/>review,anonymous]{acmart}.<\/span><\/li><li><span style=\"font-weight: 400;\">Submeta esta vers\u00e3o de revis\u00e3o via JEMS (para que possamos conferir o limite de p\u00e1ginas), juntamente com o <\/span><a href=\"https:\/\/docs.google.com\/document\/d\/1j5Pse38cn-LC-_6XxEl21xwb6j-XH26BnwtSP9YtG0k\/edit?usp=sharing\" target=\"_blank\" rel=\"noopener\">Termo de Autoriza\u00e7\u00e3o de Uso de Imagem, Voz e Respectiva Cess\u00e3o de Direitos<\/a>.<\/li><li>Ap\u00f3s completar as instru\u00e7\u00f5es recebidas por e-mail para preenchimento dos metadados, espere um email de <a href=\"mailto:rightsreview@acm.org\" target=\"_blank\" rel=\"noopener\">rightsreview@acm.org<\/a> (por favor confira tamb\u00e9m sua caixa de spam). O t\u00edtulo do trabalho, os nomes e a ordem dos autores, bem como suas afilia\u00e7\u00f5es devem ser exatamente as mesmas que aquelas presentes na vers\u00e3o final do artigo.<\/li><li>Ap\u00f3s completar o <em>ACM E-rights form <\/em>voc\u00ea receber\u00e1 via e-mail as informa\u00e7\u00f5es necess\u00e1rias para a prepara\u00e7\u00e3o da vers\u00e3o final (DOI, ISBN, etc).<\/li><li>Al\u00e9m disso, voc\u00ea receber\u00e1 tamb\u00e9m um e-mail da <em>The ACM Production<\/em> com a notifica\u00e7\u00e3o\u00a0 para a submiss\u00e3o do paper via TAPS.<ul><li>Lembre-se que a submiss\u00e3o da vers\u00e3o final deve seguir o <a href=\"https:\/\/www.overleaf.com\/latex\/templates\/acm-conference-proceedings-primary-article-template\/wbvnghjbzwpc\">template LaTeX da ACM<\/a> utilizando o comando \\documentclass[sigconf]{acmart} (coluna dupla). N\u00e3o se preocupe com o limite final de p\u00e1ginas neste vers\u00e3o.<\/li><li>Por favor leia: (i)\u00a0 <a href=\"https:\/\/www.acm.org\/binaries\/content\/assets\/publications\/taps\/acm_taps.pdf\" target=\"_blank\" rel=\"noopener\" data-saferedirecturl=\"https:\/\/www.google.com\/url?q=https:\/\/www.acm.org\/binaries\/content\/assets\/publications\/taps\/acm_taps.pdf&amp;source=gmail&amp;ust=1660242956966000&amp;usg=AOvVaw145txgBMUf2-_UAMBeE_ND\">as instru\u00e7\u00f5es para submiss\u00e3o do seu trabalho ao The ACM Submission System (TAPS)<\/a> e (ii) as instru\u00e7\u00f5es de formata\u00e7\u00e3o gerais recebidas por email.<\/li><\/ul><\/li><\/ul><p><strong>Outras informa\u00e7\u00f5es importantes<\/strong><\/p><ul><li>A vers\u00e3o final deve ser submetida <strong>at\u00e9 24 de Agosto.<\/strong><\/li><li>Ao menos um autor deve estar inscrito no evento <strong>at\u00e9 10 de Outubro<\/strong> (e apresentar presencialmente o trabalho no evento)<\/li><\/ul>\t\t\t\t\t\t<\/div>\n\t\t\t\t<\/div>\n\t\t\t\t\t<\/div>\n\t\t<\/div>\n\t\t\t\t\t\t\t<\/div>\n\t\t<\/section>\n\t\t\t\t<section class=\"elementor-section elementor-top-section elementor-element elementor-element-9dd367c elementor-hidden-desktop elementor-hidden-tablet elementor-hidden-mobile elementor-section-boxed elementor-section-height-default elementor-section-height-default\" data-id=\"9dd367c\" data-element_type=\"section\">\n\t\t\t\t\t\t<div class=\"elementor-container elementor-column-gap-default\">\n\t\t\t\t\t<div class=\"elementor-column elementor-col-33 elementor-top-column elementor-element elementor-element-7b7fcbb\" data-id=\"7b7fcbb\" data-element_type=\"column\">\n\t\t\t<div class=\"elementor-widget-wrap elementor-element-populated\">\n\t\t\t\t\t\t\t\t<section class=\"elementor-section elementor-inner-section elementor-element elementor-element-9a67722 elementor-section-height-min-height elementor-section-content-bottom elementor-section-boxed elementor-section-height-default\" data-id=\"9a67722\" data-element_type=\"section\">\n\t\t\t\t\t\t<div class=\"elementor-container elementor-column-gap-default\">\n\t\t\t\t\t<div class=\"elementor-column elementor-col-100 elementor-inner-column elementor-element elementor-element-7f7f253\" data-id=\"7f7f253\" data-element_type=\"column\">\n\t\t\t<div class=\"elementor-widget-wrap elementor-element-populated\">\n\t\t\t\t\t\t\t\t<div class=\"elementor-element elementor-element-f3e8d3f elementor-widget elementor-widget-heading\" data-id=\"f3e8d3f\" data-element_type=\"widget\" data-widget_type=\"heading.default\">\n\t\t\t\t<div class=\"elementor-widget-container\">\n\t\t\t<h3 class=\"elementor-heading-title elementor-size-default\">T\u00edtulo<\/h3>\t\t<\/div>\n\t\t\t\t<\/div>\n\t\t\t\t<div class=\"elementor-element elementor-element-a112ddc elementor-widget-divider--view-line elementor-widget elementor-widget-divider\" data-id=\"a112ddc\" data-element_type=\"widget\" data-widget_type=\"divider.default\">\n\t\t\t\t<div class=\"elementor-widget-container\">\n\t\t\t<style>\/*! elementor - v3.6.4 - 13-04-2022 *\/\n.elementor-widget-divider{--divider-border-style:none;--divider-border-width:1px;--divider-color:#2c2c2c;--divider-icon-size:20px;--divider-element-spacing:10px;--divider-pattern-height:24px;--divider-pattern-size:20px;--divider-pattern-url:none;--divider-pattern-repeat:repeat-x}.elementor-widget-divider .elementor-divider{display:-webkit-box;display:-ms-flexbox;display:flex}.elementor-widget-divider .elementor-divider__text{font-size:15px;line-height:1;max-width:95%}.elementor-widget-divider .elementor-divider__element{margin:0 var(--divider-element-spacing);-ms-flex-negative:0;flex-shrink:0}.elementor-widget-divider .elementor-icon{font-size:var(--divider-icon-size)}.elementor-widget-divider .elementor-divider-separator{display:-webkit-box;display:-ms-flexbox;display:flex;margin:0;direction:ltr}.elementor-widget-divider--view-line_icon .elementor-divider-separator,.elementor-widget-divider--view-line_text .elementor-divider-separator{-webkit-box-align:center;-ms-flex-align:center;align-items:center}.elementor-widget-divider--view-line_icon .elementor-divider-separator:after,.elementor-widget-divider--view-line_icon .elementor-divider-separator:before,.elementor-widget-divider--view-line_text .elementor-divider-separator:after,.elementor-widget-divider--view-line_text .elementor-divider-separator:before{display:block;content:\"\";border-bottom:0;-webkit-box-flex:1;-ms-flex-positive:1;flex-grow:1;border-top:var(--divider-border-width) var(--divider-border-style) var(--divider-color)}.elementor-widget-divider--element-align-left .elementor-divider .elementor-divider-separator>.elementor-divider__svg:first-of-type{-webkit-box-flex:0;-ms-flex-positive:0;flex-grow:0;-ms-flex-negative:100;flex-shrink:100}.elementor-widget-divider--element-align-left .elementor-divider-separator:before{content:none}.elementor-widget-divider--element-align-left .elementor-divider__element{margin-left:0}.elementor-widget-divider--element-align-right .elementor-divider .elementor-divider-separator>.elementor-divider__svg:last-of-type{-webkit-box-flex:0;-ms-flex-positive:0;flex-grow:0;-ms-flex-negative:100;flex-shrink:100}.elementor-widget-divider--element-align-right .elementor-divider-separator:after{content:none}.elementor-widget-divider--element-align-right .elementor-divider__element{margin-right:0}.elementor-widget-divider:not(.elementor-widget-divider--view-line_text):not(.elementor-widget-divider--view-line_icon) .elementor-divider-separator{border-top:var(--divider-border-width) var(--divider-border-style) var(--divider-color)}.elementor-widget-divider--separator-type-pattern{--divider-border-style:none}.elementor-widget-divider--separator-type-pattern.elementor-widget-divider--view-line .elementor-divider-separator,.elementor-widget-divider--separator-type-pattern:not(.elementor-widget-divider--view-line) .elementor-divider-separator:after,.elementor-widget-divider--separator-type-pattern:not(.elementor-widget-divider--view-line) .elementor-divider-separator:before,.elementor-widget-divider--separator-type-pattern:not([class*=elementor-widget-divider--view]) .elementor-divider-separator{width:100%;min-height:var(--divider-pattern-height);-webkit-mask-size:var(--divider-pattern-size) 100%;mask-size:var(--divider-pattern-size) 100%;-webkit-mask-repeat:var(--divider-pattern-repeat);mask-repeat:var(--divider-pattern-repeat);background-color:var(--divider-color);-webkit-mask-image:var(--divider-pattern-url);mask-image:var(--divider-pattern-url)}.elementor-widget-divider--no-spacing{--divider-pattern-size:auto}.elementor-widget-divider--bg-round{--divider-pattern-repeat:round}.rtl .elementor-widget-divider .elementor-divider__text{direction:rtl}<\/style>\t\t<div class=\"elementor-divider\">\n\t\t\t<span class=\"elementor-divider-separator\">\n\t\t\t\t\t\t<\/span>\n\t\t<\/div>\n\t\t\t\t<\/div>\n\t\t\t\t<\/div>\n\t\t\t\t\t<\/div>\n\t\t<\/div>\n\t\t\t\t\t\t\t<\/div>\n\t\t<\/section>\n\t\t\t\t\t<\/div>\n\t\t<\/div>\n\t\t\t\t<div class=\"elementor-column elementor-col-33 elementor-top-column elementor-element elementor-element-e1c53d2\" data-id=\"e1c53d2\" data-element_type=\"column\">\n\t\t\t<div class=\"elementor-widget-wrap elementor-element-populated\">\n\t\t\t\t\t\t\t\t<section class=\"elementor-section elementor-inner-section elementor-element elementor-element-2d5816b elementor-section-height-min-height elementor-section-content-bottom elementor-section-boxed elementor-section-height-default\" data-id=\"2d5816b\" data-element_type=\"section\">\n\t\t\t\t\t\t<div class=\"elementor-container elementor-column-gap-default\">\n\t\t\t\t\t<div class=\"elementor-column elementor-col-100 elementor-inner-column elementor-element elementor-element-9034c6b\" data-id=\"9034c6b\" data-element_type=\"column\">\n\t\t\t<div class=\"elementor-widget-wrap elementor-element-populated\">\n\t\t\t\t\t\t\t\t<div class=\"elementor-element elementor-element-467b01f elementor-widget elementor-widget-heading\" data-id=\"467b01f\" data-element_type=\"widget\" data-widget_type=\"heading.default\">\n\t\t\t\t<div class=\"elementor-widget-container\">\n\t\t\t<h3 class=\"elementor-heading-title elementor-size-default\">T\u00edtulo<\/h3>\t\t<\/div>\n\t\t\t\t<\/div>\n\t\t\t\t<div class=\"elementor-element elementor-element-d4c1560 elementor-widget-divider--view-line elementor-widget elementor-widget-divider\" data-id=\"d4c1560\" data-element_type=\"widget\" data-widget_type=\"divider.default\">\n\t\t\t\t<div class=\"elementor-widget-container\">\n\t\t\t\t\t<div class=\"elementor-divider\">\n\t\t\t<span class=\"elementor-divider-separator\">\n\t\t\t\t\t\t<\/span>\n\t\t<\/div>\n\t\t\t\t<\/div>\n\t\t\t\t<\/div>\n\t\t\t\t\t<\/div>\n\t\t<\/div>\n\t\t\t\t\t\t\t<\/div>\n\t\t<\/section>\n\t\t\t\t\t<\/div>\n\t\t<\/div>\n\t\t\t\t<div class=\"elementor-column elementor-col-33 elementor-top-column elementor-element elementor-element-255f2f0\" data-id=\"255f2f0\" data-element_type=\"column\">\n\t\t\t<div class=\"elementor-widget-wrap elementor-element-populated\">\n\t\t\t\t\t\t\t\t<section class=\"elementor-section elementor-inner-section elementor-element elementor-element-6370c02 elementor-section-height-min-height elementor-section-content-bottom elementor-section-boxed elementor-section-height-default\" data-id=\"6370c02\" data-element_type=\"section\">\n\t\t\t\t\t\t<div class=\"elementor-container elementor-column-gap-default\">\n\t\t\t\t\t<div class=\"elementor-column elementor-col-100 elementor-inner-column elementor-element elementor-element-cdbd951\" data-id=\"cdbd951\" data-element_type=\"column\">\n\t\t\t<div class=\"elementor-widget-wrap elementor-element-populated\">\n\t\t\t\t\t\t\t\t<div class=\"elementor-element elementor-element-fe9d46a elementor-widget elementor-widget-heading\" data-id=\"fe9d46a\" data-element_type=\"widget\" data-widget_type=\"heading.default\">\n\t\t\t\t<div class=\"elementor-widget-container\">\n\t\t\t<h3 class=\"elementor-heading-title elementor-size-default\">T\u00edtulo<\/h3>\t\t<\/div>\n\t\t\t\t<\/div>\n\t\t\t\t<div class=\"elementor-element elementor-element-a74df92 elementor-widget-divider--view-line elementor-widget elementor-widget-divider\" data-id=\"a74df92\" data-element_type=\"widget\" data-widget_type=\"divider.default\">\n\t\t\t\t<div class=\"elementor-widget-container\">\n\t\t\t\t\t<div class=\"elementor-divider\">\n\t\t\t<span class=\"elementor-divider-separator\">\n\t\t\t\t\t\t<\/span>\n\t\t<\/div>\n\t\t\t\t<\/div>\n\t\t\t\t<\/div>\n\t\t\t\t\t<\/div>\n\t\t<\/div>\n\t\t\t\t\t\t\t<\/div>\n\t\t<\/section>\n\t\t\t\t\t<\/div>\n\t\t<\/div>\n\t\t\t\t\t\t\t<\/div>\n\t\t<\/section>\n\t\t\t\t\t\t\t<\/div>\n\t\t","protected":false},"excerpt":{"rendered":"<p>Trabalhos Aceitos: Instru\u00e7\u00f5es Instru\u00e7\u00f5es para envio das vers\u00f5es finais dos artigos para [&hellip;]<\/p>\n","protected":false},"author":2,"featured_media":0,"parent":0,"menu_order":0,"comment_status":"closed","ping_status":"closed","template":"elementor_header_footer","meta":{"footnotes":""},"class_list":["post-1002","page","type-page","status-publish","hentry"],"_links":{"self":[{"href":"https:\/\/webmedia.org.br\/2022\/wp-json\/wp\/v2\/pages\/1002","targetHints":{"allow":["GET"]}}],"collection":[{"href":"https:\/\/webmedia.org.br\/2022\/wp-json\/wp\/v2\/pages"}],"about":[{"href":"https:\/\/webmedia.org.br\/2022\/wp-json\/wp\/v2\/types\/page"}],"author":[{"embeddable":true,"href":"https:\/\/webmedia.org.br\/2022\/wp-json\/wp\/v2\/users\/2"}],"replies":[{"embeddable":true,"href":"https:\/\/webmedia.org.br\/2022\/wp-json\/wp\/v2\/comments?post=1002"}],"version-history":[{"count":90,"href":"https:\/\/webmedia.org.br\/2022\/wp-json\/wp\/v2\/pages\/1002\/revisions"}],"predecessor-version":[{"id":3104,"href":"https:\/\/webmedia.org.br\/2022\/wp-json\/wp\/v2\/pages\/1002\/revisions\/3104"}],"wp:attachment":[{"href":"https:\/\/webmedia.org.br\/2022\/wp-json\/wp\/v2\/media?parent=1002"}],"curies":[{"name":"wp","href":"https:\/\/api.w.org\/{rel}","templated":true}]}}