{"id":2843,"date":"2022-08-12T19:33:18","date_gmt":"2022-08-12T22:33:18","guid":{"rendered":"https:\/\/webmedia.org.br\/2022\/location-and-accommodation\/"},"modified":"2022-10-29T18:46:37","modified_gmt":"2022-10-29T21:46:37","slug":"venue-and-accommodation","status":"publish","type":"page","link":"https:\/\/webmedia.org.br\/2022\/en\/venue-and-accommodation\/","title":{"rendered":"Event Venue and Accommodation"},"content":{"rendered":"\t\t<div data-elementor-type=\"wp-page\" data-elementor-id=\"2843\" class=\"elementor elementor-2843 elementor-2823\">\n\t\t\t\t\t\t\t\t\t<section class=\"elementor-section elementor-top-section elementor-element elementor-element-ce90c18 elementor-section-boxed elementor-section-height-default elementor-section-height-default\" data-id=\"ce90c18\" data-element_type=\"section\" data-settings=\"{&quot;background_background&quot;:&quot;gradient&quot;}\">\n\t\t\t\t\t\t<div class=\"elementor-container elementor-column-gap-default\">\n\t\t\t\t\t<div class=\"elementor-column elementor-col-100 elementor-top-column elementor-element elementor-element-e3d17a3\" data-id=\"e3d17a3\" data-element_type=\"column\">\n\t\t\t<div class=\"elementor-widget-wrap elementor-element-populated\">\n\t\t\t\t\t\t\t\t<div class=\"elementor-element elementor-element-34f34b0 elementor-widget elementor-widget-heading\" data-id=\"34f34b0\" data-element_type=\"widget\" data-widget_type=\"heading.default\">\n\t\t\t\t<div class=\"elementor-widget-container\">\n\t\t\t<style>\/*! elementor - v3.6.4 - 13-04-2022 *\/\n.elementor-heading-title{padding:0;margin:0;line-height:1}.elementor-widget-heading .elementor-heading-title[class*=elementor-size-]>a{color:inherit;font-size:inherit;line-height:inherit}.elementor-widget-heading .elementor-heading-title.elementor-size-small{font-size:15px}.elementor-widget-heading .elementor-heading-title.elementor-size-medium{font-size:19px}.elementor-widget-heading .elementor-heading-title.elementor-size-large{font-size:29px}.elementor-widget-heading .elementor-heading-title.elementor-size-xl{font-size:39px}.elementor-widget-heading .elementor-heading-title.elementor-size-xxl{font-size:59px}<\/style><h2 class=\"elementor-heading-title elementor-size-default\">Accommodation<\/h2>\t\t<\/div>\n\t\t\t\t<\/div>\n\t\t\t\t\t<\/div>\n\t\t<\/div>\n\t\t\t\t\t\t\t<\/div>\n\t\t<\/section>\n\t\t\t\t<section class=\"elementor-section elementor-top-section elementor-element elementor-element-222a0ad elementor-section-boxed elementor-section-height-default elementor-section-height-default\" data-id=\"222a0ad\" data-element_type=\"section\">\n\t\t\t\t\t\t<div class=\"elementor-container elementor-column-gap-default\">\n\t\t\t\t\t<div class=\"elementor-column elementor-col-100 elementor-top-column elementor-element elementor-element-2f8ad79\" data-id=\"2f8ad79\" data-element_type=\"column\">\n\t\t\t<div class=\"elementor-widget-wrap\">\n\t\t\t\t\t\t\t\t\t<\/div>\n\t\t<\/div>\n\t\t\t\t\t\t\t<\/div>\n\t\t<\/section>\n\t\t\t\t<section class=\"elementor-section elementor-top-section elementor-element elementor-element-c58fde0 elementor-section-content-middle elementor-section-boxed elementor-section-height-default elementor-section-height-default\" data-id=\"c58fde0\" data-element_type=\"section\">\n\t\t\t\t\t\t<div class=\"elementor-container elementor-column-gap-default\">\n\t\t\t\t\t<div class=\"elementor-column elementor-col-100 elementor-top-column elementor-element elementor-element-9254163\" data-id=\"9254163\" data-element_type=\"column\">\n\t\t\t<div class=\"elementor-widget-wrap elementor-element-populated\">\n\t\t\t\t\t\t\t\t<div class=\"elementor-element elementor-element-054f53d elementor-widget elementor-widget-text-editor\" data-id=\"054f53d\" data-element_type=\"widget\" data-widget_type=\"text-editor.default\">\n\t\t\t\t<div class=\"elementor-widget-container\">\n\t\t\t<style>\/*! elementor - v3.6.4 - 13-04-2022 *\/\n.elementor-widget-text-editor.elementor-drop-cap-view-stacked .elementor-drop-cap{background-color:#818a91;color:#fff}.elementor-widget-text-editor.elementor-drop-cap-view-framed .elementor-drop-cap{color:#818a91;border:3px solid;background-color:transparent}.elementor-widget-text-editor:not(.elementor-drop-cap-view-default) .elementor-drop-cap{margin-top:8px}.elementor-widget-text-editor:not(.elementor-drop-cap-view-default) .elementor-drop-cap-letter{width:1em;height:1em}.elementor-widget-text-editor .elementor-drop-cap{float:left;text-align:center;line-height:1;font-size:50px}.elementor-widget-text-editor .elementor-drop-cap-letter{display:inline-block}<\/style>\t\t\t\t<p>There are numerous hotels in the region (and for all budgets). Here are some recommendations.<\/p>\n<ul>\n<li>Hotel Aladdin &#8211;&nbsp; R. Louren\u00e7o Pinto, 440 (550 m)<\/li>\n<li>Hotel Nacional Inn Curitiba Esta\u00e7\u00e3o &#8211; R. Louren\u00e7o Pinto, 458 (550 m)<\/li>\n<li>Rockefeller Hotel by Slaviero Hot\u00e9is &#8211; R. Rockefeller, 11 (450 m)<\/li>\n<\/ul>\n<p>Other options:<\/p>\n<ul>\n<li>Intercity Batel Curitiba &#8211; Rua 24 de Maio, 144 (1.0 km)<\/li>\n<li>Go Inn Curitiba &#8211; Rua Desembargador Motta, 1221 (1.1 km)<\/li>\n<li>San Juan Executive &#8211; Av. Sete de Setembro, 2516 (950 m)<\/li>\n<li>Hotel Ibis Budget &#8211; <span class=\"w8qArf\">\n  &nbsp;\n<\/span><span class=\"LrzXr\">R. Mariano Torres, 927 (1.4km)<\/span>&nbsp;<\/li>\n<\/ul>\n<p><span style=\"color: var(--sydney-text-color);\">The distances above are in relation to the UTFPR auditorium.&nbsp;<\/span><\/p>\t\t\t\t\t\t<\/div>\n\t\t\t\t<\/div>\n\t\t\t\t\t<\/div>\n\t\t<\/div>\n\t\t\t\t\t\t\t<\/div>\n\t\t<\/section>\n\t\t\t\t<section class=\"elementor-section elementor-top-section elementor-element elementor-element-789b6ed elementor-section-boxed elementor-section-height-default elementor-section-height-default\" data-id=\"789b6ed\" data-element_type=\"section\">\n\t\t\t\t\t\t<div class=\"elementor-container elementor-column-gap-default\">\n\t\t\t\t\t<div class=\"elementor-column elementor-col-100 elementor-top-column elementor-element elementor-element-9850d89\" data-id=\"9850d89\" data-element_type=\"column\">\n\t\t\t<div class=\"elementor-widget-wrap elementor-element-populated\">\n\t\t\t\t\t\t\t\t<div class=\"elementor-element elementor-element-5f32b8e elementor-widget elementor-widget-spacer\" data-id=\"5f32b8e\" data-element_type=\"widget\" data-widget_type=\"spacer.default\">\n\t\t\t\t<div class=\"elementor-widget-container\">\n\t\t\t<style>\/*! elementor - v3.6.4 - 13-04-2022 *\/\n.e-container.e-container--row .elementor-spacer-inner{width:var(--spacer-size)}.e-container.e-container--column .elementor-spacer-inner,.elementor-column .elementor-spacer-inner{height:var(--spacer-size)}<\/style>\t\t<div class=\"elementor-spacer\">\n\t\t\t<div class=\"elementor-spacer-inner\"><\/div>\n\t\t<\/div>\n\t\t\t\t<\/div>\n\t\t\t\t<\/div>\n\t\t\t\t\t<\/div>\n\t\t<\/div>\n\t\t\t\t\t\t\t<\/div>\n\t\t<\/section>\n\t\t\t\t<section class=\"elementor-section elementor-top-section elementor-element elementor-element-79461dd elementor-section-boxed elementor-section-height-default elementor-section-height-default\" data-id=\"79461dd\" data-element_type=\"section\">\n\t\t\t\t\t\t<div class=\"elementor-container elementor-column-gap-default\">\n\t\t\t\t\t<div class=\"elementor-column elementor-col-50 elementor-top-column elementor-element elementor-element-471abf5\" data-id=\"471abf5\" data-element_type=\"column\">\n\t\t\t<div class=\"elementor-widget-wrap elementor-element-populated\">\n\t\t\t\t\t\t\t\t<div class=\"elementor-element elementor-element-30ed175 elementor-widget elementor-widget-text-editor\" data-id=\"30ed175\" data-element_type=\"widget\" data-widget_type=\"text-editor.default\">\n\t\t\t\t<div class=\"elementor-widget-container\">\n\t\t\t\t\t\t\t<h2>Event Location<\/h2><p>The event will be held in the <strong>auditorium of the UTFPR Curitiba &#8211; Central Campus<\/strong>:<\/p><ul><li>Av. Sete de Setembro, 3165 &#8211; Rebou\u00e7as, 80230-901<\/li><\/ul><div> <\/div><div>  The map to the right shows the venue as well as the various entrances to the campus.<\/div>\t\t\t\t\t\t<\/div>\n\t\t\t\t<\/div>\n\t\t\t\t\t<\/div>\n\t\t<\/div>\n\t\t\t\t<div class=\"elementor-column elementor-col-50 elementor-top-column elementor-element elementor-element-2c34962\" data-id=\"2c34962\" data-element_type=\"column\">\n\t\t\t<div class=\"elementor-widget-wrap elementor-element-populated\">\n\t\t\t\t\t\t\t\t<div class=\"elementor-element elementor-element-8cfd327 elementor-widget elementor-widget-image\" data-id=\"8cfd327\" data-element_type=\"widget\" data-widget_type=\"image.default\">\n\t\t\t\t<div class=\"elementor-widget-container\">\n\t\t\t<style>\/*! elementor - v3.6.4 - 13-04-2022 *\/\n.elementor-widget-image{text-align:center}.elementor-widget-image a{display:inline-block}.elementor-widget-image a img[src$=\".svg\"]{width:48px}.elementor-widget-image img{vertical-align:middle;display:inline-block}<\/style>\t\t\t\t\t\t\t\t\t\t\t\t<img loading=\"lazy\" decoding=\"async\" width=\"828\" height=\"432\" src=\"https:\/\/webmedia.org.br\/2022\/wp-content\/uploads\/2022\/10\/mapa.png\" class=\"attachment-large size-large\" alt=\"\" srcset=\"https:\/\/webmedia.org.br\/2022\/wp-content\/uploads\/2022\/10\/mapa.png 828w, https:\/\/webmedia.org.br\/2022\/wp-content\/uploads\/2022\/10\/mapa-300x157.png 300w, https:\/\/webmedia.org.br\/2022\/wp-content\/uploads\/2022\/10\/mapa-768x401.png 768w, https:\/\/webmedia.org.br\/2022\/wp-content\/uploads\/2022\/10\/mapa-230x120.png 230w, https:\/\/webmedia.org.br\/2022\/wp-content\/uploads\/2022\/10\/mapa-350x183.png 350w, https:\/\/webmedia.org.br\/2022\/wp-content\/uploads\/2022\/10\/mapa-480x250.png 480w\" sizes=\"auto, (max-width: 828px) 100vw, 828px\" \/>\t\t\t\t\t\t\t\t\t\t\t\t\t\t\t<\/div>\n\t\t\t\t<\/div>\n\t\t\t\t\t<\/div>\n\t\t<\/div>\n\t\t\t\t\t\t\t<\/div>\n\t\t<\/section>\n\t\t\t\t\t\t\t<\/div>\n\t\t","protected":false},"excerpt":{"rendered":"<p>Accommodation There are numerous hotels in the region (and for all budgets). [&hellip;]<\/p>\n","protected":false},"author":1,"featured_media":0,"parent":0,"menu_order":0,"comment_status":"closed","ping_status":"closed","template":"elementor_header_footer","meta":{"footnotes":""},"class_list":["post-2843","page","type-page","status-publish","hentry"],"_links":{"self":[{"href":"https:\/\/webmedia.org.br\/2022\/en\/wp-json\/wp\/v2\/pages\/2843","targetHints":{"allow":["GET"]}}],"collection":[{"href":"https:\/\/webmedia.org.br\/2022\/en\/wp-json\/wp\/v2\/pages"}],"about":[{"href":"https:\/\/webmedia.org.br\/2022\/en\/wp-json\/wp\/v2\/types\/page"}],"author":[{"embeddable":true,"href":"https:\/\/webmedia.org.br\/2022\/en\/wp-json\/wp\/v2\/users\/1"}],"replies":[{"embeddable":true,"href":"https:\/\/webmedia.org.br\/2022\/en\/wp-json\/wp\/v2\/comments?post=2843"}],"version-history":[{"count":11,"href":"https:\/\/webmedia.org.br\/2022\/en\/wp-json\/wp\/v2\/pages\/2843\/revisions"}],"predecessor-version":[{"id":4060,"href":"https:\/\/webmedia.org.br\/2022\/en\/wp-json\/wp\/v2\/pages\/2843\/revisions\/4060"}],"wp:attachment":[{"href":"https:\/\/webmedia.org.br\/2022\/en\/wp-json\/wp\/v2\/media?parent=2843"}],"curies":[{"name":"wp","href":"https:\/\/api.w.org\/{rel}","templated":true}]}}